{"id":954,"date":"2016-03-02T15:36:10","date_gmt":"2016-03-02T15:36:10","guid":{"rendered":"http:\/\/ecodivebali.com\/fr\/prices\/"},"modified":"2024-09-12T09:59:47","modified_gmt":"2024-09-12T09:59:47","slug":"tarifs","status":"publish","type":"page","link":"https:\/\/ecodivebali.com\/fr\/tarifs\/","title":{"rendered":"Tarifs"},"content":{"rendered":"\n<style type=\"text\/css\" data-created_by=\"avia_inline_auto\" id=\"style-css-av-av_section-5ccbc2667b32db87bec935a542d77e09\">\n.avia-section.av-av_section-5ccbc2667b32db87bec935a542d77e09 .av-parallax .av-parallax-inner{\nbackground-repeat:no-repeat;\nbackground-image:url(https:\/\/ecodivebali.com\/wp-content\/uploads\/2016\/09\/ecodive-bg-01.jpg);\nbackground-position:50% 100%;\nbackground-attachment:scroll;\n}\n.avia-section.av-av_section-5ccbc2667b32db87bec935a542d77e09 .av-section-color-overlay{\nopacity:0.2;\nbackground-color:#000000;\n}\n<\/style>\n<div id='av_section_1'  class='avia-section av-av_section-5ccbc2667b32db87bec935a542d77e09 main_color avia-section-huge avia-no-border-styling  avia-builder-el-0  el_before_av_section  avia-builder-el-first  avia-full-stretch av-parallax-section avia-bg-style-parallax av-section-color-overlay-active container_wrap sidebar_right'  data-section-bg-repeat='stretch'><div class='av-parallax' data-avia-parallax-ratio='0.3' ><div class='av-parallax-inner main_color avia-full-stretch'><\/div><\/div><div class=\"av-section-color-overlay-wrap\"><div class=\"av-section-color-overlay\"><\/div><div class='container av-section-cont-open' ><main  role=\"main\" itemprop=\"mainContentOfPage\"  class='template-page content  av-content-small alpha units'><div class='post-entry post-entry-type-page post-entry-954'><div class='entry-content-wrapper clearfix'>\n\n<style type=\"text\/css\" data-created_by=\"avia_inline_auto\" id=\"style-css-av-av_heading-278919a5db58a6d4b9cd6d86100721fd\">\n#top .av-special-heading.av-av_heading-278919a5db58a6d4b9cd6d86100721fd{\npadding-bottom:10px;\ncolor:#ffffff;\nfont-size:70px;\n}\nbody .av-special-heading.av-av_heading-278919a5db58a6d4b9cd6d86100721fd .av-special-heading-tag .heading-char{\nfont-size:25px;\n}\n#top #wrap_all .av-special-heading.av-av_heading-278919a5db58a6d4b9cd6d86100721fd .av-special-heading-tag{\nfont-size:70px;\n}\n.av-special-heading.av-av_heading-278919a5db58a6d4b9cd6d86100721fd .special-heading-inner-border{\nborder-color:#ffffff;\n}\n.av-special-heading.av-av_heading-278919a5db58a6d4b9cd6d86100721fd .av-subheading{\nfont-size:15px;\n}\n\n@media only screen and (min-width: 480px) and (max-width: 767px){ \n#top #wrap_all .av-special-heading.av-av_heading-278919a5db58a6d4b9cd6d86100721fd .av-special-heading-tag{\nfont-size:0.8em;\n}\n}\n\n@media only screen and (max-width: 479px){ \n#top #wrap_all .av-special-heading.av-av_heading-278919a5db58a6d4b9cd6d86100721fd .av-special-heading-tag{\nfont-size:0.8em;\n}\n}\n<\/style>\n<div  class='av-special-heading av-av_heading-278919a5db58a6d4b9cd6d86100721fd av-special-heading-h6 custom-color-heading blockquote modern-quote modern-centered  avia-builder-el-1  avia-builder-el-no-sibling  av-inherit-size'><h6 class='av-special-heading-tag '  itemprop=\"headline\"  >Nos Tarifs<\/h6><div class='av_custom_color av-subheading av-subheading_below'><p>Offre sp\u00e9ciale : 20% de r\u00e9duction pour un pack 10 plong\u00e9es ou plus<\/p>\n<\/div><div class=\"special-heading-border\"><div class=\"special-heading-inner-border\"><\/div><\/div><\/div>\n\n<\/div><\/div><\/main><!-- close content main element --><\/div><\/div><\/div>\n<style type=\"text\/css\" data-created_by=\"avia_inline_auto\" id=\"style-css-av-av_section-fb37fa88fbca848c7e29aff3fecdfcf1\">\n.avia-section.av-av_section-fb37fa88fbca848c7e29aff3fecdfcf1{\nbackground-color:#ffffff;\nbackground-image:unset;\n}\n<\/style>\n<div id='av_section_2'  class='avia-section av-av_section-fb37fa88fbca848c7e29aff3fecdfcf1 main_color avia-section-default avia-no-shadow  avia-builder-el-2  el_after_av_section  el_before_av_slideshow_full  avia-bg-style-scroll container_wrap sidebar_right'  ><div class='container av-section-cont-open' ><div class='template-page content  av-content-small alpha units'><div class='post-entry post-entry-type-page post-entry-954'><div class='entry-content-wrapper clearfix'>\n<div class='flex_column_table av-av_two_third-201587a3cb27360f0e7f6c88d43151c7 sc-av_two_third av-equal-height-column-flextable'>\n<style type=\"text\/css\" data-created_by=\"avia_inline_auto\" id=\"style-css-av-av_two_third-201587a3cb27360f0e7f6c88d43151c7\">\n.flex_column.av-av_two_third-201587a3cb27360f0e7f6c88d43151c7{\nborder-radius:0px 0px 0px 0px;\npadding:0px 0px 0px 0px;\n}\n<\/style>\n<div  class='flex_column av-av_two_third-201587a3cb27360f0e7f6c88d43151c7 av_two_third  avia-builder-el-3  el_before_av_one_third  avia-builder-el-first  first flex_column_table_cell av-equal-height-column av-align-top av-zero-column-padding  '     ><section  class='av_textblock_section av-lxiqies6-e9db03822a23de81b0074a92ab708bc2 '   itemscope=\"itemscope\" itemtype=\"https:\/\/schema.org\/CreativeWork\" ><div class='avia_textblock'  itemprop=\"text\" ><h2>Amed<\/h2>\n<table style=\"width: 100%;\">\n<tbody>\n<tr>\n<td style=\"width: 45%;\">Jemeluk Beach<\/td>\n<td>2 Plong\u00e9es<\/td>\n<td style=\"width: 20%; text-align: right;\">$ 75<\/td>\n<\/tr>\n<tr>\n<td>Bunutan\/Pyramids<\/td>\n<td>2 Plong\u00e9es<\/td>\n<td style=\"text-align: right;\">$ 80<\/td>\n<\/tr>\n<tr>\n<td>Gili Selang\/Epave japonaise<\/td>\n<td>2 Plong\u00e9es<\/td>\n<td style=\"text-align: right;\">$ 85<\/td>\n<\/tr>\n<\/tbody>\n<\/table>\n<h2>Tulamben<\/h2>\n<table style=\"width: 100%;\">\n<tbody>\n<tr>\n<td style=\"width: 45%;\">Epave\/tombant<\/td>\n<td>2 Plong\u00e9es<\/td>\n<td style=\"width: 20%; text-align: right;\">$ 75<\/td>\n<\/tr>\n<tr>\n<td>Kubu\/Seraya<\/td>\n<td>2 Plong\u00e9es<\/td>\n<td style=\"text-align: right;\">$ 80<\/td>\n<\/tr>\n<tr>\n<td>Batu Kelebit<\/td>\n<td>2 Plong\u00e9es<\/td>\n<td style=\"text-align: right;\">$ 85<\/td>\n<\/tr>\n<\/tbody>\n<\/table>\n<h2>Autre<\/h2>\n<table style=\"width: 100%;\">\n<tbody>\n<tr>\n<td style=\"width: 45%;\">Candi Dasa\/Padang Bai<\/td>\n<td>2 Plong\u00e9es<\/td>\n<td style=\"width: 20%; text-align: right;\">$ 125<\/td>\n<\/tr>\n<tr>\n<td>L\u2019\u00eele de Menjangan<\/td>\n<td>2 Plong\u00e9es<\/td>\n<td style=\"text-align: right;\">$ 150<\/td>\n<\/tr>\n<tr>\n<td>Nusa Penida<\/td>\n<td>2 Plong\u00e9es<\/td>\n<td style=\"text-align: right;\">$ 150<\/td>\n<\/tr>\n<\/tbody>\n<\/table>\n<h2>Formation<\/h2>\n<table style=\"width: 100%;\">\n<tbody>\n<tr>\n<td style=\"width: 45%;\">SCUBA REVIEW<\/td>\n<td>1 Jour \/ 2 Plong\u00e9es<\/td>\n<td style=\"width: 20%; text-align: right;\">$ 85<\/td>\n<\/tr>\n<tr>\n<td>DISCOVER SCUBA<\/td>\n<td>1 Jour \/ 2 Plong\u00e9es<\/td>\n<td style=\"text-align: right;\">$ 95<\/td>\n<\/tr>\n<tr>\n<td>SCUBA DIVER<\/td>\n<td>2 Jours \/ 3 Plong\u00e9es<\/td>\n<td style=\"text-align: right;\">$ 275<\/td>\n<\/tr>\n<tr>\n<td>OPEN WATER DIVER<\/td>\n<td>3 Jours \/ 5 Plong\u00e9es<\/td>\n<td style=\"text-align: right;\">$ 375<\/td>\n<\/tr>\n<tr>\n<td>ADVANCED DIVER<\/td>\n<td>2 Jours \/ 5 Plong\u00e9es<\/td>\n<td style=\"text-align: right;\">$ 325<\/td>\n<\/tr>\n<tr>\n<td>RESCUE DIVER<\/td>\n<td>2 Jours \/ 2 Plong\u00e9es<\/td>\n<td style=\"text-align: right;\">$ 350<\/td>\n<\/tr>\n<tr>\n<td>DIVEMASTER<\/td>\n<td>2-4 Semaines<\/td>\n<td style=\"text-align: right;\">$ 995<\/td>\n<\/tr>\n<tr>\n<td>INSTRUCTOR<\/td>\n<td>2-3 Semaines<\/td>\n<td style=\"text-align: right;\">$ 1995<\/td>\n<\/tr>\n<tr>\n<td>SPECIALITES<\/td>\n<td>2-4 Plong\u00e9es<\/td>\n<td style=\"text-align: right;\"><a href=\"https:\/\/ecodivebali.com\/fr\/contact\/\">Contactez nous <\/a><\/td>\n<\/tr>\n<\/tbody>\n<\/table>\n<\/div><\/section><\/div><div class='av-flex-placeholder'><\/div>\n<style type=\"text\/css\" data-created_by=\"avia_inline_auto\" id=\"style-css-av-av_one_third-0aa7055fe62c3622faec82866afbaeb2\">\n.flex_column.av-av_one_third-0aa7055fe62c3622faec82866afbaeb2{\nborder-radius:0px 0px 0px 0px;\npadding:0px 0px 0px 0px;\n}\n<\/style>\n<div  class='flex_column av-av_one_third-0aa7055fe62c3622faec82866afbaeb2 av_one_third  avia-builder-el-5  el_after_av_two_third  avia-builder-el-last  flex_column_table_cell av-equal-height-column av-align-top av-zero-column-padding  '     ><p><section  class='av_textblock_section av-av_textblock-0366cc7376be6c9e82a3e9cc8987b64f '   itemscope=\"itemscope\" itemtype=\"https:\/\/schema.org\/CreativeWork\" ><div class='avia_textblock'  itemprop=\"text\" ><p>Nos tarifs incluent le pick-up \u00e0 l\u2019h\u00f4tel \u00e0 Amed ou Tulamben, l\u2019\u00e9quipement complet, les frais de certification pour les formations et les guides ou Instructeurs.<\/p>\n<p><i>Plong\u00e9es additionnelles $25<\/i><br \/>\n<i>Plong\u00e9es de nuit $50<\/i><br \/>\n<i>Snorkeling $15<\/i><\/p>\n<\/div><\/section><br \/>\n<div  class='hr av-av_hr-a7679b751e5e840b68c12be2618d865a hr-default  avia-builder-el-7  el_after_av_textblock  el_before_av_button_big  avia-builder-el-last '><span class='hr-inner '><span class=\"hr-inner-style\"><\/span><\/span><\/div><br \/>\n<div  class='avia-button-wrap avia-button-center  avia-builder-el-8  el_after_av_hr  el_before_av_hr '>\n<style type=\"text\/css\" data-created_by=\"avia_inline_auto\" id=\"style-css-av-av_button_big-d9d19ff0dff1a64a373ddaf3cf239149\">\n#top #wrap_all .avia-button.av-av_button_big-d9d19ff0dff1a64a373ddaf3cf239149:hover{\nbackground-color:silver;\ncolor:white;\ntransition:all 0.4s ease-in-out;\n}\n#top #wrap_all .avia-button.av-av_button_big-d9d19ff0dff1a64a373ddaf3cf239149:hover .avia-svg-icon svg:first-child{\nfill:white;\nstroke:white;\n}\n<\/style>\n<a href='https:\/\/ecodive.mybookr.io\/listings' class='avia-color-theme-color avia-font-color-theme-color avia-button avia-button-fullwidth av-av_button_big-d9d19ff0dff1a64a373ddaf3cf239149 avia-icon_select-no avia-color-theme-color'  target=\"_blank\"  rel=\"noopener noreferrer\"  aria-label=\"R\u00e9servez vos plong\u00e9es aujourd\u2019hui !\"><span class='avia_iconbox_title' >R\u00e9servez vos plong\u00e9es aujourd\u2019hui !<\/span><\/a><\/div><br \/>\n<div  class='hr av-av_hr-a7679b751e5e840b68c12be2618d865a hr-default  avia-builder-el-9  el_after_av_button_big  el_before_av_textblock  avia-builder-el-first '><span class='hr-inner '><span class=\"hr-inner-style\"><\/span><\/span><\/div><br \/>\n<section  class='av_textblock_section av-av_textblock-0366cc7376be6c9e82a3e9cc8987b64f '   itemscope=\"itemscope\" itemtype=\"https:\/\/schema.org\/CreativeWork\" ><div class='avia_textblock'  itemprop=\"text\" ><p><strong>Pour plus d\u2019information sur l\u2019h\u00e9bergement, les installations, les s\u00e9jours plong\u00e9e, les formations et les safaris, contactez nous :<br \/>\n<\/strong><\/p>\n<div>Ecodive Bali<\/div>\n<div>Jemeluk Beach<\/div>\n<div>Amed, Abang Karangasem<\/div>\n<div>Bali, INDONESIA, 80852<\/div>\n<div><\/div>\n<div>email: <a href=\"mailto:info@ecodivebali.com\" target=\"_blank\" rel=\"noopener\">info@ecodivebali.com<\/a><\/div>\n<div>Tel\/Fax. (62) 363 \u2013 23482<\/div>\n<\/div><\/section><\/p><\/div><\/div><!--close column table wrapper. Autoclose: 1 --><\/div><\/div><\/div><!-- close content main div --><\/div><\/div><div id='full_slider_1'  class='avia-fullwidth-slider main_color avia-shadow   avia-builder-el-11  el_after_av_section  avia-builder-el-last   slider-not-first container_wrap sidebar_right'  ><div  class='avia-slideshow av-av_slideshow_full-d9e806ce6d670bf24453aca9e3ff90b3 avia-slideshow-no scaling av_slideshow_full avia-fade-slider av-slideshow-ui av-control-hidden av-no-slider-navigation av-hide-nav-arrows av-slideshow-manual av-loop-once av-loop-manual-endless av-default-height-applied   avia-slideshow-1' data-slideshow-options=\"{&quot;animation&quot;:&quot;fade&quot;,&quot;autoplay&quot;:false,&quot;loop_autoplay&quot;:&quot;once&quot;,&quot;interval&quot;:5,&quot;loop_manual&quot;:&quot;manual-endless&quot;,&quot;autoplay_stopper&quot;:false,&quot;noNavigation&quot;:true,&quot;bg_slider&quot;:false,&quot;keep_padding&quot;:false,&quot;hoverpause&quot;:false,&quot;show_slide_delay&quot;:0}\"  itemprop=\"image\" itemscope=\"itemscope\" itemtype=\"https:\/\/schema.org\/ImageObject\" ><ul class='avia-slideshow-inner ' style='padding-bottom: 53.333333333333%;'><li  class='avia-slideshow-slide av-av_slideshow_full-d9e806ce6d670bf24453aca9e3ff90b3__0  av-single-slide slide-1 slide-odd'><div data-rel='slideshow-1' class='avia-slide-wrap '   ><img decoding=\"async\" fetchpriority=\"high\" class=\"wp-image-804 avia-img-lazy-loading-not-804\"  src=\"https:\/\/ecodivebali.com\/wp-content\/uploads\/2016\/03\/amed-sunset.jpg\" width=\"1500\" height=\"800\" title='Amed Bali Sunset' alt='Amed Bali Sunset'  itemprop=\"thumbnailUrl\" srcset=\"https:\/\/ecodivebali.com\/wp-content\/uploads\/2016\/03\/amed-sunset.jpg 1500w, https:\/\/ecodivebali.com\/wp-content\/uploads\/2016\/03\/amed-sunset-300x160.jpg 300w, https:\/\/ecodivebali.com\/wp-content\/uploads\/2016\/03\/amed-sunset-768x410.jpg 768w, https:\/\/ecodivebali.com\/wp-content\/uploads\/2016\/03\/amed-sunset-1030x549.jpg 1030w, https:\/\/ecodivebali.com\/wp-content\/uploads\/2016\/03\/amed-sunset-705x376.jpg 705w, https:\/\/ecodivebali.com\/wp-content\/uploads\/2016\/03\/amed-sunset-450x240.jpg 450w\" sizes=\"(max-width: 1500px) 100vw, 1500px\" \/><\/div><\/li><\/ul><\/div><\/div><\/p>\n","protected":false},"excerpt":{"rendered":"","protected":false},"author":1,"featured_media":0,"parent":0,"menu_order":0,"comment_status":"closed","ping_status":"closed","template":"","meta":{"footnotes":""},"class_list":["post-954","page","type-page","status-publish","hentry"],"yoast_head":"<!-- This site is optimized with the Yoast SEO plugin v26.6 - https:\/\/yoast.com\/wordpress\/plugins\/seo\/ -->\n<title>Tarifs plong\u00e9es de Bali avec Ecodive Bali, Plong\u00e9e \u00e0 Amed Tulamben Bali<\/title>\n<meta name=\"description\" content=\"Tarifs plong\u00e9es de Bali avec Ecodive Bali. Plong\u00e9e \u00e0 Bali, Amed, Tulamben, Candidasa, Nusa Penida, Menjangan \/ Pemuteran.\" \/>\n<meta name=\"robots\" content=\"index, follow, max-snippet:-1, max-image-preview:large, max-video-preview:-1\" \/>\n<link rel=\"canonical\" href=\"https:\/\/ecodivebali.com\/fr\/tarifs\/\" \/>\n<meta property=\"og:locale\" content=\"fr_FR\" \/>\n<meta property=\"og:type\" content=\"article\" \/>\n<meta property=\"og:title\" content=\"Tarifs plong\u00e9es de Bali avec Ecodive Bali, Plong\u00e9e \u00e0 Amed Tulamben Bali\" \/>\n<meta property=\"og:description\" content=\"Tarifs plong\u00e9es de Bali avec Ecodive Bali. Plong\u00e9e \u00e0 Bali, Amed, Tulamben, Candidasa, Nusa Penida, Menjangan \/ Pemuteran.\" \/>\n<meta property=\"og:url\" content=\"https:\/\/ecodivebali.com\/fr\/tarifs\/\" \/>\n<meta property=\"og:site_name\" content=\"Ecodive Bali Diving\" \/>\n<meta property=\"article:publisher\" content=\"https:\/\/www.facebook.com\/pages\/Ecodive-Bali\/129036727173201\" \/>\n<meta property=\"article:modified_time\" content=\"2024-09-12T09:59:47+00:00\" \/>\n<meta name=\"twitter:card\" content=\"summary_large_image\" \/>\n<meta name=\"twitter:site\" content=\"@Ecodive_Bali1\" \/>\n<meta name=\"twitter:label1\" content=\"Dur\u00e9e de lecture estim\u00e9e\" \/>\n\t<meta name=\"twitter:data1\" content=\"2 minutes\" \/>\n<script type=\"application\/ld+json\" class=\"yoast-schema-graph\">{\"@context\":\"https:\/\/schema.org\",\"@graph\":[{\"@type\":\"WebPage\",\"@id\":\"https:\/\/ecodivebali.com\/fr\/tarifs\/\",\"url\":\"https:\/\/ecodivebali.com\/fr\/tarifs\/\",\"name\":\"Tarifs plong\u00e9es de Bali avec Ecodive Bali, Plong\u00e9e \u00e0 Amed Tulamben Bali\",\"isPartOf\":{\"@id\":\"https:\/\/ecodivebali.com\/fr\/#website\"},\"datePublished\":\"2016-03-02T15:36:10+00:00\",\"dateModified\":\"2024-09-12T09:59:47+00:00\",\"description\":\"Tarifs plong\u00e9es de Bali avec Ecodive Bali. Plong\u00e9e \u00e0 Bali, Amed, Tulamben, Candidasa, Nusa Penida, Menjangan \/ Pemuteran.\",\"breadcrumb\":{\"@id\":\"https:\/\/ecodivebali.com\/fr\/tarifs\/#breadcrumb\"},\"inLanguage\":\"fr-FR\",\"potentialAction\":[{\"@type\":\"ReadAction\",\"target\":[\"https:\/\/ecodivebali.com\/fr\/tarifs\/\"]}]},{\"@type\":\"BreadcrumbList\",\"@id\":\"https:\/\/ecodivebali.com\/fr\/tarifs\/#breadcrumb\",\"itemListElement\":[{\"@type\":\"ListItem\",\"position\":1,\"name\":\"Home\",\"item\":\"https:\/\/ecodivebali.com\/fr\/\"},{\"@type\":\"ListItem\",\"position\":2,\"name\":\"Tarifs\"}]},{\"@type\":\"WebSite\",\"@id\":\"https:\/\/ecodivebali.com\/fr\/#website\",\"url\":\"https:\/\/ecodivebali.com\/fr\/\",\"name\":\"Ecodive Bali Diving\",\"description\":\"PADI Bali Diving in Amed Tulamben with Ecodive Bali\",\"potentialAction\":[{\"@type\":\"SearchAction\",\"target\":{\"@type\":\"EntryPoint\",\"urlTemplate\":\"https:\/\/ecodivebali.com\/fr\/?s={search_term_string}\"},\"query-input\":{\"@type\":\"PropertyValueSpecification\",\"valueRequired\":true,\"valueName\":\"search_term_string\"}}],\"inLanguage\":\"fr-FR\"}]}<\/script>\n<!-- \/ Yoast SEO plugin. -->","yoast_head_json":{"title":"Tarifs plong\u00e9es de Bali avec Ecodive Bali, Plong\u00e9e \u00e0 Amed Tulamben Bali","description":"Tarifs plong\u00e9es de Bali avec Ecodive Bali. Plong\u00e9e \u00e0 Bali, Amed, Tulamben, Candidasa, Nusa Penida, Menjangan \/ Pemuteran.","robots":{"index":"index","follow":"follow","max-snippet":"max-snippet:-1","max-image-preview":"max-image-preview:large","max-video-preview":"max-video-preview:-1"},"canonical":"https:\/\/ecodivebali.com\/fr\/tarifs\/","og_locale":"fr_FR","og_type":"article","og_title":"Tarifs plong\u00e9es de Bali avec Ecodive Bali, Plong\u00e9e \u00e0 Amed Tulamben Bali","og_description":"Tarifs plong\u00e9es de Bali avec Ecodive Bali. Plong\u00e9e \u00e0 Bali, Amed, Tulamben, Candidasa, Nusa Penida, Menjangan \/ Pemuteran.","og_url":"https:\/\/ecodivebali.com\/fr\/tarifs\/","og_site_name":"Ecodive Bali Diving","article_publisher":"https:\/\/www.facebook.com\/pages\/Ecodive-Bali\/129036727173201","article_modified_time":"2024-09-12T09:59:47+00:00","twitter_card":"summary_large_image","twitter_site":"@Ecodive_Bali1","twitter_misc":{"Dur\u00e9e de lecture estim\u00e9e":"2 minutes"},"schema":{"@context":"https:\/\/schema.org","@graph":[{"@type":"WebPage","@id":"https:\/\/ecodivebali.com\/fr\/tarifs\/","url":"https:\/\/ecodivebali.com\/fr\/tarifs\/","name":"Tarifs plong\u00e9es de Bali avec Ecodive Bali, Plong\u00e9e \u00e0 Amed Tulamben Bali","isPartOf":{"@id":"https:\/\/ecodivebali.com\/fr\/#website"},"datePublished":"2016-03-02T15:36:10+00:00","dateModified":"2024-09-12T09:59:47+00:00","description":"Tarifs plong\u00e9es de Bali avec Ecodive Bali. Plong\u00e9e \u00e0 Bali, Amed, Tulamben, Candidasa, Nusa Penida, Menjangan \/ Pemuteran.","breadcrumb":{"@id":"https:\/\/ecodivebali.com\/fr\/tarifs\/#breadcrumb"},"inLanguage":"fr-FR","potentialAction":[{"@type":"ReadAction","target":["https:\/\/ecodivebali.com\/fr\/tarifs\/"]}]},{"@type":"BreadcrumbList","@id":"https:\/\/ecodivebali.com\/fr\/tarifs\/#breadcrumb","itemListElement":[{"@type":"ListItem","position":1,"name":"Home","item":"https:\/\/ecodivebali.com\/fr\/"},{"@type":"ListItem","position":2,"name":"Tarifs"}]},{"@type":"WebSite","@id":"https:\/\/ecodivebali.com\/fr\/#website","url":"https:\/\/ecodivebali.com\/fr\/","name":"Ecodive Bali Diving","description":"PADI Bali Diving in Amed Tulamben with Ecodive Bali","potentialAction":[{"@type":"SearchAction","target":{"@type":"EntryPoint","urlTemplate":"https:\/\/ecodivebali.com\/fr\/?s={search_term_string}"},"query-input":{"@type":"PropertyValueSpecification","valueRequired":true,"valueName":"search_term_string"}}],"inLanguage":"fr-FR"}]}},"_links":{"self":[{"href":"https:\/\/ecodivebali.com\/fr\/wp-json\/wp\/v2\/pages\/954","targetHints":{"allow":["GET"]}}],"collection":[{"href":"https:\/\/ecodivebali.com\/fr\/wp-json\/wp\/v2\/pages"}],"about":[{"href":"https:\/\/ecodivebali.com\/fr\/wp-json\/wp\/v2\/types\/page"}],"author":[{"embeddable":true,"href":"https:\/\/ecodivebali.com\/fr\/wp-json\/wp\/v2\/users\/1"}],"replies":[{"embeddable":true,"href":"https:\/\/ecodivebali.com\/fr\/wp-json\/wp\/v2\/comments?post=954"}],"version-history":[{"count":5,"href":"https:\/\/ecodivebali.com\/fr\/wp-json\/wp\/v2\/pages\/954\/revisions"}],"predecessor-version":[{"id":2231,"href":"https:\/\/ecodivebali.com\/fr\/wp-json\/wp\/v2\/pages\/954\/revisions\/2231"}],"wp:attachment":[{"href":"https:\/\/ecodivebali.com\/fr\/wp-json\/wp\/v2\/media?parent=954"}],"curies":[{"name":"wp","href":"https:\/\/api.w.org\/{rel}","templated":true}]}}