{"id":946,"date":"2016-09-27T00:06:09","date_gmt":"2016-09-27T00:06:09","guid":{"rendered":"http:\/\/ecodivebali.com\/fr\/les-formations\/rescue-diver\/"},"modified":"2024-09-12T09:53:25","modified_gmt":"2024-09-12T09:53:25","slug":"rescue-diver","status":"publish","type":"page","link":"https:\/\/ecodivebali.com\/fr\/les-formations\/rescue-diver\/","title":{"rendered":"Rescue Diver"},"content":{"rendered":"\n<style type=\"text\/css\" data-created_by=\"avia_inline_auto\" id=\"style-css-av-av_section-5018d753963c6ab9a035ddb69c70f71c\">\n.avia-section.av-av_section-5018d753963c6ab9a035ddb69c70f71c .av-parallax .av-parallax-inner{\nbackground-repeat:no-repeat;\nbackground-image:url(https:\/\/ecodivebali.com\/wp-content\/uploads\/2016\/09\/ecodive-09-1.jpg);\nbackground-position:50% 100%;\nbackground-attachment:scroll;\n}\n<\/style>\n<div id='av_section_1'  class='avia-section av-av_section-5018d753963c6ab9a035ddb69c70f71c main_color avia-section-huge avia-no-border-styling  avia-builder-el-0  el_before_av_section  avia-builder-el-first  avia-full-stretch av-parallax-section avia-bg-style-parallax container_wrap sidebar_right'  data-section-bg-repeat='stretch'><div class='av-parallax' data-avia-parallax-ratio='0.3' ><div class='av-parallax-inner main_color avia-full-stretch'><\/div><\/div><div class='container av-section-cont-open' ><main  role=\"main\" itemprop=\"mainContentOfPage\"  class='template-page content  av-content-small alpha units'><div class='post-entry post-entry-type-page post-entry-946'><div class='entry-content-wrapper clearfix'>\n\n<style type=\"text\/css\" data-created_by=\"avia_inline_auto\" id=\"style-css-av-av_heading-4b678c3b92be7d5a8cec24b3f95fc6a6\">\n#top .av-special-heading.av-av_heading-4b678c3b92be7d5a8cec24b3f95fc6a6{\npadding-bottom:0;\ncolor:#ffffff;\nfont-size:70px;\n}\nbody .av-special-heading.av-av_heading-4b678c3b92be7d5a8cec24b3f95fc6a6 .av-special-heading-tag .heading-char{\nfont-size:25px;\n}\n#top #wrap_all .av-special-heading.av-av_heading-4b678c3b92be7d5a8cec24b3f95fc6a6 .av-special-heading-tag{\nfont-size:70px;\n}\n.av-special-heading.av-av_heading-4b678c3b92be7d5a8cec24b3f95fc6a6 .special-heading-inner-border{\nborder-color:#ffffff;\n}\n.av-special-heading.av-av_heading-4b678c3b92be7d5a8cec24b3f95fc6a6 .av-subheading{\nfont-size:15px;\n}\n\n@media only screen and (min-width: 480px) and (max-width: 767px){ \n#top #wrap_all .av-special-heading.av-av_heading-4b678c3b92be7d5a8cec24b3f95fc6a6 .av-special-heading-tag{\nfont-size:0.8em;\n}\n}\n\n@media only screen and (max-width: 479px){ \n#top #wrap_all .av-special-heading.av-av_heading-4b678c3b92be7d5a8cec24b3f95fc6a6 .av-special-heading-tag{\nfont-size:0.8em;\n}\n}\n<\/style>\n<div  class='av-special-heading av-av_heading-4b678c3b92be7d5a8cec24b3f95fc6a6 av-special-heading-h6 custom-color-heading blockquote modern-quote modern-centered  avia-builder-el-1  avia-builder-el-no-sibling  av-inherit-size'><h6 class='av-special-heading-tag '  itemprop=\"headline\"  >Rescue Diver<\/h6><div class='av_custom_color av-subheading av-subheading_below'><p>Devenir PADI Rescue Diver est le meilleur moyen d\u2019\u00e9tendre vos connaissances sur la s\u00e9curit\u00e9 en plong\u00e9e.<\/p>\n<\/div><div class=\"special-heading-border\"><div class=\"special-heading-inner-border\"><\/div><\/div><\/div>\n\n<\/div><\/div><\/main><!-- close content main element --><\/div><\/div>\n<style type=\"text\/css\" data-created_by=\"avia_inline_auto\" id=\"style-css-av-av_section-fb37fa88fbca848c7e29aff3fecdfcf1\">\n.avia-section.av-av_section-fb37fa88fbca848c7e29aff3fecdfcf1{\nbackground-color:#ffffff;\nbackground-image:unset;\n}\n<\/style>\n<div id='av_section_2'  class='avia-section av-av_section-fb37fa88fbca848c7e29aff3fecdfcf1 main_color avia-section-default avia-no-shadow  avia-builder-el-2  el_after_av_section  el_before_av_section  avia-bg-style-scroll container_wrap sidebar_right'  ><div class='container av-section-cont-open' ><div class='template-page content  av-content-small alpha units'><div class='post-entry post-entry-type-page post-entry-946'><div class='entry-content-wrapper clearfix'>\n<div class='flex_column_table av-av_two_third-201587a3cb27360f0e7f6c88d43151c7 sc-av_two_third av-equal-height-column-flextable'>\n<style type=\"text\/css\" data-created_by=\"avia_inline_auto\" id=\"style-css-av-av_two_third-201587a3cb27360f0e7f6c88d43151c7\">\n.flex_column.av-av_two_third-201587a3cb27360f0e7f6c88d43151c7{\nborder-radius:0px 0px 0px 0px;\npadding:0px 0px 0px 0px;\n}\n<\/style>\n<div  class='flex_column av-av_two_third-201587a3cb27360f0e7f6c88d43151c7 av_two_third  avia-builder-el-3  el_before_av_one_third  avia-builder-el-first  first flex_column_table_cell av-equal-height-column av-align-top av-zero-column-padding  '     ><section  class='av_textblock_section av-av_textblock-0366cc7376be6c9e82a3e9cc8987b64f '   itemscope=\"itemscope\" itemtype=\"https:\/\/schema.org\/CreativeWork\" ><div class='avia_textblock'  itemprop=\"text\" ><h2 id=\"ctl00_ctl00_MainColumns_Columns_DropZoneLC_uxColumnDisplay_ctl00_uxControlColumn_ctl00_uxWidgetHost_uxWidgetHost_widget_UxRepList_ctl00_h2Title\" class=\"page-sub-header header0 page-sub-header_1\">\u00c0 qui s\u2019adresse cette formation ?<\/h2>\n<p>Les plongeurs d\u00e9crivent la formation PADI Rescue Diver comme la plus \u00e9prouvante mais aussi comme la plus gratifiante. Pourquoi ? Car vous apprenez \u00e0 anticiper et g\u00e9rer les probl\u00e8mes dans l\u2019eau, et devenez plus confiant en tant que plongeur sachant que vous pouvez venir en aide aux autres si n\u00e9cessaire. Au cours de cette formation vous apprendrez \u00e0 devenir un meilleur bin\u00f4me en pratiquant diff\u00e9rentes techniques de sauvetage jusqu\u2019\u00e0 ce qu\u2019elles deviennent un automatisme. De plus, cette formation est amusante, permettant de nombreuses crise de rire tout en se concentrant sur l\u2019apprentissage.<\/p>\n<p>Les PADI (junior) Advanced Open Water Divers qui ont au minimum 12 ans et ont compl\u00e9t\u00e9 la plong\u00e9e Aventure orientation peuvent s\u2019inscrire \u00e0 la formation PADI Rescue Diver. Vous devez \u00e9galement avoir suivi la formation <a href=\"https:\/\/dev.padi.com\/scuba-diving\/padi-courses\/course-catalog\/emergency-first-response\" target=\"_blank\" rel=\"noopener\">Emergency First Response Primary and Secondary<\/a> (CPR et premiers secours) au cours des derniers 24 mois. Vous pourrez suivre cette formation lors du RescueDiver. Ecodive Bali propose \u00e9galement la sp\u00e9cialit\u00e9 PADI Emegency Oxygen Provider.<\/p>\n<h2 id=\"ctl00_ctl00_MainColumns_Columns_DropZoneLC_uxColumnDisplay_ctl00_uxControlColumn_ctl00_uxWidgetHost_uxWidgetHost_widget_UxRepList_ctl01_h2Title\" class=\"page-sub-header ContentDetailsHeaderSpacing header1 page-sub-header_2\">Qu\u2019allez vous apprendre?<\/h2>\n<p>La formation PADI Rescue Diver vous pr\u00e9pare \u00e0 g\u00e9rer toutes sortes d\u2019urgences en plong\u00e9e, en utilisant une large palette de techniques. \u00c0 travers le d\u00e9veloppement des connaissances et la pratique vous apprendrez quoi faire et comment r\u00e9pondre \u00e0 un probl\u00e8me. Durant les sc\u00e9narios de sauvetage vous mettrez en pratiques vos connaissances et vos techniques. Cette formation comprend plusieurs \u00e9tapes, dont :<\/p>\n<ul>\n<ul>\n<li>L\u2019auto-sauvetage.<\/li>\n<li>L\u2019identification et gestion du stress chez d\u2019autres plongeurs.<\/li>\n<li>La gestion des urgences et de l\u2019\u00e9quipement.<\/li>\n<li>L\u2019assistance aux plongeurs paniqu\u00e9s.<\/li>\n<li>L\u2019assistance aux plongeurs inconscients.<\/li>\n<\/ul>\n<\/ul>\n<p>Vous pourrez \u00e9galement obtenir <a href=\"https:\/\/dev.padi.com\/scuba-diving\/padi-courses\/course-catalog\/earn-college-credit\" target=\"_blank\" rel=\"noopener\">des cr\u00e9dits universitaire<\/a> gr\u00e2ce \u00e0 la formation Rescue Diver \u2013 renseignez vous aupr\u00e8s de votre instructeur.<\/p>\n<h2 id=\"ctl00_ctl00_MainColumns_Columns_DropZoneLC_uxColumnDisplay_ctl00_uxControlColumn_ctl00_uxWidgetHost_uxWidgetHost_widget_UxRepList_ctl02_h2Title\" class=\"page-sub-header ContentDetailsHeaderSpacing header2 page-sub-header_3\">Commencer d\u00e8s maintenant !<\/h2>\n<p><strong><a href=\"https:\/\/ecodivebali.com\/fr\/contact\/\" target=\"_blank\">Contactez nous<\/a> pour vous inscrire \u00e0 l\u2019option Rescue Diver eLearning de PADI et commencer \u00e0 \u00e9tudier d\u00e8s aujourd\u2019hui. Vous progresserez \u00e0 travers 5 chapitres de d\u00e9veloppement des connaissances en utilisant une application en ligne vous permettant d\u2019apprendre \u00e0 votre rythme. Vous aurez \u00e9galement acc\u00e8s \u00e0 la version en ligne du manuel Rescue Diver que vous pourrez utiliser pendant et apr\u00e8s la formation.<\/strong><\/p>\n<p>Si vous le souhaitez, vous pourrez choisir d\u2019\u00e9tudier avec le manuel <em>Rescue Diver<\/em> et regarder le dvd <em>Rescue Diver<\/em> (package livre et DVD). Contactez nous pour rejoindre la formation, obtenir vos supports p\u00e9dagogiques et commencer \u00e0 \u00e9tudier.<\/p>\n<\/div><\/section><br \/>\n<div  class='avia-video av-av_video-f60b60faae682b769d5b8dc007230a6b avia-video-16-9 av-no-preview-image avia-video-load-always av-lazyload-immediate av-lazyload-video-embed'  itemprop=\"video\" itemtype=\"https:\/\/schema.org\/VideoObject\"  data-original_url='https:\/\/www.youtube.com\/watch?v=YNdo9tcgzpM'><script type='text\/html' class='av-video-tmpl'><div class='avia-iframe-wrap'><iframe loading=\"lazy\" width=\"1500\" height=\"844\" src=\"https:\/\/www.youtube.com\/embed\/YNdo9tcgzpM?feature=oembed&autoplay=0&loop=0&controls=1&mute=0\" frameborder=\"0\" allowfullscreen><\/iframe><\/div><\/script><div class='av-click-to-play-overlay'><div class=\"avia_playpause_icon\"><\/div><\/div><\/div><br \/>\n<div  class='avia-button-wrap avia-button-center  avia-builder-el-6  el_after_av_video  avia-builder-el-last '>\n<style type=\"text\/css\" data-created_by=\"avia_inline_auto\" id=\"style-css-av-m0z43354-12eb1edf458cb6730e945ca8e4e0a7e0\">\n#top #wrap_all .avia-button.av-m0z43354-12eb1edf458cb6730e945ca8e4e0a7e0:hover{\nbackground-color:silver;\ncolor:white;\ntransition:all 0.4s ease-in-out;\n}\n#top #wrap_all .avia-button.av-m0z43354-12eb1edf458cb6730e945ca8e4e0a7e0:hover .avia-svg-icon svg:first-child{\nfill:white;\nstroke:white;\n}\n<\/style>\n<a href='https:\/\/ecodive.mybookr.io\/listings\/13-rescue-diver' class='avia-color-theme-color avia-font-color-theme-color avia-button avia-button-fullwidth av-m0z43354-12eb1edf458cb6730e945ca8e4e0a7e0 avia-icon_select-no avia-color-theme-color'  target=\"_blank\"  rel=\"noopener noreferrer\"  aria-label=\"Am\u00e9liorer vos comp\u00e9tences aujourd\u2019hui!\"><span class='avia_iconbox_title' >Am\u00e9liorer vos comp\u00e9tences aujourd\u2019hui!<\/span><\/a><\/div><\/p><\/div><div class='av-flex-placeholder'><\/div>\n<style type=\"text\/css\" data-created_by=\"avia_inline_auto\" id=\"style-css-av-av_one_third-0aa7055fe62c3622faec82866afbaeb2\">\n.flex_column.av-av_one_third-0aa7055fe62c3622faec82866afbaeb2{\nborder-radius:0px 0px 0px 0px;\npadding:0px 0px 0px 0px;\n}\n<\/style>\n<div  class='flex_column av-av_one_third-0aa7055fe62c3622faec82866afbaeb2 av_one_third  avia-builder-el-7  el_after_av_two_third  avia-builder-el-last  flex_column_table_cell av-equal-height-column av-align-top av-zero-column-padding  '     ><section  class='av_textblock_section av-av_textblock-0366cc7376be6c9e82a3e9cc8987b64f '   itemscope=\"itemscope\" itemtype=\"https:\/\/schema.org\/CreativeWork\" ><div class='avia_textblock'  itemprop=\"text\" ><div class=\"av-flex-placeholder\">\n<div class=\"avia_textblock \">\n<h3><strong>Nous proposons les formations suivantes:<\/strong><\/h3>\n<\/div>\n<\/div>\n<ul class=\"shortcode-list\">\n<li><a title=\"Scuba Review\" href=\"https:\/\/ecodivebali.com\/fr\/les-formations\/scuba-review\/\"><i class=\"icon-star\"><\/i>Scuba Review<\/a><\/li>\n<li><a title=\"Discover Scuba Diving\" href=\"https:\/\/ecodivebali.com\/fr\/les-formations\/discover-scuba-diving\/\"><i class=\"icon-star\"><\/i>Discover Scuba Diving<\/a><\/li>\n<li><a title=\"Open Water Diver\" href=\"https:\/\/ecodivebali.com\/fr\/les-formations\/open-water-diver\/\"><i class=\"icon-star\"><\/i>Open Water Diver<\/a><\/li>\n<li><a title=\"Advanced Open Water Diver\" href=\"https:\/\/ecodivebali.com\/fr\/les-formations\/advanced-open-water-diver\/\"><i class=\"icon-star\"><\/i>Advanced Open Water Diver<\/a><\/li>\n<li><a href=\"https:\/\/ecodivebali.com\/fr\/les-formations\/rescue-diver\/\"><i class=\"icon-star\"><\/i>Rescue Diver<\/a><\/li>\n<li><a href=\"https:\/\/ecodivebali.com\/fr\/les-formations\/divemaster\/\"><i class=\"icon-star\"><\/i>Divemaster<\/a><\/li>\n<li><a title=\"PADI Specialty Courses\" href=\"https:\/\/ecodivebali.com\/fr\/les-formations\/les-specialites\/\"><i class=\"icon-star\"><\/i>Sp\u00e9cialit\u00e9s PADI<\/a><\/li>\n<\/ul>\n<\/div><\/section><br \/>\n<section  class='av_textblock_section av-av_textblock-0366cc7376be6c9e82a3e9cc8987b64f '   itemscope=\"itemscope\" itemtype=\"https:\/\/schema.org\/CreativeWork\" ><div class='avia_textblock'  itemprop=\"text\" ><p><strong>Pour plus d\u2019information sur l\u2019h\u00e9bergement, les installations, les s\u00e9jours plong\u00e9e, les formations et les safaris, contactez nous :<br \/>\n<\/strong><\/p>\n<div>Ecodive Bali<\/div>\n<div>Jemeluk Beach<\/div>\n<div>Amed, Abang Karangasem<\/div>\n<div>Bali, INDONESIA, 80852<\/div>\n<div><\/div>\n<div>email: <a href=\"mailto:info@ecodivebali.com\" target=\"_blank\">info@ecodivebali.com<\/a><\/div>\n<div>Tel\/Fax. (62) 363 \u2013 23482<\/div>\n<\/div><\/section><\/p><\/div><\/div><!--close column table wrapper. Autoclose: 1 --><\/div><\/div><\/div><!-- close content main div --><\/div><\/div>\n<style type=\"text\/css\" data-created_by=\"avia_inline_auto\" id=\"style-css-av-av_section-4863c226fa8d1917fdbde04775fe2344\">\n.avia-section.av-av_section-4863c226fa8d1917fdbde04775fe2344 .av-parallax .av-parallax-inner{\nbackground-repeat:no-repeat;\nbackground-image:url(https:\/\/ecodivebali.com\/wp-content\/uploads\/2016\/09\/ecodive-01.jpg);\nbackground-position:50% 50%;\nbackground-attachment:scroll;\n}\n<\/style>\n<div id='av_section_3'  class='avia-section av-av_section-4863c226fa8d1917fdbde04775fe2344 main_color avia-section-default avia-no-border-styling  avia-builder-el-10  el_after_av_section  avia-builder-el-last  avia-full-stretch av-parallax-section avia-bg-style-parallax av-minimum-height av-minimum-height-75 av-height-75  container_wrap sidebar_right'  data-section-bg-repeat='stretch' data-av_minimum_height_pc='75' data-av_min_height_opt='75'><div class='av-parallax' data-avia-parallax-ratio='0.3' ><div class='av-parallax-inner main_color avia-full-stretch'><\/div><\/div><div class='container av-section-cont-open' ><div class='template-page content  av-content-small alpha units'><div class='post-entry post-entry-type-page post-entry-946'><div class='entry-content-wrapper clearfix'><\/div><\/div><\/div><!-- close content main div --><\/div><\/div><div id='after_section_3'  class='main_color av_default_container_wrap container_wrap sidebar_right'  ><div class='container av-section-cont-open' ><div class='template-page content  av-content-small alpha units'><div class='post-entry post-entry-type-page post-entry-946'><div class='entry-content-wrapper clearfix'><\/p>\n","protected":false},"excerpt":{"rendered":"","protected":false},"author":1,"featured_media":0,"parent":924,"menu_order":0,"comment_status":"closed","ping_status":"closed","template":"","meta":{"footnotes":""},"class_list":["post-946","page","type-page","status-publish","hentry"],"yoast_head":"<!-- This site is optimized with the Yoast SEO plugin v26.6 - https:\/\/yoast.com\/wordpress\/plugins\/seo\/ -->\n<title>PADI Rescue Diver avec Ecodive Bali Diving, Plong\u00e9e Bali, Bali Diving<\/title>\n<meta name=\"description\" content=\"Devenir PADI Rescue Diver est le meilleur moyen d\u2019\u00e9tendre vos connaissances sur la s\u00e9curit\u00e9 en plong\u00e9e.\" \/>\n<meta name=\"robots\" content=\"index, follow, max-snippet:-1, max-image-preview:large, max-video-preview:-1\" \/>\n<link rel=\"canonical\" href=\"https:\/\/ecodivebali.com\/fr\/les-formations\/rescue-diver\/\" \/>\n<meta property=\"og:locale\" content=\"fr_FR\" \/>\n<meta property=\"og:type\" content=\"article\" \/>\n<meta property=\"og:title\" content=\"PADI Rescue Diver avec Ecodive Bali Diving, Plong\u00e9e Bali, Bali Diving\" \/>\n<meta property=\"og:description\" content=\"Devenir PADI Rescue Diver est le meilleur moyen d\u2019\u00e9tendre vos connaissances sur la s\u00e9curit\u00e9 en plong\u00e9e.\" \/>\n<meta property=\"og:url\" content=\"https:\/\/ecodivebali.com\/fr\/les-formations\/rescue-diver\/\" \/>\n<meta property=\"og:site_name\" content=\"Ecodive Bali Diving\" \/>\n<meta property=\"article:publisher\" content=\"https:\/\/www.facebook.com\/pages\/Ecodive-Bali\/129036727173201\" \/>\n<meta property=\"article:modified_time\" content=\"2024-09-12T09:53:25+00:00\" \/>\n<meta name=\"twitter:card\" content=\"summary_large_image\" \/>\n<meta name=\"twitter:site\" content=\"@Ecodive_Bali1\" \/>\n<meta name=\"twitter:label1\" content=\"Dur\u00e9e de lecture estim\u00e9e\" \/>\n\t<meta name=\"twitter:data1\" content=\"2 minutes\" \/>\n<script type=\"application\/ld+json\" class=\"yoast-schema-graph\">{\"@context\":\"https:\/\/schema.org\",\"@graph\":[{\"@type\":\"WebPage\",\"@id\":\"https:\/\/ecodivebali.com\/fr\/les-formations\/rescue-diver\/\",\"url\":\"https:\/\/ecodivebali.com\/fr\/les-formations\/rescue-diver\/\",\"name\":\"PADI Rescue Diver avec Ecodive Bali Diving, Plong\u00e9e Bali, Bali Diving\",\"isPartOf\":{\"@id\":\"https:\/\/ecodivebali.com\/fr\/#website\"},\"datePublished\":\"2016-09-27T00:06:09+00:00\",\"dateModified\":\"2024-09-12T09:53:25+00:00\",\"description\":\"Devenir PADI Rescue Diver est le meilleur moyen d\u2019\u00e9tendre vos connaissances sur la s\u00e9curit\u00e9 en plong\u00e9e.\",\"breadcrumb\":{\"@id\":\"https:\/\/ecodivebali.com\/fr\/les-formations\/rescue-diver\/#breadcrumb\"},\"inLanguage\":\"fr-FR\",\"potentialAction\":[{\"@type\":\"ReadAction\",\"target\":[\"https:\/\/ecodivebali.com\/fr\/les-formations\/rescue-diver\/\"]}]},{\"@type\":\"BreadcrumbList\",\"@id\":\"https:\/\/ecodivebali.com\/fr\/les-formations\/rescue-diver\/#breadcrumb\",\"itemListElement\":[{\"@type\":\"ListItem\",\"position\":1,\"name\":\"Home\",\"item\":\"https:\/\/ecodivebali.com\/fr\/\"},{\"@type\":\"ListItem\",\"position\":2,\"name\":\"Les Formations\",\"item\":\"https:\/\/ecodivebali.com\/fr\/dive-courses\/\"},{\"@type\":\"ListItem\",\"position\":3,\"name\":\"Rescue Diver\"}]},{\"@type\":\"WebSite\",\"@id\":\"https:\/\/ecodivebali.com\/fr\/#website\",\"url\":\"https:\/\/ecodivebali.com\/fr\/\",\"name\":\"Ecodive Bali Diving\",\"description\":\"PADI Bali Diving in Amed Tulamben with Ecodive Bali\",\"potentialAction\":[{\"@type\":\"SearchAction\",\"target\":{\"@type\":\"EntryPoint\",\"urlTemplate\":\"https:\/\/ecodivebali.com\/fr\/?s={search_term_string}\"},\"query-input\":{\"@type\":\"PropertyValueSpecification\",\"valueRequired\":true,\"valueName\":\"search_term_string\"}}],\"inLanguage\":\"fr-FR\"}]}<\/script>\n<!-- \/ Yoast SEO plugin. -->","yoast_head_json":{"title":"PADI Rescue Diver avec Ecodive Bali Diving, Plong\u00e9e Bali, Bali Diving","description":"Devenir PADI Rescue Diver est le meilleur moyen d\u2019\u00e9tendre vos connaissances sur la s\u00e9curit\u00e9 en plong\u00e9e.","robots":{"index":"index","follow":"follow","max-snippet":"max-snippet:-1","max-image-preview":"max-image-preview:large","max-video-preview":"max-video-preview:-1"},"canonical":"https:\/\/ecodivebali.com\/fr\/les-formations\/rescue-diver\/","og_locale":"fr_FR","og_type":"article","og_title":"PADI Rescue Diver avec Ecodive Bali Diving, Plong\u00e9e Bali, Bali Diving","og_description":"Devenir PADI Rescue Diver est le meilleur moyen d\u2019\u00e9tendre vos connaissances sur la s\u00e9curit\u00e9 en plong\u00e9e.","og_url":"https:\/\/ecodivebali.com\/fr\/les-formations\/rescue-diver\/","og_site_name":"Ecodive Bali Diving","article_publisher":"https:\/\/www.facebook.com\/pages\/Ecodive-Bali\/129036727173201","article_modified_time":"2024-09-12T09:53:25+00:00","twitter_card":"summary_large_image","twitter_site":"@Ecodive_Bali1","twitter_misc":{"Dur\u00e9e de lecture estim\u00e9e":"2 minutes"},"schema":{"@context":"https:\/\/schema.org","@graph":[{"@type":"WebPage","@id":"https:\/\/ecodivebali.com\/fr\/les-formations\/rescue-diver\/","url":"https:\/\/ecodivebali.com\/fr\/les-formations\/rescue-diver\/","name":"PADI Rescue Diver avec Ecodive Bali Diving, Plong\u00e9e Bali, Bali Diving","isPartOf":{"@id":"https:\/\/ecodivebali.com\/fr\/#website"},"datePublished":"2016-09-27T00:06:09+00:00","dateModified":"2024-09-12T09:53:25+00:00","description":"Devenir PADI Rescue Diver est le meilleur moyen d\u2019\u00e9tendre vos connaissances sur la s\u00e9curit\u00e9 en plong\u00e9e.","breadcrumb":{"@id":"https:\/\/ecodivebali.com\/fr\/les-formations\/rescue-diver\/#breadcrumb"},"inLanguage":"fr-FR","potentialAction":[{"@type":"ReadAction","target":["https:\/\/ecodivebali.com\/fr\/les-formations\/rescue-diver\/"]}]},{"@type":"BreadcrumbList","@id":"https:\/\/ecodivebali.com\/fr\/les-formations\/rescue-diver\/#breadcrumb","itemListElement":[{"@type":"ListItem","position":1,"name":"Home","item":"https:\/\/ecodivebali.com\/fr\/"},{"@type":"ListItem","position":2,"name":"Les Formations","item":"https:\/\/ecodivebali.com\/fr\/dive-courses\/"},{"@type":"ListItem","position":3,"name":"Rescue Diver"}]},{"@type":"WebSite","@id":"https:\/\/ecodivebali.com\/fr\/#website","url":"https:\/\/ecodivebali.com\/fr\/","name":"Ecodive Bali Diving","description":"PADI Bali Diving in Amed Tulamben with Ecodive Bali","potentialAction":[{"@type":"SearchAction","target":{"@type":"EntryPoint","urlTemplate":"https:\/\/ecodivebali.com\/fr\/?s={search_term_string}"},"query-input":{"@type":"PropertyValueSpecification","valueRequired":true,"valueName":"search_term_string"}}],"inLanguage":"fr-FR"}]}},"_links":{"self":[{"href":"https:\/\/ecodivebali.com\/fr\/wp-json\/wp\/v2\/pages\/946","targetHints":{"allow":["GET"]}}],"collection":[{"href":"https:\/\/ecodivebali.com\/fr\/wp-json\/wp\/v2\/pages"}],"about":[{"href":"https:\/\/ecodivebali.com\/fr\/wp-json\/wp\/v2\/types\/page"}],"author":[{"embeddable":true,"href":"https:\/\/ecodivebali.com\/fr\/wp-json\/wp\/v2\/users\/1"}],"replies":[{"embeddable":true,"href":"https:\/\/ecodivebali.com\/fr\/wp-json\/wp\/v2\/comments?post=946"}],"version-history":[{"count":2,"href":"https:\/\/ecodivebali.com\/fr\/wp-json\/wp\/v2\/pages\/946\/revisions"}],"predecessor-version":[{"id":2227,"href":"https:\/\/ecodivebali.com\/fr\/wp-json\/wp\/v2\/pages\/946\/revisions\/2227"}],"up":[{"embeddable":true,"href":"https:\/\/ecodivebali.com\/fr\/wp-json\/wp\/v2\/pages\/924"}],"wp:attachment":[{"href":"https:\/\/ecodivebali.com\/fr\/wp-json\/wp\/v2\/media?parent=946"}],"curies":[{"name":"wp","href":"https:\/\/api.w.org\/{rel}","templated":true}]}}