{"id":943,"date":"2016-09-27T00:05:37","date_gmt":"2016-09-27T00:05:37","guid":{"rendered":"http:\/\/ecodivebali.com\/fr\/les-formations\/open-water-diver\/"},"modified":"2024-09-12T09:51:57","modified_gmt":"2024-09-12T09:51:57","slug":"open-water-diver","status":"publish","type":"page","link":"https:\/\/ecodivebali.com\/fr\/les-formations\/open-water-diver\/","title":{"rendered":"Open Water Diver"},"content":{"rendered":"\n<style type=\"text\/css\" data-created_by=\"avia_inline_auto\" id=\"style-css-av-av_section-35f354613e02909d6b2f6830dc5d1bfa\">\n.avia-section.av-av_section-35f354613e02909d6b2f6830dc5d1bfa .av-parallax .av-parallax-inner{\nbackground-repeat:no-repeat;\nbackground-image:url(https:\/\/ecodivebali.com\/wp-content\/uploads\/2016\/09\/ecodive-openwater-5.jpg);\nbackground-position:0% 100%;\nbackground-attachment:scroll;\n}\n<\/style>\n<div id='av_section_1'  class='avia-section av-av_section-35f354613e02909d6b2f6830dc5d1bfa main_color avia-section-huge avia-no-border-styling  avia-builder-el-0  el_before_av_section  avia-builder-el-first  avia-full-stretch av-parallax-section avia-bg-style-parallax container_wrap sidebar_right'  data-section-bg-repeat='stretch'><div class='av-parallax' data-avia-parallax-ratio='0.3' ><div class='av-parallax-inner main_color avia-full-stretch'><\/div><\/div><div class='container av-section-cont-open' ><main  role=\"main\" itemprop=\"mainContentOfPage\"  class='template-page content  av-content-small alpha units'><div class='post-entry post-entry-type-page post-entry-943'><div class='entry-content-wrapper clearfix'>\n\n<style type=\"text\/css\" data-created_by=\"avia_inline_auto\" id=\"style-css-av-av_heading-f7d01323704db6d7c6452b44ee9ab3e5\">\n#top .av-special-heading.av-av_heading-f7d01323704db6d7c6452b44ee9ab3e5{\npadding-bottom:0;\ncolor:#ffffff;\nfont-size:70px;\n}\nbody .av-special-heading.av-av_heading-f7d01323704db6d7c6452b44ee9ab3e5 .av-special-heading-tag .heading-char{\nfont-size:25px;\n}\n#top #wrap_all .av-special-heading.av-av_heading-f7d01323704db6d7c6452b44ee9ab3e5 .av-special-heading-tag{\nfont-size:70px;\n}\n.av-special-heading.av-av_heading-f7d01323704db6d7c6452b44ee9ab3e5 .special-heading-inner-border{\nborder-color:#ffffff;\n}\n.av-special-heading.av-av_heading-f7d01323704db6d7c6452b44ee9ab3e5 .av-subheading{\nfont-size:15px;\n}\n\n@media only screen and (min-width: 480px) and (max-width: 767px){ \n#top #wrap_all .av-special-heading.av-av_heading-f7d01323704db6d7c6452b44ee9ab3e5 .av-special-heading-tag{\nfont-size:0.8em;\n}\n}\n\n@media only screen and (max-width: 479px){ \n#top #wrap_all .av-special-heading.av-av_heading-f7d01323704db6d7c6452b44ee9ab3e5 .av-special-heading-tag{\nfont-size:0.8em;\n}\n}\n<\/style>\n<div  class='av-special-heading av-av_heading-f7d01323704db6d7c6452b44ee9ab3e5 av-special-heading-h6 custom-color-heading blockquote modern-quote modern-centered  avia-builder-el-1  avia-builder-el-no-sibling  av-inherit-size'><h6 class='av-special-heading-tag '  itemprop=\"headline\"  >Open Water Diver<\/h6><div class='av_custom_color av-subheading av-subheading_below'><p>Devenir un PADI Open Water Diver est la meilleure fa\u00e7on de commencer votre aventure de plong\u00e9e!<\/p>\n<\/div><div class=\"special-heading-border\"><div class=\"special-heading-inner-border\"><\/div><\/div><\/div>\n\n<\/div><\/div><\/main><!-- close content main element --><\/div><\/div>\n<style type=\"text\/css\" data-created_by=\"avia_inline_auto\" id=\"style-css-av-av_section-fb37fa88fbca848c7e29aff3fecdfcf1\">\n.avia-section.av-av_section-fb37fa88fbca848c7e29aff3fecdfcf1{\nbackground-color:#ffffff;\nbackground-image:unset;\n}\n<\/style>\n<div id='av_section_2'  class='avia-section av-av_section-fb37fa88fbca848c7e29aff3fecdfcf1 main_color avia-section-default avia-no-shadow  avia-builder-el-2  el_after_av_section  el_before_av_section  avia-bg-style-scroll container_wrap sidebar_right'  ><div class='container av-section-cont-open' ><div class='template-page content  av-content-small alpha units'><div class='post-entry post-entry-type-page post-entry-943'><div class='entry-content-wrapper clearfix'>\n<div class='flex_column_table av-av_two_third-201587a3cb27360f0e7f6c88d43151c7 sc-av_two_third av-equal-height-column-flextable'>\n<style type=\"text\/css\" data-created_by=\"avia_inline_auto\" id=\"style-css-av-av_two_third-201587a3cb27360f0e7f6c88d43151c7\">\n.flex_column.av-av_two_third-201587a3cb27360f0e7f6c88d43151c7{\nborder-radius:0px 0px 0px 0px;\npadding:0px 0px 0px 0px;\n}\n<\/style>\n<div  class='flex_column av-av_two_third-201587a3cb27360f0e7f6c88d43151c7 av_two_third  avia-builder-el-3  el_before_av_one_third  avia-builder-el-first  first flex_column_table_cell av-equal-height-column av-align-top av-zero-column-padding  '     ><section  class='av_textblock_section av-av_textblock-0366cc7376be6c9e82a3e9cc8987b64f '   itemscope=\"itemscope\" itemtype=\"https:\/\/schema.org\/CreativeWork\" ><div class='avia_textblock'  itemprop=\"text\" ><h2 id=\"ctl00_ctl00_MainColumns_Columns_DropZoneLC_uxColumnDisplay_ctl00_uxControlColumn_ctl00_uxWidgetHost_uxWidgetHost_widget_UxRepList_ctl00_h2Title\" class=\"page-sub-header header0 page-sub-header_1\">\u00c0 qui s\u2019adresse cette formation ?<\/h2>\n<p>Si vous avez toujours voulu suivre un cours de plong\u00e9e sous-marine, vivre une aventure inoubliable et d\u00e9couvrir le monde aquatique, c\u2019est par l\u00e0 que \u00e7a commence ! Obtenez votre certification de plong\u00e9e avec la formation PADI Open Water Diver, la formation de plong\u00e9e la plus populaire et la plus reconnue \u00e0 travers le monde. Des millions de personnes ont appris \u00e0 plonger et ont d\u00e9couvert les merveilles du monde aquatique gr\u00e2ce \u00e0 cette formation.<\/p>\n<p>Pour rejoindre notre formation PADI Open Water Diver (o\u00f9 Junior Open Water Diver), vous devez avoir au moins 10 ans et \u00eatre en bonne condition physique.\u00a0 Aucune exp\u00e9rience pr\u00e9alable en plong\u00e9e n\u2019est n\u00e9cessaire.<\/p>\n<h2 id=\"ctl00_ctl00_MainColumns_Columns_DropZoneLC_uxColumnDisplay_ctl00_uxControlColumn_ctl00_uxWidgetHost_uxWidgetHost_widget_UxRepList_ctl01_h2Title\" class=\"page-sub-header ContentDetailsHeaderSpacing header1 page-sub-header_2\">Qu\u2019allez vous apprendre ?<\/h2>\n<p>La formation PADI Open Water Diver consiste en trois \u00e9tapes :<\/p>\n<ul>\n<li>La th\u00e9orie (<a title=\"online\" href=\"http:\/\/www.padi.com\/scuba-diving\/padi-courses\/course-catalog\/scuba-online\" target=\"_blank\" rel=\"noopener\">en ligne<\/a>, de mani\u00e8re ind\u00e9pendante ou avec un Instructeur) afin de comprendre les bases de la plong\u00e9e.<\/li>\n<li>Des plong\u00e9es en milieu prot\u00e9g\u00e9 pour apprendre et ma\u00eetriser les techniques de base de la plong\u00e9e.<\/li>\n<li>Des plong\u00e9es en milieu naturel pour mettre en pratique ces techniques et explorer l\u2019oc\u00e9an.<\/li>\n<\/ul>\n<p>Vous pouvez \u00e9galement obtenir <a title=\"get college credit\" href=\"http:\/\/www.padi.com\/scuba-diving\/padi-courses\/course-catalog\/earn-college-credit\/\" target=\"_blank\" rel=\"noopener\">des cr\u00e9dits universitaires<\/a> gr\u00e2ce \u00e0 la formation PADI Open Water Diver.<\/p>\n<h2 id=\"ctl00_ctl00_MainColumns_Columns_DropZoneLC_uxColumnDisplay_ctl00_uxControlColumn_ctl00_uxWidgetHost_uxWidgetHost_widget_UxRepList_ctl02_h2Title\" class=\"page-sub-header ContentDetailsHeaderSpacing header2 page-sub-header_3\">Commencez d\u00e8s maintenant !<\/h2>\n<p>Rejoignez la formation <a title=\"eLearning\" href=\"https:\/\/www.padi.com\/elearning-scuba-registration\/purchasecourse.aspx?CourseType=ow\" target=\"_blank\" rel=\"noopener\">Open Water Diver en ligne<\/a> \u2013 l\u2019option eLearning de PADI \u2013 et vous pourrez commencer \u00e0 \u00e9tudier imm\u00e9diatement. L\u2019option PADI Open Water Diver en ligne vous apprend ce que vous devrez savoir pour plonger en toute s\u00e9curit\u00e9 et vous permet d\u2019\u00e9tudier \u00e0 votre rythme gr\u00e2ce \u00e0 une application interactive. Commencez d\u00e8s aujourd\u2019hui !<\/p>\n<p>Vous pouvez aussi commencer \u00e0 \u00e9tudier \u00e0 l\u2019aide d\u2019autres supports PADI \u2013 l\u2019 <a title=\"Open Water Diver TouchTM\" href=\"http:\/\/www.padi.com\/scuba-diving\/padi-courses\/become-a-diver\/open-water-diver-touch\/\" target=\"_blank\" rel=\"noopener\">Open Water diver Touch <\/a> (une application pour vos tablettes et smartphones) ou le manuel Open Water diveret le DVD Open Water Diver (un package livre et DVD). Ecodive Bali propose les diff\u00e9rentes versions de la formation. <a href=\"https:\/\/ecodivebali.com\/fr\/contact\/\" target=\"_blank\">Contactez nous<\/a> en avance pour obtenir vos supports et commencez \u00e0 lire le manuel et visionner le DVD.<\/p>\n<\/div><\/section><br \/>\n<div  class='avia-video av-av_video-f75d4dd706a94d89fcd4c28833c0050f avia-video-16-9 av-no-preview-image avia-video-load-always av-lazyload-immediate av-lazyload-video-embed'  itemprop=\"video\" itemtype=\"https:\/\/schema.org\/VideoObject\"  data-original_url='https:\/\/www.youtube.com\/watch?v=qEzf4MjmowA'><script type='text\/html' class='av-video-tmpl'><div class='avia-iframe-wrap'><iframe loading=\"lazy\" width=\"1500\" height=\"844\" src=\"https:\/\/www.youtube.com\/embed\/qEzf4MjmowA?feature=oembed&autoplay=0&loop=0&controls=1&mute=0\" frameborder=\"0\" allowfullscreen><\/iframe><\/div><\/script><div class='av-click-to-play-overlay'><div class=\"avia_playpause_icon\"><\/div><\/div><\/div><br \/>\n<div  class='avia-button-wrap avia-button-center  avia-builder-el-6  el_after_av_video  avia-builder-el-last '>\n<style type=\"text\/css\" data-created_by=\"avia_inline_auto\" id=\"style-css-av-m0z41fjw-4a0c6e52996d69c54b7a13042e280d35\">\n#top #wrap_all .avia-button.av-m0z41fjw-4a0c6e52996d69c54b7a13042e280d35:hover{\nbackground-color:silver;\ncolor:white;\ntransition:all 0.4s ease-in-out;\n}\n#top #wrap_all .avia-button.av-m0z41fjw-4a0c6e52996d69c54b7a13042e280d35:hover .avia-svg-icon svg:first-child{\nfill:white;\nstroke:white;\n}\n<\/style>\n<a href='https:\/\/ecodive.mybookr.io\/listings\/11-open-water-diver' class='avia-color-theme-color avia-font-color-theme-color avia-button avia-button-fullwidth av-m0z41fjw-4a0c6e52996d69c54b7a13042e280d35 avia-icon_select-no avia-color-theme-color'  target=\"_blank\"  rel=\"noopener noreferrer\"  aria-label=\"Rejoignez l\u2019aventure d\u00e8s aujourd\u2019hui !\"><span class='avia_iconbox_title' >Rejoignez l\u2019aventure d\u00e8s aujourd\u2019hui !<\/span><\/a><\/div><\/p><\/div><div class='av-flex-placeholder'><\/div>\n<style type=\"text\/css\" data-created_by=\"avia_inline_auto\" id=\"style-css-av-av_one_third-0aa7055fe62c3622faec82866afbaeb2\">\n.flex_column.av-av_one_third-0aa7055fe62c3622faec82866afbaeb2{\nborder-radius:0px 0px 0px 0px;\npadding:0px 0px 0px 0px;\n}\n<\/style>\n<div  class='flex_column av-av_one_third-0aa7055fe62c3622faec82866afbaeb2 av_one_third  avia-builder-el-7  el_after_av_two_third  avia-builder-el-last  flex_column_table_cell av-equal-height-column av-align-top av-zero-column-padding  '     ><section  class='av_textblock_section av-av_textblock-0366cc7376be6c9e82a3e9cc8987b64f '   itemscope=\"itemscope\" itemtype=\"https:\/\/schema.org\/CreativeWork\" ><div class='avia_textblock'  itemprop=\"text\" ><div class=\"av-flex-placeholder\">\n<div class=\"avia_textblock \">\n<h3><strong>Nous proposons les formations suivantes:<\/strong><\/h3>\n<\/div>\n<\/div>\n<ul class=\"shortcode-list\">\n<li><a title=\"Scuba Review\" href=\"https:\/\/ecodivebali.com\/fr\/les-formations\/scuba-review\/\"><i class=\"icon-star\"><\/i>Scuba Review<\/a><\/li>\n<li><a title=\"Discover Scuba Diving\" href=\"https:\/\/ecodivebali.com\/fr\/les-formations\/discover-scuba-diving\/\"><i class=\"icon-star\"><\/i>Discover Scuba Diving<\/a><\/li>\n<li><a title=\"Open Water Diver\" href=\"https:\/\/ecodivebali.com\/fr\/les-formations\/open-water-diver\/\"><i class=\"icon-star\"><\/i>Open Water Diver<\/a><\/li>\n<li><a title=\"Advanced Open Water Diver\" href=\"https:\/\/ecodivebali.com\/fr\/les-formations\/advanced-open-water-diver\/\"><i class=\"icon-star\"><\/i>Advanced Open Water Diver<\/a><\/li>\n<li><a href=\"https:\/\/ecodivebali.com\/fr\/les-formations\/rescue-diver\/\"><i class=\"icon-star\"><\/i>Rescue Diver<\/a><\/li>\n<li><a href=\"https:\/\/ecodivebali.com\/fr\/les-formations\/divemaster\/\"><i class=\"icon-star\"><\/i>Divemaster<\/a><\/li>\n<li><a title=\"PADI Specialty Courses\" href=\"https:\/\/ecodivebali.com\/fr\/les-formations\/les-specialites\/\"><i class=\"icon-star\"><\/i>Sp\u00e9cialit\u00e9s PADI<\/a><\/li>\n<\/ul>\n<\/div><\/section><br \/>\n<section  class='av_textblock_section av-av_textblock-0366cc7376be6c9e82a3e9cc8987b64f '   itemscope=\"itemscope\" itemtype=\"https:\/\/schema.org\/CreativeWork\" ><div class='avia_textblock'  itemprop=\"text\" ><p><strong>Pour plus d\u2019information sur l\u2019h\u00e9bergement, les installations, les s\u00e9jours plong\u00e9e, les formations et les safaris, contactez nous :<br \/>\n<\/strong><\/p>\n<div>Ecodive Bali<\/div>\n<div>Jemeluk Beach<\/div>\n<div>Amed, Abang Karangasem<\/div>\n<div>Bali, INDONESIA, 80852<\/div>\n<div><\/div>\n<div>email: <a href=\"mailto:info@ecodivebali.com\" target=\"_blank\">info@ecodivebali.com<\/a><\/div>\n<div>Tel\/Fax. (62) 363 \u2013 23482<\/div>\n<\/div><\/section><\/p><\/div><\/div><!--close column table wrapper. Autoclose: 1 --><\/div><\/div><\/div><!-- close content main div --><\/div><\/div>\n<style type=\"text\/css\" data-created_by=\"avia_inline_auto\" id=\"style-css-av-av_section-4863c226fa8d1917fdbde04775fe2344\">\n.avia-section.av-av_section-4863c226fa8d1917fdbde04775fe2344 .av-parallax .av-parallax-inner{\nbackground-repeat:no-repeat;\nbackground-image:url(https:\/\/ecodivebali.com\/wp-content\/uploads\/2016\/09\/ecodive-01.jpg);\nbackground-position:50% 50%;\nbackground-attachment:scroll;\n}\n<\/style>\n<div id='av_section_3'  class='avia-section av-av_section-4863c226fa8d1917fdbde04775fe2344 main_color avia-section-default avia-no-border-styling  avia-builder-el-10  el_after_av_section  avia-builder-el-last  avia-full-stretch av-parallax-section avia-bg-style-parallax av-minimum-height av-minimum-height-75 av-height-75  container_wrap sidebar_right'  data-section-bg-repeat='stretch' data-av_minimum_height_pc='75' data-av_min_height_opt='75'><div class='av-parallax' data-avia-parallax-ratio='0.3' ><div class='av-parallax-inner main_color avia-full-stretch'><\/div><\/div><div class='container av-section-cont-open' ><div class='template-page content  av-content-small alpha units'><div class='post-entry post-entry-type-page post-entry-943'><div class='entry-content-wrapper clearfix'><\/div><\/div><\/div><!-- close content main div --><\/div><\/div><div id='after_section_3'  class='main_color av_default_container_wrap container_wrap sidebar_right'  ><div class='container av-section-cont-open' ><div class='template-page content  av-content-small alpha units'><div class='post-entry post-entry-type-page post-entry-943'><div class='entry-content-wrapper clearfix'><\/p>\n","protected":false},"excerpt":{"rendered":"","protected":false},"author":1,"featured_media":0,"parent":924,"menu_order":0,"comment_status":"closed","ping_status":"closed","template":"","meta":{"footnotes":""},"class_list":["post-943","page","type-page","status-publish","hentry"],"yoast_head":"<!-- This site is optimized with the Yoast SEO plugin v26.6 - https:\/\/yoast.com\/wordpress\/plugins\/seo\/ -->\n<title>PADI Open Water Diver avec Ecodive Bali Diving, Best Bali Dive Center<\/title>\n<meta name=\"description\" content=\"Devenir un PADI Open Water Diver est la meilleure fa\u00e7on de commencer votre aventure de plong\u00e9e!\" \/>\n<meta name=\"robots\" content=\"index, follow, max-snippet:-1, max-image-preview:large, max-video-preview:-1\" \/>\n<link rel=\"canonical\" href=\"https:\/\/ecodivebali.com\/fr\/les-formations\/open-water-diver\/\" \/>\n<meta property=\"og:locale\" content=\"fr_FR\" \/>\n<meta property=\"og:type\" content=\"article\" \/>\n<meta property=\"og:title\" content=\"PADI Open Water Diver avec Ecodive Bali Diving, Best Bali Dive Center\" \/>\n<meta property=\"og:description\" content=\"Devenir un PADI Open Water Diver est la meilleure fa\u00e7on de commencer votre aventure de plong\u00e9e!\" \/>\n<meta property=\"og:url\" content=\"https:\/\/ecodivebali.com\/fr\/les-formations\/open-water-diver\/\" \/>\n<meta property=\"og:site_name\" content=\"Ecodive Bali Diving\" \/>\n<meta property=\"article:publisher\" content=\"https:\/\/www.facebook.com\/pages\/Ecodive-Bali\/129036727173201\" \/>\n<meta property=\"article:modified_time\" content=\"2024-09-12T09:51:57+00:00\" \/>\n<meta name=\"twitter:card\" content=\"summary_large_image\" \/>\n<meta name=\"twitter:site\" content=\"@Ecodive_Bali1\" \/>\n<meta name=\"twitter:label1\" content=\"Dur\u00e9e de lecture estim\u00e9e\" \/>\n\t<meta name=\"twitter:data1\" content=\"2 minutes\" \/>\n<script type=\"application\/ld+json\" class=\"yoast-schema-graph\">{\"@context\":\"https:\/\/schema.org\",\"@graph\":[{\"@type\":\"WebPage\",\"@id\":\"https:\/\/ecodivebali.com\/fr\/les-formations\/open-water-diver\/\",\"url\":\"https:\/\/ecodivebali.com\/fr\/les-formations\/open-water-diver\/\",\"name\":\"PADI Open Water Diver avec Ecodive Bali Diving, Best Bali Dive Center\",\"isPartOf\":{\"@id\":\"https:\/\/ecodivebali.com\/fr\/#website\"},\"datePublished\":\"2016-09-27T00:05:37+00:00\",\"dateModified\":\"2024-09-12T09:51:57+00:00\",\"description\":\"Devenir un PADI Open Water Diver est la meilleure fa\u00e7on de commencer votre aventure de plong\u00e9e!\",\"breadcrumb\":{\"@id\":\"https:\/\/ecodivebali.com\/fr\/les-formations\/open-water-diver\/#breadcrumb\"},\"inLanguage\":\"fr-FR\",\"potentialAction\":[{\"@type\":\"ReadAction\",\"target\":[\"https:\/\/ecodivebali.com\/fr\/les-formations\/open-water-diver\/\"]}]},{\"@type\":\"BreadcrumbList\",\"@id\":\"https:\/\/ecodivebali.com\/fr\/les-formations\/open-water-diver\/#breadcrumb\",\"itemListElement\":[{\"@type\":\"ListItem\",\"position\":1,\"name\":\"Home\",\"item\":\"https:\/\/ecodivebali.com\/fr\/\"},{\"@type\":\"ListItem\",\"position\":2,\"name\":\"Les Formations\",\"item\":\"https:\/\/ecodivebali.com\/fr\/dive-courses\/\"},{\"@type\":\"ListItem\",\"position\":3,\"name\":\"Open Water Diver\"}]},{\"@type\":\"WebSite\",\"@id\":\"https:\/\/ecodivebali.com\/fr\/#website\",\"url\":\"https:\/\/ecodivebali.com\/fr\/\",\"name\":\"Ecodive Bali Diving\",\"description\":\"PADI Bali Diving in Amed Tulamben with Ecodive Bali\",\"potentialAction\":[{\"@type\":\"SearchAction\",\"target\":{\"@type\":\"EntryPoint\",\"urlTemplate\":\"https:\/\/ecodivebali.com\/fr\/?s={search_term_string}\"},\"query-input\":{\"@type\":\"PropertyValueSpecification\",\"valueRequired\":true,\"valueName\":\"search_term_string\"}}],\"inLanguage\":\"fr-FR\"}]}<\/script>\n<!-- \/ Yoast SEO plugin. -->","yoast_head_json":{"title":"PADI Open Water Diver avec Ecodive Bali Diving, Best Bali Dive Center","description":"Devenir un PADI Open Water Diver est la meilleure fa\u00e7on de commencer votre aventure de plong\u00e9e!","robots":{"index":"index","follow":"follow","max-snippet":"max-snippet:-1","max-image-preview":"max-image-preview:large","max-video-preview":"max-video-preview:-1"},"canonical":"https:\/\/ecodivebali.com\/fr\/les-formations\/open-water-diver\/","og_locale":"fr_FR","og_type":"article","og_title":"PADI Open Water Diver avec Ecodive Bali Diving, Best Bali Dive Center","og_description":"Devenir un PADI Open Water Diver est la meilleure fa\u00e7on de commencer votre aventure de plong\u00e9e!","og_url":"https:\/\/ecodivebali.com\/fr\/les-formations\/open-water-diver\/","og_site_name":"Ecodive Bali Diving","article_publisher":"https:\/\/www.facebook.com\/pages\/Ecodive-Bali\/129036727173201","article_modified_time":"2024-09-12T09:51:57+00:00","twitter_card":"summary_large_image","twitter_site":"@Ecodive_Bali1","twitter_misc":{"Dur\u00e9e de lecture estim\u00e9e":"2 minutes"},"schema":{"@context":"https:\/\/schema.org","@graph":[{"@type":"WebPage","@id":"https:\/\/ecodivebali.com\/fr\/les-formations\/open-water-diver\/","url":"https:\/\/ecodivebali.com\/fr\/les-formations\/open-water-diver\/","name":"PADI Open Water Diver avec Ecodive Bali Diving, Best Bali Dive Center","isPartOf":{"@id":"https:\/\/ecodivebali.com\/fr\/#website"},"datePublished":"2016-09-27T00:05:37+00:00","dateModified":"2024-09-12T09:51:57+00:00","description":"Devenir un PADI Open Water Diver est la meilleure fa\u00e7on de commencer votre aventure de plong\u00e9e!","breadcrumb":{"@id":"https:\/\/ecodivebali.com\/fr\/les-formations\/open-water-diver\/#breadcrumb"},"inLanguage":"fr-FR","potentialAction":[{"@type":"ReadAction","target":["https:\/\/ecodivebali.com\/fr\/les-formations\/open-water-diver\/"]}]},{"@type":"BreadcrumbList","@id":"https:\/\/ecodivebali.com\/fr\/les-formations\/open-water-diver\/#breadcrumb","itemListElement":[{"@type":"ListItem","position":1,"name":"Home","item":"https:\/\/ecodivebali.com\/fr\/"},{"@type":"ListItem","position":2,"name":"Les Formations","item":"https:\/\/ecodivebali.com\/fr\/dive-courses\/"},{"@type":"ListItem","position":3,"name":"Open Water Diver"}]},{"@type":"WebSite","@id":"https:\/\/ecodivebali.com\/fr\/#website","url":"https:\/\/ecodivebali.com\/fr\/","name":"Ecodive Bali Diving","description":"PADI Bali Diving in Amed Tulamben with Ecodive Bali","potentialAction":[{"@type":"SearchAction","target":{"@type":"EntryPoint","urlTemplate":"https:\/\/ecodivebali.com\/fr\/?s={search_term_string}"},"query-input":{"@type":"PropertyValueSpecification","valueRequired":true,"valueName":"search_term_string"}}],"inLanguage":"fr-FR"}]}},"_links":{"self":[{"href":"https:\/\/ecodivebali.com\/fr\/wp-json\/wp\/v2\/pages\/943","targetHints":{"allow":["GET"]}}],"collection":[{"href":"https:\/\/ecodivebali.com\/fr\/wp-json\/wp\/v2\/pages"}],"about":[{"href":"https:\/\/ecodivebali.com\/fr\/wp-json\/wp\/v2\/types\/page"}],"author":[{"embeddable":true,"href":"https:\/\/ecodivebali.com\/fr\/wp-json\/wp\/v2\/users\/1"}],"replies":[{"embeddable":true,"href":"https:\/\/ecodivebali.com\/fr\/wp-json\/wp\/v2\/comments?post=943"}],"version-history":[{"count":2,"href":"https:\/\/ecodivebali.com\/fr\/wp-json\/wp\/v2\/pages\/943\/revisions"}],"predecessor-version":[{"id":2225,"href":"https:\/\/ecodivebali.com\/fr\/wp-json\/wp\/v2\/pages\/943\/revisions\/2225"}],"up":[{"embeddable":true,"href":"https:\/\/ecodivebali.com\/fr\/wp-json\/wp\/v2\/pages\/924"}],"wp:attachment":[{"href":"https:\/\/ecodivebali.com\/fr\/wp-json\/wp\/v2\/media?parent=943"}],"curies":[{"name":"wp","href":"https:\/\/api.w.org\/{rel}","templated":true}]}}