{"id":939,"date":"2016-09-27T00:06:53","date_gmt":"2016-09-27T00:06:53","guid":{"rendered":"http:\/\/ecodivebali.com\/fr\/les-formations\/specialty-courses\/"},"modified":"2017-06-04T13:58:22","modified_gmt":"2017-06-04T13:58:22","slug":"les-specialites","status":"publish","type":"page","link":"https:\/\/ecodivebali.com\/fr\/les-formations\/les-specialites\/","title":{"rendered":"Les Sp\u00e9cialit\u00e9s"},"content":{"rendered":"\n<style type=\"text\/css\" data-created_by=\"avia_inline_auto\" id=\"style-css-av-av_section-f808a1900ea06ed251b1fb918ce04c78\">\n.avia-section.av-av_section-f808a1900ea06ed251b1fb918ce04c78 .av-parallax .av-parallax-inner{\nbackground-repeat:no-repeat;\nbackground-image:url(https:\/\/ecodivebali.com\/wp-content\/uploads\/2016\/11\/ecodivebali-divers-2.jpg);\nbackground-position:50% 50%;\nbackground-attachment:scroll;\n}\n<\/style>\n<div id='av_section_1'  class='avia-section av-av_section-f808a1900ea06ed251b1fb918ce04c78 main_color avia-section-huge avia-no-border-styling  avia-builder-el-0  el_before_av_section  avia-builder-el-first  avia-full-stretch av-parallax-section avia-bg-style-parallax container_wrap sidebar_right'  data-section-bg-repeat='stretch'><div class='av-parallax' data-avia-parallax-ratio='0.3' ><div class='av-parallax-inner main_color avia-full-stretch'><\/div><\/div><div class='container av-section-cont-open' ><main  role=\"main\" itemprop=\"mainContentOfPage\"  class='template-page content  av-content-small alpha units'><div class='post-entry post-entry-type-page post-entry-939'><div class='entry-content-wrapper clearfix'>\n\n<style type=\"text\/css\" data-created_by=\"avia_inline_auto\" id=\"style-css-av-av_heading-13632adac82b6c0a68ae34772c358e6c\">\n#top .av-special-heading.av-av_heading-13632adac82b6c0a68ae34772c358e6c{\npadding-bottom:0;\ncolor:#ffffff;\nfont-size:70px;\n}\nbody .av-special-heading.av-av_heading-13632adac82b6c0a68ae34772c358e6c .av-special-heading-tag .heading-char{\nfont-size:25px;\n}\n#top #wrap_all .av-special-heading.av-av_heading-13632adac82b6c0a68ae34772c358e6c .av-special-heading-tag{\nfont-size:70px;\n}\n.av-special-heading.av-av_heading-13632adac82b6c0a68ae34772c358e6c .special-heading-inner-border{\nborder-color:#ffffff;\n}\n.av-special-heading.av-av_heading-13632adac82b6c0a68ae34772c358e6c .av-subheading{\nfont-size:15px;\n}\n\n@media only screen and (min-width: 480px) and (max-width: 767px){ \n#top #wrap_all .av-special-heading.av-av_heading-13632adac82b6c0a68ae34772c358e6c .av-special-heading-tag{\nfont-size:0.8em;\n}\n}\n\n@media only screen and (max-width: 479px){ \n#top #wrap_all .av-special-heading.av-av_heading-13632adac82b6c0a68ae34772c358e6c .av-special-heading-tag{\nfont-size:0.8em;\n}\n}\n<\/style>\n<div  class='av-special-heading av-av_heading-13632adac82b6c0a68ae34772c358e6c av-special-heading-h6 custom-color-heading blockquote modern-quote modern-centered  avia-builder-el-1  avia-builder-el-no-sibling  av-inherit-size'><h6 class='av-special-heading-tag '  itemprop=\"headline\"  >Les Sp\u00e9cialit\u00e9s<\/h6><div class='av_custom_color av-subheading av-subheading_below'><p>Ecodive peut vous aider \u00e0 d\u00e9velopper vos techniques de plong\u00e9e.<\/p>\n<\/div><div class=\"special-heading-border\"><div class=\"special-heading-inner-border\"><\/div><\/div><\/div>\n\n<\/div><\/div><\/main><!-- close content main element --><\/div><\/div>\n<style type=\"text\/css\" data-created_by=\"avia_inline_auto\" id=\"style-css-av-av_section-fb37fa88fbca848c7e29aff3fecdfcf1\">\n.avia-section.av-av_section-fb37fa88fbca848c7e29aff3fecdfcf1{\nbackground-color:#ffffff;\nbackground-image:unset;\n}\n<\/style>\n<div id='av_section_2'  class='avia-section av-av_section-fb37fa88fbca848c7e29aff3fecdfcf1 main_color avia-section-default avia-no-shadow  avia-builder-el-2  el_after_av_section  el_before_av_section  avia-bg-style-scroll container_wrap sidebar_right'  ><div class='container av-section-cont-open' ><div class='template-page content  av-content-small alpha units'><div class='post-entry post-entry-type-page post-entry-939'><div class='entry-content-wrapper clearfix'>\n<div class='flex_column_table av-av_two_third-201587a3cb27360f0e7f6c88d43151c7 sc-av_two_third av-equal-height-column-flextable'>\n<style type=\"text\/css\" data-created_by=\"avia_inline_auto\" id=\"style-css-av-av_two_third-201587a3cb27360f0e7f6c88d43151c7\">\n.flex_column.av-av_two_third-201587a3cb27360f0e7f6c88d43151c7{\nborder-radius:0px 0px 0px 0px;\npadding:0px 0px 0px 0px;\n}\n<\/style>\n<div  class='flex_column av-av_two_third-201587a3cb27360f0e7f6c88d43151c7 av_two_third  avia-builder-el-3  el_before_av_one_third  avia-builder-el-first  first flex_column_table_cell av-equal-height-column av-align-top av-zero-column-padding  '     ><section  class='av_textblock_section av-av_textblock-0366cc7376be6c9e82a3e9cc8987b64f '   itemscope=\"itemscope\" itemtype=\"https:\/\/schema.org\/CreativeWork\" ><div class='avia_textblock'  itemprop=\"text\" ><h2 id=\"ctl00_ctl00_MainColumns_Columns_DropZoneLC_uxColumnDisplay_ctl00_uxControlColumn_ctl00_uxWidgetHost_uxWidgetHost_widget_h3Title\" class=\"sub-feature-header\">Choisissez ce qui vous plait.<\/h2>\n<p>La plong\u00e9e est un moyen d\u2019explorer le monde sous-marin de mani\u00e8re innovante et diff\u00e9rente. Les sp\u00e9cialit\u00e9s PADI vous enseignent de nouvelles techniques et vous donne les outils pour am\u00e9liorer vos explorations. Consultez la liste des formations disponibles ci dessous.<\/p>\n<div class=\"panel-heading\">\n<h3 class=\"panel-title\">Ecodive peut vous enseigner les sp\u00e9cialit\u00e9s suivantes:<\/h3>\n<\/div>\n<div id=\"ctl00_ctl00_MainColumns_Columns_DropZoneLC_uxColumnDisplay_ctl00_uxControlColumn_ctl00_uxWidgetHost_uxWidgetHost_widget_UxRepeater_ctl00_0\" class=\"panel-collapse in\">\n<div class=\"panel-body\">\n<ul>\n<li class=\"p1\"><a title=\"AWARE - Coral Reef Conservation\" href=\"https:\/\/www.padi.com\/scuba-diving\/padi-courses\/course-catalog\/specialty-diver\/aware-coral-reef-conservation\" target=\"_blank\">AWARE \u2013 Conservation du corail<\/a><\/li>\n<li class=\"p2\"><a title=\"AWARE - Fish Identification\" href=\"https:\/\/www.padi.com\/scuba-diving\/padi-courses\/course-catalog\/specialty-diver\/aware-fish-identification\" target=\"_blank\">AWARE \u2013 Identification des poissons<\/a><\/li>\n<li class=\"p2\"><a title=\"Deep Diver\" href=\"https:\/\/www.padi.com\/scuba-diving\/padi-courses\/course-catalog\/specialty-diver\/deep-diver\" target=\"_blank\">Plong\u00e9e profonde<\/a><\/li>\n<li class=\"p2\"><a title=\"Digital Underwater Photographer\" href=\"https:\/\/www.padi.com\/scuba-diving\/padi-courses\/course-catalog\/specialty-diver\/digital-underwater-photographer\" target=\"_blank\">Photographie sous marine<\/a><\/li>\n<li class=\"p2\"><a title=\"Drift Diver\" href=\"https:\/\/www.padi.com\/scuba-diving\/padi-courses\/course-catalog\/specialty-diver\/drift-diver\" target=\"_blank\">Plong\u00e9e d\u00e9rivante<\/a><\/li>\n<li class=\"p2\"><a title=\"Enriched Air Diver\" href=\"https:\/\/www.padi.com\/scuba-diving\/padi-courses\/course-catalog\/specialty-diver\/enriched-air-diver\" target=\"_blank\">Plong\u00e9e nitrox<\/a><\/li>\n<li class=\"p2\"><a title=\"Night Diver\" href=\"https:\/\/www.padi.com\/scuba-diving\/padi-courses\/course-catalog\/specialty-diver\/night-diver\" target=\"_blank\">Plong\u00e9e de nuit<\/a><\/li>\n<li class=\"p2\"><a title=\"Peak Performance Buoyancy\" href=\"https:\/\/www.padi.com\/scuba-diving\/padi-courses\/course-catalog\/specialty-diver\/peak-performance-diver\" target=\"_blank\">Contr\u00f4le de la flottabilit\u00e9<\/a><\/li>\n<li class=\"p2\"><a title=\"Project AWARE Specialist\" href=\"https:\/\/www.padi.com\/scuba-diving\/padi-courses\/course-catalog\/scialty-diver\/project-aware-specialty\" target=\"_blank\">Sp\u00e9cialiste projet AWARE<\/a><\/li>\n<li class=\"p2\"><a title=\"Search and Recovery Diver\" href=\"https:\/\/www.padi.com\/scuba-diving\/padi-courses\/course-catalog\/specialty-diver\/search-and-recovery-diver\" target=\"_blank\">Recherche et r\u00e9cup\u00e9ration d\u2019objet<\/a><\/li>\n<li class=\"p2\"><a title=\"Underwater Naturalist\" href=\"https:\/\/www.padi.com\/scuba-diving\/padi-courses\/course-catalog\/specialty-diver\/underwater-naturalist\" target=\"_blank\">Naturaliste sous-marin<\/a><\/li>\n<li class=\"p2\"><a title=\"Underwater Navigator\" href=\"https:\/\/www.padi.com\/scuba-diving\/padi-courses\/course-catalog\/specialty-diver\/underwater-navigator\" target=\"_blank\">Orientation sous-marine<\/a><\/li>\n<li class=\"p2\"><a title=\"Wreck Diver\" href=\"https:\/\/www.padi.com\/scuba-diving\/padi-courses\/course-catalog\/specialty-diver\/wreck-diver\" target=\"_blank\">Plong\u00e9e \u00c9pave<\/a><\/li>\n<\/ul>\n<\/div>\n<\/div>\n<\/div><\/section><br \/>\n<div  class='avia-button-wrap avia-button-center  avia-builder-el-5  el_after_av_textblock  avia-builder-el-last '>\n<style type=\"text\/css\" data-created_by=\"avia_inline_auto\" id=\"style-css-av-av_button_big-a76cf3b0169a79bbcd04e64a2d6bd250\">\n#top #wrap_all .avia-button.av-av_button_big-a76cf3b0169a79bbcd04e64a2d6bd250{\ncolor:#ffffff;\ntransition:all 0.4s ease-in-out;\n}\n#top #wrap_all .avia-button.av-av_button_big-a76cf3b0169a79bbcd04e64a2d6bd250:hover{\nbackground-color:silver;\ncolor:#ffffff;\ntransition:all 0.4s ease-in-out;\n}\n#top #wrap_all .avia-button.av-av_button_big-a76cf3b0169a79bbcd04e64a2d6bd250 .avia-svg-icon svg:first-child{\nfill:#ffffff;\nstroke:#ffffff;\n}\n#top #wrap_all .avia-button.av-av_button_big-a76cf3b0169a79bbcd04e64a2d6bd250:hover .avia-svg-icon svg:first-child{\nfill:#ffffff;\nstroke:#ffffff;\n}\n<\/style>\n<a href='https:\/\/ecodivebali.com\/fr\/contact\/' class='avia-color-theme-color avia-button avia-button-fullwidth av-av_button_big-a76cf3b0169a79bbcd04e64a2d6bd250 avia-icon_select-no avia-color-theme-color'   aria-label=\"Gagnez en exp\u00e9rience d\u00e8s aujourd\u2019hui !\"><span class='avia_iconbox_title' >Gagnez en exp\u00e9rience d\u00e8s aujourd\u2019hui !<\/span><\/a><\/div><\/p><\/div><div class='av-flex-placeholder'><\/div>\n<style type=\"text\/css\" data-created_by=\"avia_inline_auto\" id=\"style-css-av-av_one_third-0aa7055fe62c3622faec82866afbaeb2\">\n.flex_column.av-av_one_third-0aa7055fe62c3622faec82866afbaeb2{\nborder-radius:0px 0px 0px 0px;\npadding:0px 0px 0px 0px;\n}\n<\/style>\n<div  class='flex_column av-av_one_third-0aa7055fe62c3622faec82866afbaeb2 av_one_third  avia-builder-el-6  el_after_av_two_third  avia-builder-el-last  flex_column_table_cell av-equal-height-column av-align-top av-zero-column-padding  '     ><section  class='av_textblock_section av-av_textblock-0366cc7376be6c9e82a3e9cc8987b64f '   itemscope=\"itemscope\" itemtype=\"https:\/\/schema.org\/CreativeWork\" ><div class='avia_textblock'  itemprop=\"text\" ><div class=\"av-flex-placeholder\">\n<div class=\"avia_textblock \">\n<h3><strong>Nous proposons les formations suivantes:<\/strong><\/h3>\n<\/div>\n<\/div>\n<ul class=\"shortcode-list\">\n<li><a title=\"Scuba Review\" href=\"https:\/\/ecodivebali.com\/fr\/les-formations\/scuba-review\/\"><i class=\"icon-star\"><\/i>Scuba Review<\/a><\/li>\n<li><a title=\"Discover Scuba Diving\" href=\"https:\/\/ecodivebali.com\/fr\/les-formations\/discover-scuba-diving\/\"><i class=\"icon-star\"><\/i>Discover Scuba Diving<\/a><\/li>\n<li><a title=\"Open Water Diver\" href=\"https:\/\/ecodivebali.com\/fr\/les-formations\/open-water-diver\/\"><i class=\"icon-star\"><\/i>Open Water Diver<\/a><\/li>\n<li><a title=\"Advanced Open Water Diver\" href=\"https:\/\/ecodivebali.com\/fr\/les-formations\/advanced-open-water-diver\/\"><i class=\"icon-star\"><\/i>Advanced Open Water Diver<\/a><\/li>\n<li><a href=\"https:\/\/ecodivebali.com\/fr\/les-formations\/rescue-diver\/\"><i class=\"icon-star\"><\/i>Rescue Diver<\/a><\/li>\n<li><a href=\"https:\/\/ecodivebali.com\/fr\/les-formations\/divemaster\/\"><i class=\"icon-star\"><\/i>Divemaster<\/a><\/li>\n<li><a title=\"PADI Specialty Courses\" href=\"https:\/\/ecodivebali.com\/fr\/les-formations\/les-specialites\/\"><i class=\"icon-star\"><\/i>Sp\u00e9cialit\u00e9s PADI<\/a><\/li>\n<\/ul>\n<\/div><\/section><br \/>\n<section  class='av_textblock_section av-av_textblock-0366cc7376be6c9e82a3e9cc8987b64f '   itemscope=\"itemscope\" itemtype=\"https:\/\/schema.org\/CreativeWork\" ><div class='avia_textblock'  itemprop=\"text\" ><p><strong>Pour plus d\u2019information sur l\u2019h\u00e9bergement, les installations, les s\u00e9jours plong\u00e9e, les formations et les safaris, contactez nous :<br \/>\n<\/strong><\/p>\n<div>Ecodive Bali<\/div>\n<div>Jemeluk Beach<\/div>\n<div>Amed, Abang Karangasem<\/div>\n<div>Bali, INDONESIA, 80852<\/div>\n<div><\/div>\n<div>email: <a href=\"mailto:info@ecodivebali.com\" target=\"_blank\">info@ecodivebali.com<\/a><\/div>\n<div>Tel\/Fax. (62) 363 \u2013 23482<\/div>\n<\/div><\/section><\/p><\/div><\/div><!--close column table wrapper. Autoclose: 1 --><\/div><\/div><\/div><!-- close content main div --><\/div><\/div>\n<style type=\"text\/css\" data-created_by=\"avia_inline_auto\" id=\"style-css-av-av_section-4863c226fa8d1917fdbde04775fe2344\">\n.avia-section.av-av_section-4863c226fa8d1917fdbde04775fe2344 .av-parallax .av-parallax-inner{\nbackground-repeat:no-repeat;\nbackground-image:url(https:\/\/ecodivebali.com\/wp-content\/uploads\/2016\/09\/ecodive-01.jpg);\nbackground-position:50% 50%;\nbackground-attachment:scroll;\n}\n<\/style>\n<div id='av_section_3'  class='avia-section av-av_section-4863c226fa8d1917fdbde04775fe2344 main_color avia-section-default avia-no-border-styling  avia-builder-el-9  el_after_av_section  el_before_av_one_third  avia-full-stretch av-parallax-section avia-bg-style-parallax av-minimum-height av-minimum-height-75 av-height-75  container_wrap sidebar_right'  data-section-bg-repeat='stretch' data-av_minimum_height_pc='75' data-av_min_height_opt='75'><div class='av-parallax' data-avia-parallax-ratio='0.3' ><div class='av-parallax-inner main_color avia-full-stretch'><\/div><\/div><div class='container av-section-cont-open' ><div class='template-page content  av-content-small alpha units'><div class='post-entry post-entry-type-page post-entry-939'><div class='entry-content-wrapper clearfix'><\/div><\/div><\/div><!-- close content main div --><\/div><\/div><div id='after_section_3'  class='main_color av_default_container_wrap container_wrap sidebar_right'  ><div class='container av-section-cont-open' ><div class='template-page content  av-content-small alpha units'><div class='post-entry post-entry-type-page post-entry-939'><div class='entry-content-wrapper clearfix'><\/p>\n\n<style type=\"text\/css\" data-created_by=\"avia_inline_auto\" id=\"style-css-av-av_one_third-6126cab7d8fab8d08143dd2dacdf673c\">\n.flex_column.av-av_one_third-6126cab7d8fab8d08143dd2dacdf673c{\nborder-radius:0px 0px 0px 0px;\npadding:0px 0px 0px 0px;\n}\n<\/style>\n<div  class='flex_column av-av_one_third-6126cab7d8fab8d08143dd2dacdf673c av_one_third  avia-builder-el-10  el_after_av_section  avia-builder-el-no-sibling  first flex_column_div av-zero-column-padding  '     ><\/div>\n","protected":false},"excerpt":{"rendered":"","protected":false},"author":1,"featured_media":0,"parent":924,"menu_order":0,"comment_status":"closed","ping_status":"closed","template":"","meta":{"footnotes":""},"class_list":["post-939","page","type-page","status-publish","hentry"],"yoast_head":"<!-- This site is optimized with the Yoast SEO plugin v26.6 - https:\/\/yoast.com\/wordpress\/plugins\/seo\/ -->\n<title>Les Plong\u00e9e sp\u00e9cialit\u00e9s PADI \u00e0 Bali, Plong\u00e9e Bali, Bali PADI Dive Center<\/title>\n<meta name=\"description\" content=\"Ecodive peut vous aider \u00e0 d\u00e9velopper vos techniques de plong\u00e9e.\" \/>\n<meta name=\"robots\" content=\"index, follow, max-snippet:-1, max-image-preview:large, max-video-preview:-1\" \/>\n<link rel=\"canonical\" href=\"https:\/\/ecodivebali.com\/fr\/les-formations\/les-specialites\/\" \/>\n<meta property=\"og:locale\" content=\"fr_FR\" \/>\n<meta property=\"og:type\" content=\"article\" \/>\n<meta property=\"og:title\" content=\"Les Plong\u00e9e sp\u00e9cialit\u00e9s PADI \u00e0 Bali, Plong\u00e9e Bali, Bali PADI Dive Center\" \/>\n<meta property=\"og:description\" content=\"Ecodive peut vous aider \u00e0 d\u00e9velopper vos techniques de plong\u00e9e.\" \/>\n<meta property=\"og:url\" content=\"https:\/\/ecodivebali.com\/fr\/les-formations\/les-specialites\/\" \/>\n<meta property=\"og:site_name\" content=\"Ecodive Bali Diving\" \/>\n<meta property=\"article:publisher\" content=\"https:\/\/www.facebook.com\/pages\/Ecodive-Bali\/129036727173201\" \/>\n<meta property=\"article:modified_time\" content=\"2017-06-04T13:58:22+00:00\" \/>\n<meta name=\"twitter:card\" content=\"summary_large_image\" \/>\n<meta name=\"twitter:site\" content=\"@Ecodive_Bali1\" \/>\n<meta name=\"twitter:label1\" content=\"Dur\u00e9e de lecture estim\u00e9e\" \/>\n\t<meta name=\"twitter:data1\" content=\"3 minutes\" \/>\n<script type=\"application\/ld+json\" class=\"yoast-schema-graph\">{\"@context\":\"https:\/\/schema.org\",\"@graph\":[{\"@type\":\"WebPage\",\"@id\":\"https:\/\/ecodivebali.com\/fr\/les-formations\/les-specialites\/\",\"url\":\"https:\/\/ecodivebali.com\/fr\/les-formations\/les-specialites\/\",\"name\":\"Les Plong\u00e9e sp\u00e9cialit\u00e9s PADI \u00e0 Bali, Plong\u00e9e Bali, Bali PADI Dive Center\",\"isPartOf\":{\"@id\":\"https:\/\/ecodivebali.com\/fr\/#website\"},\"datePublished\":\"2016-09-27T00:06:53+00:00\",\"dateModified\":\"2017-06-04T13:58:22+00:00\",\"description\":\"Ecodive peut vous aider \u00e0 d\u00e9velopper vos techniques de plong\u00e9e.\",\"breadcrumb\":{\"@id\":\"https:\/\/ecodivebali.com\/fr\/les-formations\/les-specialites\/#breadcrumb\"},\"inLanguage\":\"fr-FR\",\"potentialAction\":[{\"@type\":\"ReadAction\",\"target\":[\"https:\/\/ecodivebali.com\/fr\/les-formations\/les-specialites\/\"]}]},{\"@type\":\"BreadcrumbList\",\"@id\":\"https:\/\/ecodivebali.com\/fr\/les-formations\/les-specialites\/#breadcrumb\",\"itemListElement\":[{\"@type\":\"ListItem\",\"position\":1,\"name\":\"Home\",\"item\":\"https:\/\/ecodivebali.com\/fr\/\"},{\"@type\":\"ListItem\",\"position\":2,\"name\":\"Les Formations\",\"item\":\"https:\/\/ecodivebali.com\/fr\/dive-courses\/\"},{\"@type\":\"ListItem\",\"position\":3,\"name\":\"Les Sp\u00e9cialit\u00e9s\"}]},{\"@type\":\"WebSite\",\"@id\":\"https:\/\/ecodivebali.com\/fr\/#website\",\"url\":\"https:\/\/ecodivebali.com\/fr\/\",\"name\":\"Ecodive Bali Diving\",\"description\":\"PADI Bali Diving in Amed Tulamben with Ecodive Bali\",\"potentialAction\":[{\"@type\":\"SearchAction\",\"target\":{\"@type\":\"EntryPoint\",\"urlTemplate\":\"https:\/\/ecodivebali.com\/fr\/?s={search_term_string}\"},\"query-input\":{\"@type\":\"PropertyValueSpecification\",\"valueRequired\":true,\"valueName\":\"search_term_string\"}}],\"inLanguage\":\"fr-FR\"}]}<\/script>\n<!-- \/ Yoast SEO plugin. -->","yoast_head_json":{"title":"Les Plong\u00e9e sp\u00e9cialit\u00e9s PADI \u00e0 Bali, Plong\u00e9e Bali, Bali PADI Dive Center","description":"Ecodive peut vous aider \u00e0 d\u00e9velopper vos techniques de plong\u00e9e.","robots":{"index":"index","follow":"follow","max-snippet":"max-snippet:-1","max-image-preview":"max-image-preview:large","max-video-preview":"max-video-preview:-1"},"canonical":"https:\/\/ecodivebali.com\/fr\/les-formations\/les-specialites\/","og_locale":"fr_FR","og_type":"article","og_title":"Les Plong\u00e9e sp\u00e9cialit\u00e9s PADI \u00e0 Bali, Plong\u00e9e Bali, Bali PADI Dive Center","og_description":"Ecodive peut vous aider \u00e0 d\u00e9velopper vos techniques de plong\u00e9e.","og_url":"https:\/\/ecodivebali.com\/fr\/les-formations\/les-specialites\/","og_site_name":"Ecodive Bali Diving","article_publisher":"https:\/\/www.facebook.com\/pages\/Ecodive-Bali\/129036727173201","article_modified_time":"2017-06-04T13:58:22+00:00","twitter_card":"summary_large_image","twitter_site":"@Ecodive_Bali1","twitter_misc":{"Dur\u00e9e de lecture estim\u00e9e":"3 minutes"},"schema":{"@context":"https:\/\/schema.org","@graph":[{"@type":"WebPage","@id":"https:\/\/ecodivebali.com\/fr\/les-formations\/les-specialites\/","url":"https:\/\/ecodivebali.com\/fr\/les-formations\/les-specialites\/","name":"Les Plong\u00e9e sp\u00e9cialit\u00e9s PADI \u00e0 Bali, Plong\u00e9e Bali, Bali PADI Dive Center","isPartOf":{"@id":"https:\/\/ecodivebali.com\/fr\/#website"},"datePublished":"2016-09-27T00:06:53+00:00","dateModified":"2017-06-04T13:58:22+00:00","description":"Ecodive peut vous aider \u00e0 d\u00e9velopper vos techniques de plong\u00e9e.","breadcrumb":{"@id":"https:\/\/ecodivebali.com\/fr\/les-formations\/les-specialites\/#breadcrumb"},"inLanguage":"fr-FR","potentialAction":[{"@type":"ReadAction","target":["https:\/\/ecodivebali.com\/fr\/les-formations\/les-specialites\/"]}]},{"@type":"BreadcrumbList","@id":"https:\/\/ecodivebali.com\/fr\/les-formations\/les-specialites\/#breadcrumb","itemListElement":[{"@type":"ListItem","position":1,"name":"Home","item":"https:\/\/ecodivebali.com\/fr\/"},{"@type":"ListItem","position":2,"name":"Les Formations","item":"https:\/\/ecodivebali.com\/fr\/dive-courses\/"},{"@type":"ListItem","position":3,"name":"Les Sp\u00e9cialit\u00e9s"}]},{"@type":"WebSite","@id":"https:\/\/ecodivebali.com\/fr\/#website","url":"https:\/\/ecodivebali.com\/fr\/","name":"Ecodive Bali Diving","description":"PADI Bali Diving in Amed Tulamben with Ecodive Bali","potentialAction":[{"@type":"SearchAction","target":{"@type":"EntryPoint","urlTemplate":"https:\/\/ecodivebali.com\/fr\/?s={search_term_string}"},"query-input":{"@type":"PropertyValueSpecification","valueRequired":true,"valueName":"search_term_string"}}],"inLanguage":"fr-FR"}]}},"_links":{"self":[{"href":"https:\/\/ecodivebali.com\/fr\/wp-json\/wp\/v2\/pages\/939","targetHints":{"allow":["GET"]}}],"collection":[{"href":"https:\/\/ecodivebali.com\/fr\/wp-json\/wp\/v2\/pages"}],"about":[{"href":"https:\/\/ecodivebali.com\/fr\/wp-json\/wp\/v2\/types\/page"}],"author":[{"embeddable":true,"href":"https:\/\/ecodivebali.com\/fr\/wp-json\/wp\/v2\/users\/1"}],"replies":[{"embeddable":true,"href":"https:\/\/ecodivebali.com\/fr\/wp-json\/wp\/v2\/comments?post=939"}],"version-history":[{"count":0,"href":"https:\/\/ecodivebali.com\/fr\/wp-json\/wp\/v2\/pages\/939\/revisions"}],"up":[{"embeddable":true,"href":"https:\/\/ecodivebali.com\/fr\/wp-json\/wp\/v2\/pages\/924"}],"wp:attachment":[{"href":"https:\/\/ecodivebali.com\/fr\/wp-json\/wp\/v2\/media?parent=939"}],"curies":[{"name":"wp","href":"https:\/\/api.w.org\/{rel}","templated":true}]}}