{"id":936,"date":"2016-09-27T00:06:27","date_gmt":"2016-09-27T00:06:27","guid":{"rendered":"http:\/\/ecodivebali.com\/fr\/les-formations\/divemaster\/"},"modified":"2024-09-12T09:53:39","modified_gmt":"2024-09-12T09:53:39","slug":"divemaster","status":"publish","type":"page","link":"https:\/\/ecodivebali.com\/fr\/les-formations\/divemaster\/","title":{"rendered":"Divemaster"},"content":{"rendered":"\n<style type=\"text\/css\" data-created_by=\"avia_inline_auto\" id=\"style-css-av-av_section-4adfb0194af590192383592d7d7e582d\">\n.avia-section.av-av_section-4adfb0194af590192383592d7d7e582d .av-parallax .av-parallax-inner{\nbackground-repeat:no-repeat;\nbackground-image:url(https:\/\/ecodivebali.com\/wp-content\/uploads\/2016\/11\/ecodivebali-diving.jpg);\nbackground-position:50% 100%;\nbackground-attachment:scroll;\n}\n<\/style>\n<div id='av_section_1'  class='avia-section av-av_section-4adfb0194af590192383592d7d7e582d main_color avia-section-huge avia-no-border-styling  avia-builder-el-0  el_before_av_section  avia-builder-el-first  avia-full-stretch av-parallax-section avia-bg-style-parallax container_wrap sidebar_right'  data-section-bg-repeat='stretch'><div class='av-parallax' data-avia-parallax-ratio='0.3' ><div class='av-parallax-inner main_color avia-full-stretch'><\/div><\/div><div class='container av-section-cont-open' ><main  role=\"main\" itemprop=\"mainContentOfPage\"  class='template-page content  av-content-small alpha units'><div class='post-entry post-entry-type-page post-entry-936'><div class='entry-content-wrapper clearfix'>\n\n<style type=\"text\/css\" data-created_by=\"avia_inline_auto\" id=\"style-css-av-av_heading-51a532441d93ee43f6d762c605dc9fbb\">\n#top .av-special-heading.av-av_heading-51a532441d93ee43f6d762c605dc9fbb{\npadding-bottom:0;\ncolor:#ffffff;\nfont-size:70px;\n}\nbody .av-special-heading.av-av_heading-51a532441d93ee43f6d762c605dc9fbb .av-special-heading-tag .heading-char{\nfont-size:25px;\n}\n#top #wrap_all .av-special-heading.av-av_heading-51a532441d93ee43f6d762c605dc9fbb .av-special-heading-tag{\nfont-size:70px;\n}\n.av-special-heading.av-av_heading-51a532441d93ee43f6d762c605dc9fbb .special-heading-inner-border{\nborder-color:#ffffff;\n}\n.av-special-heading.av-av_heading-51a532441d93ee43f6d762c605dc9fbb .av-subheading{\nfont-size:15px;\n}\n\n@media only screen and (min-width: 480px) and (max-width: 767px){ \n#top #wrap_all .av-special-heading.av-av_heading-51a532441d93ee43f6d762c605dc9fbb .av-special-heading-tag{\nfont-size:0.8em;\n}\n}\n\n@media only screen and (max-width: 479px){ \n#top #wrap_all .av-special-heading.av-av_heading-51a532441d93ee43f6d762c605dc9fbb .av-special-heading-tag{\nfont-size:0.8em;\n}\n}\n<\/style>\n<div  class='av-special-heading av-av_heading-51a532441d93ee43f6d762c605dc9fbb av-special-heading-h6 custom-color-heading blockquote modern-quote modern-centered  avia-builder-el-1  avia-builder-el-no-sibling  av-inherit-size'><h6 class='av-special-heading-tag '  itemprop=\"headline\"  >Divemaster<\/h6><div class='av_custom_color av-subheading av-subheading_below'><p>Devenez un professionnel PADI avec Ecodive Bali<\/p>\n<\/div><div class=\"special-heading-border\"><div class=\"special-heading-inner-border\"><\/div><\/div><\/div>\n\n<\/div><\/div><\/main><!-- close content main element --><\/div><\/div>\n<style type=\"text\/css\" data-created_by=\"avia_inline_auto\" id=\"style-css-av-av_section-fb37fa88fbca848c7e29aff3fecdfcf1\">\n.avia-section.av-av_section-fb37fa88fbca848c7e29aff3fecdfcf1{\nbackground-color:#ffffff;\nbackground-image:unset;\n}\n<\/style>\n<div id='av_section_2'  class='avia-section av-av_section-fb37fa88fbca848c7e29aff3fecdfcf1 main_color avia-section-default avia-no-shadow  avia-builder-el-2  el_after_av_section  el_before_av_section  avia-bg-style-scroll container_wrap sidebar_right'  ><div class='container av-section-cont-open' ><div class='template-page content  av-content-small alpha units'><div class='post-entry post-entry-type-page post-entry-936'><div class='entry-content-wrapper clearfix'>\n<div class='flex_column_table av-av_two_third-201587a3cb27360f0e7f6c88d43151c7 sc-av_two_third av-equal-height-column-flextable'>\n<style type=\"text\/css\" data-created_by=\"avia_inline_auto\" id=\"style-css-av-av_two_third-201587a3cb27360f0e7f6c88d43151c7\">\n.flex_column.av-av_two_third-201587a3cb27360f0e7f6c88d43151c7{\nborder-radius:0px 0px 0px 0px;\npadding:0px 0px 0px 0px;\n}\n<\/style>\n<div  class='flex_column av-av_two_third-201587a3cb27360f0e7f6c88d43151c7 av_two_third  avia-builder-el-3  el_before_av_one_third  avia-builder-el-first  first flex_column_table_cell av-equal-height-column av-align-top av-zero-column-padding  '     ><section  class='av_textblock_section av-av_textblock-0366cc7376be6c9e82a3e9cc8987b64f '   itemscope=\"itemscope\" itemtype=\"https:\/\/schema.org\/CreativeWork\" ><div class='avia_textblock'  itemprop=\"text\" ><h2 id=\"ctl00_ctl00_MainColumns_Columns_DropZoneLC_uxColumnDisplay_ctl00_uxControlColumn_ctl00_uxWidgetHost_uxWidgetHost_widget_UxRepList_ctl00_h2Title\" class=\"page-sub-header header0 page-sub-header_1\">\u00c0 qui s\u2019adresse cette formation ?<\/h2>\n<p>Vous \u00eates passionn\u00e9 par la plong\u00e9e ? Vous souhaitez la partager avec d\u2019autres personnes ? Suivez une formation de Divemaster PADI et transformez votre passion en carri\u00e8re ! Les plongeurs admirent les Divemasters car se sont des meneurs qui guident et motivent les autres. En tant que Divemaster, vous plongerez beaucoup mais vous ferez \u00e9galement l\u2019exp\u00e9rience de la joie que vous pourrez ressentir \u00e0 voir d\u2019autre personne s\u2019amuser autant que vous lors d\u2019une plong\u00e9e!<\/p>\n<p>La formation PADI Divemaster est le premier niveau de formation professionnel. Vous travaillerez \u00e9troitement avec un Instructeur PADI, vous affinerez vos comp\u00e9tences, tel que la maitrise parfaite du ludion, et perfectionnerez vos techniques de sauvetages afin d\u2019anticiper et r\u00e9soudre facilement des probl\u00e8mes de base. Vous acquerrez de nouvelles connaissances en plong\u00e9e, en gestion et en supervision afin de devenir un mod\u00e8le pour les plongeurs du monde entier.<\/p>\n<p>En tant que Divemaster PADI, vous guiderez les autres en supervisant certaines s\u00e9ances de plong\u00e9e et en assistant les instructeurs lors des formations. Que vous d\u00e9siriez travailler \u00e0 l\u2019\u00e9tranger ou \u00e0 proximit\u00e9 de chez vous, dans un magasin de plong\u00e9e, une aventure incroyable vous attend !<br \/>\nLes Divemasters PADI sont des professionnels respect\u00e9s appartenant \u00e0 la plus grande et la plus respect\u00e9e des organisations de plong\u00e9e au monde \u2013 PADI.<\/p>\n<p>Les <a title=\"PADI Rescue Divers\" href=\"https:\/\/ecodivebali.com\/fr\/les-formations\/rescue-diver\/\">PADI Rescue Divers<\/a> qui ont au minimum 18 ans peuvent rejoindre la formation Divemaster PADI. Vous aurez \u00e9galement besoin de :<\/p>\n<ul>\n<li>Une certification Emergency First ResponsePrimary and Secondary Care de moins de 24 mois.<\/li>\n<li>Un <a href=\"https:\/\/dev.padi.com\/scuba-diving\/documents\/padi-courses\/medical-form\" target=\"_blank\" rel=\"noopener\">certificat m\u00e9dical<\/a> de moins d\u2019un an.<\/li>\n<li>Au moins 40 plong\u00e9es enregistr\u00e9es avant de commencer la formation et 60 pour obtenir la certification.<\/li>\n<\/ul>\n<p>Des certification venant d\u2019autres organisations de plong\u00e9es sont aussi accept\u00e9es \u2013 renseignez vous aupr\u00e8s de votre instructeur PADI<\/p>\n<h2 id=\"ctl00_ctl00_MainColumns_Columns_DropZoneLC_uxColumnDisplay_ctl00_uxControlColumn_ctl00_uxWidgetHost_uxWidgetHost_widget_UxRepList_ctl01_h2Title\" class=\"page-sub-header ContentDetailsHeaderSpacing header1 page-sub-header_2\">Qu\u2019allez vous apprendre ?<\/h2>\n<p>La formation PADI Divemaster vous enseigne \u00e0 guider et prendre en charge certaines activit\u00e9s en plong\u00e9e. A travers des sessions de d\u00e9veloppement de connaissances, des exercices aquatiques, des ateliers et des \u00e9valuations pratiques vous am\u00e9liorerez vos techniques afin de pouvoir organiser et diriger une multitude d\u2019activit\u00e9s subaquatiques. Les connaissances et ateliers pratiques incluent :<\/p>\n<ul>\n<li>Le r\u00f4le et les caract\u00e9ristiques d\u2019un Divemaster PADI<\/li>\n<li>La supervision d\u2019activit\u00e9 de plong\u00e9e et le r\u00f4le d\u2019assistant<\/li>\n<li>La s\u00e9curit\u00e9 des plongeurs et la gestion des risques<\/li>\n<li>La gestion de certains programmes et techniques<\/li>\n<li>Les plans de carri\u00e8re<\/li>\n<li>La connaissance de l\u2019environnement sous marin<\/li>\n<li>La planification et la gestion des plong\u00e9es<\/li>\n<li>La cartographie d\u2019un site<\/li>\n<li>La recherche et r\u00e9cup\u00e9ration d\u2019objets et la plong\u00e9e profonde<\/li>\n<li>La gestion d\u2019un Scuba Review et d\u2019une formation Skin diver<\/li>\n<li>L\u2019aide aux instructeurs pour les programmes Discover Scuba Diving et la gestion des programmes Discover Local Diving<\/li>\n<\/ul>\n<p>Votre instructeur pourra \u00e9galement vous proposer les sp\u00e9cialit\u00e9s plong\u00e9e profonde et recherche et r\u00e9cup\u00e9ration d\u2019objets en parall\u00e8le de votre formation Divemaster afin de vous aider \u00e0 remplir toutes les exigences et \u00e9tendre vos aptitudes.<\/p>\n<p>Vous pourrez \u00e9galement obtenir des <a title=\"get college credit\" href=\"http:\/\/www.padi.com\/scuba-diving\/padi-courses\/course-catalog\/divemaster\/scuba-diving\/padi-courses\/course-catalog\/earn-college-credit\" target=\"_blank\" rel=\"noopener\">cr\u00e9dits universitaires<\/a> gr\u00e2ce \u00e0 la formation Divemaster \u2013 renseignez vous aupr\u00e8s de votre instructeur<\/p>\n<h2 id=\"ctl00_ctl00_MainColumns_Columns_DropZoneLC_uxColumnDisplay_ctl00_uxControlColumn_ctl00_uxWidgetHost_uxWidgetHost_widget_UxRepList_ctl02_h2Title\" class=\"page-sub-header ContentDetailsHeaderSpacing header2 page-sub-header_3\">Commencer d\u00e8s maintenant !<\/h2>\n<p><a href=\"https:\/\/ecodivebali.com\/fr\/contact\/\">Inscrivez vous<\/a> \u00e0 notre formation Divemaster eLearning pour commencer aujourd\u2019hui ! Vous \u00e9tudierez 9 chapitres de d\u00e9veloppement de connaissances en utilisant une application en ligne qui vous permettra d\u2019\u00e9tudier \u00e0 votre rythme. Vous aurez \u00e9galement acc\u00e8s \u00e0 la version en ligne du manuel <em>Divemaster\u00a0<\/em>que vous pourrez utiliser pendant et apr\u00e8s la formation.<\/p>\n<p>Une autre option est d\u2019\u00e9tudier en lisant le manuel Divemaster et en visionnant le DVD <em>Divemaster<\/em>(package livre et DVD). Contactez nous pour rejoindre la formation et obtenir votre crew-pack Divemaster, qui contient \u00e9galement d\u2019autres supports p\u00e9dagogiques \u2013 comme le manuel de l\u2019instructeur PADI et <em>l\u2019Encyclop\u00e9die de la plong\u00e9e \u2013<\/em> dont vous aurez besoin lors de la formation.<\/p>\n<p>Vous pouvez aussi envisager de suivre la <a href=\"http:\/\/www.padi.com\/elearning-scuba-registration\/purchasecourse.aspx?CourseType=dt\" target=\"_blank\" rel=\"noopener\">th\u00e9orie en ligne<\/a>, un autre programme PADI eLearning, qui vous accompagne pas \u00e0 pas a travers la physique, la physiologie, les techniques, l\u2019\u00e9quipement et l\u2019environnement de la plong\u00e9e ainsi que pour la remise \u00e0 niveau sur les tables de plong\u00e9e loisir (TPL). En compl\u00e9tant la th\u00e9orie en ligne avec succ\u00e8s vous aurez la moiti\u00e9 des cr\u00e9dits n\u00e9cessaires pour l\u2019examen final du Divemaster. Nos instructeurs PADI pourront vous expliquer comment cela fonctionne quand vous vous rencontrerez pour planifier les sessions de d\u00e9veloppement de connaissances, les session aquatiques les ateliers et les \u00e9valuations pratiques !<\/p>\n<\/div><\/section><br \/>\n<div  class='avia-video av-av_video-defd1e6c3b16416b06be266dffae10b5 avia-video-16-9 av-no-preview-image avia-video-load-always av-lazyload-immediate av-lazyload-video-embed'  itemprop=\"video\" itemtype=\"https:\/\/schema.org\/VideoObject\"  data-original_url='https:\/\/www.youtube.com\/watch?v=TdV3gNVUj1Y'><script type='text\/html' class='av-video-tmpl'><div class='avia-iframe-wrap'><iframe loading=\"lazy\" width=\"1500\" height=\"844\" src=\"https:\/\/www.youtube.com\/embed\/TdV3gNVUj1Y?feature=oembed&autoplay=0&loop=0&controls=1&mute=0\" frameborder=\"0\" allowfullscreen><\/iframe><\/div><\/script><div class='av-click-to-play-overlay'><div class=\"avia_playpause_icon\"><\/div><\/div><\/div><br \/>\n<div  class='avia-button-wrap avia-button-center  avia-builder-el-6  el_after_av_video  avia-builder-el-last '>\n<style type=\"text\/css\" data-created_by=\"avia_inline_auto\" id=\"style-css-av-m0z43nfr-a765aa4dc694bda9a0b3be119335853e\">\n#top #wrap_all .avia-button.av-m0z43nfr-a765aa4dc694bda9a0b3be119335853e:hover{\nbackground-color:silver;\ncolor:white;\ntransition:all 0.4s ease-in-out;\n}\n#top #wrap_all .avia-button.av-m0z43nfr-a765aa4dc694bda9a0b3be119335853e:hover .avia-svg-icon svg:first-child{\nfill:white;\nstroke:white;\n}\n<\/style>\n<a href='https:\/\/ecodive.mybookr.io\/listings\/14-divemaster' class='avia-color-theme-color avia-font-color-theme-color avia-button avia-button-fullwidth av-m0z43nfr-a765aa4dc694bda9a0b3be119335853e avia-icon_select-no avia-color-theme-color'  target=\"_blank\"  rel=\"noopener noreferrer\"  aria-label=\"Lancez vous dans le d\u00e9fi Divemaster PADi d\u00e8s maintenant !\"><span class='avia_iconbox_title' >Lancez vous dans le d\u00e9fi Divemaster PADi d\u00e8s maintenant !<\/span><\/a><\/div><\/p><\/div><div class='av-flex-placeholder'><\/div>\n<style type=\"text\/css\" data-created_by=\"avia_inline_auto\" id=\"style-css-av-av_one_third-0aa7055fe62c3622faec82866afbaeb2\">\n.flex_column.av-av_one_third-0aa7055fe62c3622faec82866afbaeb2{\nborder-radius:0px 0px 0px 0px;\npadding:0px 0px 0px 0px;\n}\n<\/style>\n<div  class='flex_column av-av_one_third-0aa7055fe62c3622faec82866afbaeb2 av_one_third  avia-builder-el-7  el_after_av_two_third  avia-builder-el-last  flex_column_table_cell av-equal-height-column av-align-top av-zero-column-padding  '     ><section  class='av_textblock_section av-av_textblock-0366cc7376be6c9e82a3e9cc8987b64f '   itemscope=\"itemscope\" itemtype=\"https:\/\/schema.org\/CreativeWork\" ><div class='avia_textblock'  itemprop=\"text\" ><div class=\"av-flex-placeholder\">\n<div class=\"avia_textblock \">\n<h3><strong>Nous proposons les formations suivantes:<\/strong><\/h3>\n<\/div>\n<\/div>\n<ul class=\"shortcode-list\">\n<li><a title=\"Scuba Review\" href=\"https:\/\/ecodivebali.com\/fr\/les-formations\/scuba-review\/\"><i class=\"icon-star\"><\/i>Scuba Review<\/a><\/li>\n<li><a title=\"Discover Scuba Diving\" href=\"https:\/\/ecodivebali.com\/fr\/les-formations\/discover-scuba-diving\/\"><i class=\"icon-star\"><\/i>Discover Scuba Diving<\/a><\/li>\n<li><a title=\"Open Water Diver\" href=\"https:\/\/ecodivebali.com\/fr\/les-formations\/open-water-diver\/\"><i class=\"icon-star\"><\/i>Open Water Diver<\/a><\/li>\n<li><a title=\"Advanced Open Water Diver\" href=\"https:\/\/ecodivebali.com\/fr\/les-formations\/advanced-open-water-diver\/\"><i class=\"icon-star\"><\/i>Advanced Open Water Diver<\/a><\/li>\n<li><a href=\"https:\/\/ecodivebali.com\/fr\/les-formations\/rescue-diver\/\"><i class=\"icon-star\"><\/i>Rescue Diver<\/a><\/li>\n<li><a href=\"https:\/\/ecodivebali.com\/fr\/les-formations\/divemaster\/\"><i class=\"icon-star\"><\/i>Divemaster<\/a><\/li>\n<li><a title=\"PADI Specialty Courses\" href=\"https:\/\/ecodivebali.com\/fr\/les-formations\/les-specialites\/\"><i class=\"icon-star\"><\/i>Sp\u00e9cialit\u00e9s PADI<\/a><\/li>\n<\/ul>\n<\/div><\/section><br \/>\n<section  class='av_textblock_section av-av_textblock-0366cc7376be6c9e82a3e9cc8987b64f '   itemscope=\"itemscope\" itemtype=\"https:\/\/schema.org\/CreativeWork\" ><div class='avia_textblock'  itemprop=\"text\" ><p><strong>Pour plus d\u2019information sur l\u2019h\u00e9bergement, les installations, les s\u00e9jours plong\u00e9e, les formations et les safaris, contactez nous :<br \/>\n<\/strong><\/p>\n<div>Ecodive Bali<\/div>\n<div>Jemeluk Beach<\/div>\n<div>Amed, Abang Karangasem<\/div>\n<div>Bali, INDONESIA, 80852<\/div>\n<div><\/div>\n<div>email: <a href=\"mailto:info@ecodivebali.com\" target=\"_blank\">info@ecodivebali.com<\/a><\/div>\n<div>Tel\/Fax. (62) 363 \u2013 23482<\/div>\n<\/div><\/section><\/p><\/div><\/div><!--close column table wrapper. Autoclose: 1 --><\/div><\/div><\/div><!-- close content main div --><\/div><\/div>\n<style type=\"text\/css\" data-created_by=\"avia_inline_auto\" id=\"style-css-av-av_section-4863c226fa8d1917fdbde04775fe2344\">\n.avia-section.av-av_section-4863c226fa8d1917fdbde04775fe2344 .av-parallax .av-parallax-inner{\nbackground-repeat:no-repeat;\nbackground-image:url(https:\/\/ecodivebali.com\/wp-content\/uploads\/2016\/09\/ecodive-01.jpg);\nbackground-position:50% 50%;\nbackground-attachment:scroll;\n}\n<\/style>\n<div id='av_section_3'  class='avia-section av-av_section-4863c226fa8d1917fdbde04775fe2344 main_color avia-section-default avia-no-border-styling  avia-builder-el-10  el_after_av_section  avia-builder-el-last  avia-full-stretch av-parallax-section avia-bg-style-parallax av-minimum-height av-minimum-height-75 av-height-75  container_wrap sidebar_right'  data-section-bg-repeat='stretch' data-av_minimum_height_pc='75' data-av_min_height_opt='75'><div class='av-parallax' data-avia-parallax-ratio='0.3' ><div class='av-parallax-inner main_color avia-full-stretch'><\/div><\/div><div class='container av-section-cont-open' ><div class='template-page content  av-content-small alpha units'><div class='post-entry post-entry-type-page post-entry-936'><div class='entry-content-wrapper clearfix'><\/div><\/div><\/div><!-- close content main div --><\/div><\/div><div id='after_section_3'  class='main_color av_default_container_wrap container_wrap sidebar_right'  ><div class='container av-section-cont-open' ><div class='template-page content  av-content-small alpha units'><div class='post-entry post-entry-type-page post-entry-936'><div class='entry-content-wrapper clearfix'><\/p>\n","protected":false},"excerpt":{"rendered":"","protected":false},"author":1,"featured_media":0,"parent":924,"menu_order":0,"comment_status":"closed","ping_status":"closed","template":"","meta":{"footnotes":""},"class_list":["post-936","page","type-page","status-publish","hentry"],"yoast_head":"<!-- This site is optimized with the Yoast SEO plugin v26.6 - https:\/\/yoast.com\/wordpress\/plugins\/seo\/ -->\n<title>Divemaster avec Ecodive Bali Diving, Formations plong\u00e9e PADI \u00e0 Bali<\/title>\n<meta name=\"description\" content=\"Devenez un professionnel PADI avec Ecodive Bali\" \/>\n<meta name=\"robots\" content=\"index, follow, max-snippet:-1, max-image-preview:large, max-video-preview:-1\" \/>\n<link rel=\"canonical\" href=\"https:\/\/ecodivebali.com\/fr\/les-formations\/divemaster\/\" \/>\n<meta property=\"og:locale\" content=\"fr_FR\" \/>\n<meta property=\"og:type\" content=\"article\" \/>\n<meta property=\"og:title\" content=\"Divemaster avec Ecodive Bali Diving, Formations plong\u00e9e PADI \u00e0 Bali\" \/>\n<meta property=\"og:description\" content=\"Devenez un professionnel PADI avec Ecodive Bali\" \/>\n<meta property=\"og:url\" content=\"https:\/\/ecodivebali.com\/fr\/les-formations\/divemaster\/\" \/>\n<meta property=\"og:site_name\" content=\"Ecodive Bali Diving\" \/>\n<meta property=\"article:publisher\" content=\"https:\/\/www.facebook.com\/pages\/Ecodive-Bali\/129036727173201\" \/>\n<meta property=\"article:modified_time\" content=\"2024-09-12T09:53:39+00:00\" \/>\n<meta name=\"twitter:card\" content=\"summary_large_image\" \/>\n<meta name=\"twitter:site\" content=\"@Ecodive_Bali1\" \/>\n<meta name=\"twitter:label1\" content=\"Dur\u00e9e de lecture estim\u00e9e\" \/>\n\t<meta name=\"twitter:data1\" content=\"4 minutes\" \/>\n<script type=\"application\/ld+json\" class=\"yoast-schema-graph\">{\"@context\":\"https:\/\/schema.org\",\"@graph\":[{\"@type\":\"WebPage\",\"@id\":\"https:\/\/ecodivebali.com\/fr\/les-formations\/divemaster\/\",\"url\":\"https:\/\/ecodivebali.com\/fr\/les-formations\/divemaster\/\",\"name\":\"Divemaster avec Ecodive Bali Diving, Formations plong\u00e9e PADI \u00e0 Bali\",\"isPartOf\":{\"@id\":\"https:\/\/ecodivebali.com\/fr\/#website\"},\"datePublished\":\"2016-09-27T00:06:27+00:00\",\"dateModified\":\"2024-09-12T09:53:39+00:00\",\"description\":\"Devenez un professionnel PADI avec Ecodive Bali\",\"breadcrumb\":{\"@id\":\"https:\/\/ecodivebali.com\/fr\/les-formations\/divemaster\/#breadcrumb\"},\"inLanguage\":\"fr-FR\",\"potentialAction\":[{\"@type\":\"ReadAction\",\"target\":[\"https:\/\/ecodivebali.com\/fr\/les-formations\/divemaster\/\"]}]},{\"@type\":\"BreadcrumbList\",\"@id\":\"https:\/\/ecodivebali.com\/fr\/les-formations\/divemaster\/#breadcrumb\",\"itemListElement\":[{\"@type\":\"ListItem\",\"position\":1,\"name\":\"Home\",\"item\":\"https:\/\/ecodivebali.com\/fr\/\"},{\"@type\":\"ListItem\",\"position\":2,\"name\":\"Les Formations\",\"item\":\"https:\/\/ecodivebali.com\/fr\/dive-courses\/\"},{\"@type\":\"ListItem\",\"position\":3,\"name\":\"Divemaster\"}]},{\"@type\":\"WebSite\",\"@id\":\"https:\/\/ecodivebali.com\/fr\/#website\",\"url\":\"https:\/\/ecodivebali.com\/fr\/\",\"name\":\"Ecodive Bali Diving\",\"description\":\"PADI Bali Diving in Amed Tulamben with Ecodive Bali\",\"potentialAction\":[{\"@type\":\"SearchAction\",\"target\":{\"@type\":\"EntryPoint\",\"urlTemplate\":\"https:\/\/ecodivebali.com\/fr\/?s={search_term_string}\"},\"query-input\":{\"@type\":\"PropertyValueSpecification\",\"valueRequired\":true,\"valueName\":\"search_term_string\"}}],\"inLanguage\":\"fr-FR\"}]}<\/script>\n<!-- \/ Yoast SEO plugin. -->","yoast_head_json":{"title":"Divemaster avec Ecodive Bali Diving, Formations plong\u00e9e PADI \u00e0 Bali","description":"Devenez un professionnel PADI avec Ecodive Bali","robots":{"index":"index","follow":"follow","max-snippet":"max-snippet:-1","max-image-preview":"max-image-preview:large","max-video-preview":"max-video-preview:-1"},"canonical":"https:\/\/ecodivebali.com\/fr\/les-formations\/divemaster\/","og_locale":"fr_FR","og_type":"article","og_title":"Divemaster avec Ecodive Bali Diving, Formations plong\u00e9e PADI \u00e0 Bali","og_description":"Devenez un professionnel PADI avec Ecodive Bali","og_url":"https:\/\/ecodivebali.com\/fr\/les-formations\/divemaster\/","og_site_name":"Ecodive Bali Diving","article_publisher":"https:\/\/www.facebook.com\/pages\/Ecodive-Bali\/129036727173201","article_modified_time":"2024-09-12T09:53:39+00:00","twitter_card":"summary_large_image","twitter_site":"@Ecodive_Bali1","twitter_misc":{"Dur\u00e9e de lecture estim\u00e9e":"4 minutes"},"schema":{"@context":"https:\/\/schema.org","@graph":[{"@type":"WebPage","@id":"https:\/\/ecodivebali.com\/fr\/les-formations\/divemaster\/","url":"https:\/\/ecodivebali.com\/fr\/les-formations\/divemaster\/","name":"Divemaster avec Ecodive Bali Diving, Formations plong\u00e9e PADI \u00e0 Bali","isPartOf":{"@id":"https:\/\/ecodivebali.com\/fr\/#website"},"datePublished":"2016-09-27T00:06:27+00:00","dateModified":"2024-09-12T09:53:39+00:00","description":"Devenez un professionnel PADI avec Ecodive Bali","breadcrumb":{"@id":"https:\/\/ecodivebali.com\/fr\/les-formations\/divemaster\/#breadcrumb"},"inLanguage":"fr-FR","potentialAction":[{"@type":"ReadAction","target":["https:\/\/ecodivebali.com\/fr\/les-formations\/divemaster\/"]}]},{"@type":"BreadcrumbList","@id":"https:\/\/ecodivebali.com\/fr\/les-formations\/divemaster\/#breadcrumb","itemListElement":[{"@type":"ListItem","position":1,"name":"Home","item":"https:\/\/ecodivebali.com\/fr\/"},{"@type":"ListItem","position":2,"name":"Les Formations","item":"https:\/\/ecodivebali.com\/fr\/dive-courses\/"},{"@type":"ListItem","position":3,"name":"Divemaster"}]},{"@type":"WebSite","@id":"https:\/\/ecodivebali.com\/fr\/#website","url":"https:\/\/ecodivebali.com\/fr\/","name":"Ecodive Bali Diving","description":"PADI Bali Diving in Amed Tulamben with Ecodive Bali","potentialAction":[{"@type":"SearchAction","target":{"@type":"EntryPoint","urlTemplate":"https:\/\/ecodivebali.com\/fr\/?s={search_term_string}"},"query-input":{"@type":"PropertyValueSpecification","valueRequired":true,"valueName":"search_term_string"}}],"inLanguage":"fr-FR"}]}},"_links":{"self":[{"href":"https:\/\/ecodivebali.com\/fr\/wp-json\/wp\/v2\/pages\/936","targetHints":{"allow":["GET"]}}],"collection":[{"href":"https:\/\/ecodivebali.com\/fr\/wp-json\/wp\/v2\/pages"}],"about":[{"href":"https:\/\/ecodivebali.com\/fr\/wp-json\/wp\/v2\/types\/page"}],"author":[{"embeddable":true,"href":"https:\/\/ecodivebali.com\/fr\/wp-json\/wp\/v2\/users\/1"}],"replies":[{"embeddable":true,"href":"https:\/\/ecodivebali.com\/fr\/wp-json\/wp\/v2\/comments?post=936"}],"version-history":[{"count":2,"href":"https:\/\/ecodivebali.com\/fr\/wp-json\/wp\/v2\/pages\/936\/revisions"}],"predecessor-version":[{"id":2228,"href":"https:\/\/ecodivebali.com\/fr\/wp-json\/wp\/v2\/pages\/936\/revisions\/2228"}],"up":[{"embeddable":true,"href":"https:\/\/ecodivebali.com\/fr\/wp-json\/wp\/v2\/pages\/924"}],"wp:attachment":[{"href":"https:\/\/ecodivebali.com\/fr\/wp-json\/wp\/v2\/media?parent=936"}],"curies":[{"name":"wp","href":"https:\/\/api.w.org\/{rel}","templated":true}]}}