{"id":931,"date":"2016-09-26T22:30:49","date_gmt":"2016-09-26T22:30:49","guid":{"rendered":"http:\/\/ecodivebali.com\/fr\/les-formations\/discover-scuba-diving\/"},"modified":"2024-09-12T09:50:53","modified_gmt":"2024-09-12T09:50:53","slug":"discover-scuba-diving","status":"publish","type":"page","link":"https:\/\/ecodivebali.com\/fr\/les-formations\/discover-scuba-diving\/","title":{"rendered":"Discover Scuba Diving"},"content":{"rendered":"\n<style type=\"text\/css\" data-created_by=\"avia_inline_auto\" id=\"style-css-av-av_section-0b758a2521fdce2041ca0d1a6ea96262\">\n.avia-section.av-av_section-0b758a2521fdce2041ca0d1a6ea96262 .av-parallax .av-parallax-inner{\nbackground-repeat:no-repeat;\nbackground-image:url(https:\/\/ecodivebali.com\/wp-content\/uploads\/2016\/03\/discover-scuba-1024x630.jpg);\nbackground-position:50% 50%;\nbackground-attachment:scroll;\n}\n<\/style>\n<div id='av_section_1'  class='avia-section av-av_section-0b758a2521fdce2041ca0d1a6ea96262 main_color avia-section-huge avia-no-border-styling  avia-builder-el-0  el_before_av_section  avia-builder-el-first  avia-full-stretch av-parallax-section avia-bg-style-parallax container_wrap sidebar_right'  data-section-bg-repeat='stretch'><div class='av-parallax' data-avia-parallax-ratio='0.3' ><div class='av-parallax-inner main_color avia-full-stretch'><\/div><\/div><div class='container av-section-cont-open' ><main  role=\"main\" itemprop=\"mainContentOfPage\"  class='template-page content  av-content-small alpha units'><div class='post-entry post-entry-type-page post-entry-931'><div class='entry-content-wrapper clearfix'>\n\n<style type=\"text\/css\" data-created_by=\"avia_inline_auto\" id=\"style-css-av-av_heading-f54ff482a3b05bd8a81db8c8f20ac438\">\n#top .av-special-heading.av-av_heading-f54ff482a3b05bd8a81db8c8f20ac438{\npadding-bottom:0;\ncolor:#ffffff;\nfont-size:70px;\n}\nbody .av-special-heading.av-av_heading-f54ff482a3b05bd8a81db8c8f20ac438 .av-special-heading-tag .heading-char{\nfont-size:25px;\n}\n#top #wrap_all .av-special-heading.av-av_heading-f54ff482a3b05bd8a81db8c8f20ac438 .av-special-heading-tag{\nfont-size:70px;\n}\n.av-special-heading.av-av_heading-f54ff482a3b05bd8a81db8c8f20ac438 .special-heading-inner-border{\nborder-color:#ffffff;\n}\n.av-special-heading.av-av_heading-f54ff482a3b05bd8a81db8c8f20ac438 .av-subheading{\nfont-size:15px;\n}\n\n@media only screen and (min-width: 480px) and (max-width: 767px){ \n#top #wrap_all .av-special-heading.av-av_heading-f54ff482a3b05bd8a81db8c8f20ac438 .av-special-heading-tag{\nfont-size:0.8em;\n}\n}\n\n@media only screen and (max-width: 479px){ \n#top #wrap_all .av-special-heading.av-av_heading-f54ff482a3b05bd8a81db8c8f20ac438 .av-special-heading-tag{\nfont-size:0.8em;\n}\n}\n<\/style>\n<div  class='av-special-heading av-av_heading-f54ff482a3b05bd8a81db8c8f20ac438 av-special-heading-h6 custom-color-heading blockquote modern-quote modern-centered  avia-builder-el-1  avia-builder-el-no-sibling  av-inherit-size'><h6 class='av-special-heading-tag '  itemprop=\"headline\"  >Discover Scuba Diving<\/h6><div class='av_custom_color av-subheading av-subheading_below'><p>Ecodive Bali peut vous aider \u00e0 appr\u00e9cier pleinement votre premier souffle sous-marin.<\/p>\n<\/div><div class=\"special-heading-border\"><div class=\"special-heading-inner-border\"><\/div><\/div><\/div>\n\n<\/div><\/div><\/main><!-- close content main element --><\/div><\/div>\n<style type=\"text\/css\" data-created_by=\"avia_inline_auto\" id=\"style-css-av-av_section-fb37fa88fbca848c7e29aff3fecdfcf1\">\n.avia-section.av-av_section-fb37fa88fbca848c7e29aff3fecdfcf1{\nbackground-color:#ffffff;\nbackground-image:unset;\n}\n<\/style>\n<div id='av_section_2'  class='avia-section av-av_section-fb37fa88fbca848c7e29aff3fecdfcf1 main_color avia-section-default avia-no-shadow  avia-builder-el-2  el_after_av_section  el_before_av_section  avia-bg-style-scroll container_wrap sidebar_right'  ><div class='container av-section-cont-open' ><div class='template-page content  av-content-small alpha units'><div class='post-entry post-entry-type-page post-entry-931'><div class='entry-content-wrapper clearfix'>\n<div class='flex_column_table av-av_two_third-201587a3cb27360f0e7f6c88d43151c7 sc-av_two_third av-equal-height-column-flextable'>\n<style type=\"text\/css\" data-created_by=\"avia_inline_auto\" id=\"style-css-av-av_two_third-201587a3cb27360f0e7f6c88d43151c7\">\n.flex_column.av-av_two_third-201587a3cb27360f0e7f6c88d43151c7{\nborder-radius:0px 0px 0px 0px;\npadding:0px 0px 0px 0px;\n}\n<\/style>\n<div  class='flex_column av-av_two_third-201587a3cb27360f0e7f6c88d43151c7 av_two_third  avia-builder-el-3  el_before_av_one_third  avia-builder-el-first  first flex_column_table_cell av-equal-height-column av-align-top av-zero-column-padding  '     ><section  class='av_textblock_section av-av_textblock-0366cc7376be6c9e82a3e9cc8987b64f '   itemscope=\"itemscope\" itemtype=\"https:\/\/schema.org\/CreativeWork\" ><div class='avia_textblock'  itemprop=\"text\" ><h2 id=\"ctl00_ctl00_MainColumns_Columns_DropZoneLC_uxColumnDisplay_ctl00_uxControlColumn_ctl00_uxWidgetHost_uxWidgetHost_widget_UxRepList_ctl00_h2Title\" class=\"page-sub-header header0 page-sub-header_1\">\u00c0 qui s\u2019adresse cette aventure ?<\/h2>\n<p>Vous vous \u00eates toujours demand\u00e9 ce que cela faisait de respirer sous l\u2019eau ? Si vous souhaitez essayer la plong\u00e9e, mais n\u2019\u00eates pas encore pr\u00eat \u00e0 suivre une formation, le programme Discover Scuba Diving est fait pour vous. Ecodive Bali propose ce programme depuis la plage de Jemeluk. Essayez la plong\u00e9e pendant vos vacances \u00e0 Amed ! Bien que cela ne soit pas une formation, le programme Discover Scuba Diving est une introduction rapide et facile \u00e0 la plong\u00e9e et \u00e0 l\u2019exploration du monde sous-marin.<\/p>\n<p>Pour vous <a href=\"https:\/\/ecodivebali.com\/fr\/contact\/\">inscrire \u00e0<\/a> notre programme Discover Scuba Diving vous devez avoir au minimum 10 ans. Aucune exp\u00e9rience en plong\u00e9e n\u2019est n\u00e9cessaire, mais il est important d\u2019avoir une bonne condition physique.<\/p>\n<h2 id=\"ctl00_ctl00_MainColumns_Columns_DropZoneLC_uxColumnDisplay_ctl00_uxControlColumn_ctl00_uxWidgetHost_uxWidgetHost_widget_UxRepList_ctl01_h2Title\" class=\"page-sub-header ContentDetailsHeaderSpacing header1 page-sub-header_2\">Qu\u2019allez vous apprendre ?<\/h2>\n<p>Vous allez d\u00e9couvrir les bases de la s\u00e9curit\u00e9 et les comp\u00e9tences n\u00e9cessaires pour plonger sous la supervision de nos Instructeurs PADI. Vous pratiquerez quelques techniques dans une eau peu profonde pour vous pr\u00e9parer \u00e0 votre aventure. Soyez pr\u00eat \u00e0 :<\/p>\n<ul>\n<li>D\u00e9couvrir votre \u00e9quipement de plong\u00e9e et vous rendre compte \u00e0 quel point il est facile d\u2019\u00e9voluer sous l\u2019eau avec.<\/li>\n<li>D\u00e9couvrir la sensation de respirer sous l\u2019eau.<\/li>\n<li>Apprendre des techniques clefs que vous pourrez utiliser \u00e0 chacune de vos plong\u00e9es.<\/li>\n<li>Vous amuser et explorer !<\/li>\n<li>Obtenir des informations suppl\u00e9mentaires sur les certifications qui existent telle que l\u2019Open Water PADI.<\/li>\n<\/ul>\n<h2 id=\"ctl00_ctl00_MainColumns_Columns_DropZoneLC_uxColumnDisplay_ctl00_uxControlColumn_ctl00_uxWidgetHost_uxWidgetHost_widget_UxRepList_ctl02_h2Title\" class=\"page-sub-header ContentDetailsHeaderSpacing header2 page-sub-header_3\">Commencez d\u00e8s maintenant !<\/h2>\n<p><strong><a href=\"https:\/\/ecodivebali.com\/fr\/contact\/\">Contactez nous<\/a><\/strong> pour vous inscrire \u00e0 notre programme Discover Scuba Diving, et obtenez votre Discover Scuba Diving Participant Guide. Ce guide vous d\u00e9crira l\u2019exp\u00e9rience que vous allez vivre et vous permettra de commencer \u00e0 \u00e9tudier les r\u00e8gles de s\u00e9curit\u00e9 et les techniques que votre instructeur verra avec vous. Vous aurez \u00e9galement des informations sur les opportunit\u00e9s qui s\u2019ouvrent \u00e0 vous apr\u00e8s cette premi\u00e8re exp\u00e9rience sous-marine.<\/p>\n<\/div><\/section><br \/>\n<div  class='avia-button-wrap avia-button-center  avia-builder-el-5  el_after_av_textblock  avia-builder-el-last '>\n<style type=\"text\/css\" data-created_by=\"avia_inline_auto\" id=\"style-css-av-m0z402by-2f44c6ac9c318126c8c9d9899a03f648\">\n#top #wrap_all .avia-button.av-m0z402by-2f44c6ac9c318126c8c9d9899a03f648:hover{\nbackground-color:silver;\ncolor:white;\ntransition:all 0.4s ease-in-out;\n}\n#top #wrap_all .avia-button.av-m0z402by-2f44c6ac9c318126c8c9d9899a03f648:hover .avia-svg-icon svg:first-child{\nfill:white;\nstroke:white;\n}\n<\/style>\n<a href='https:\/\/ecodive.mybookr.io\/listings\/9-discover-scuba-diving' class='avia-color-theme-color avia-font-color-theme-color avia-button avia-button-fullwidth av-m0z402by-2f44c6ac9c318126c8c9d9899a03f648 avia-icon_select-no avia-color-theme-color'  target=\"_blank\"  rel=\"noopener noreferrer\"  aria-label=\"Venez vous initier \u00e0 la plong\u00e9e d\u00e8s aujourd\u2019hui !\"><span class='avia_iconbox_title' >Venez vous initier \u00e0 la plong\u00e9e d\u00e8s aujourd\u2019hui !<\/span><\/a><\/div><\/p><\/div><div class='av-flex-placeholder'><\/div>\n<style type=\"text\/css\" data-created_by=\"avia_inline_auto\" id=\"style-css-av-av_one_third-0aa7055fe62c3622faec82866afbaeb2\">\n.flex_column.av-av_one_third-0aa7055fe62c3622faec82866afbaeb2{\nborder-radius:0px 0px 0px 0px;\npadding:0px 0px 0px 0px;\n}\n<\/style>\n<div  class='flex_column av-av_one_third-0aa7055fe62c3622faec82866afbaeb2 av_one_third  avia-builder-el-6  el_after_av_two_third  avia-builder-el-last  flex_column_table_cell av-equal-height-column av-align-top av-zero-column-padding  '     ><section  class='av_textblock_section av-av_textblock-0366cc7376be6c9e82a3e9cc8987b64f '   itemscope=\"itemscope\" itemtype=\"https:\/\/schema.org\/CreativeWork\" ><div class='avia_textblock'  itemprop=\"text\" ><div class=\"av-flex-placeholder\">\n<div class=\"avia_textblock \">\n<h3><strong>Nous proposons les formations suivantes:<\/strong><\/h3>\n<\/div>\n<\/div>\n<ul class=\"shortcode-list\">\n<li><a title=\"Scuba Review\" href=\"https:\/\/ecodivebali.com\/fr\/les-formations\/scuba-review\/\"><i class=\"icon-star\"><\/i>Scuba Review<\/a><\/li>\n<li><a title=\"Discover Scuba Diving\" href=\"https:\/\/ecodivebali.com\/fr\/les-formations\/discover-scuba-diving\/\"><i class=\"icon-star\"><\/i>Discover Scuba Diving<\/a><\/li>\n<li><a title=\"Open Water Diver\" href=\"https:\/\/ecodivebali.com\/fr\/les-formations\/open-water-diver\/\"><i class=\"icon-star\"><\/i>Open Water Diver<\/a><\/li>\n<li><a title=\"Advanced Open Water Diver\" href=\"https:\/\/ecodivebali.com\/fr\/les-formations\/advanced-open-water-diver\/\"><i class=\"icon-star\"><\/i>Advanced Open Water Diver<\/a><\/li>\n<li><a href=\"https:\/\/ecodivebali.com\/fr\/les-formations\/rescue-diver\/\"><i class=\"icon-star\"><\/i>Rescue Diver<\/a><\/li>\n<li><a href=\"https:\/\/ecodivebali.com\/fr\/les-formations\/divemaster\/\"><i class=\"icon-star\"><\/i>Divemaster<\/a><\/li>\n<li><a title=\"PADI Specialty Courses\" href=\"https:\/\/ecodivebali.com\/fr\/les-formations\/les-specialites\/\"><i class=\"icon-star\"><\/i>Sp\u00e9cialit\u00e9s PADI<\/a><\/li>\n<\/ul>\n<\/div><\/section><br \/>\n<section  class='av_textblock_section av-av_textblock-0366cc7376be6c9e82a3e9cc8987b64f '   itemscope=\"itemscope\" itemtype=\"https:\/\/schema.org\/CreativeWork\" ><div class='avia_textblock'  itemprop=\"text\" ><p><strong>Pour plus d\u2019information sur l\u2019h\u00e9bergement, les installations, les s\u00e9jours plong\u00e9e, les formations et les safaris, contactez nous :<br \/>\n<\/strong><\/p>\n<div>Ecodive Bali<\/div>\n<div>Jemeluk Beach<\/div>\n<div>Amed, Abang Karangasem<\/div>\n<div>Bali, INDONESIA, 80852<\/div>\n<div><\/div>\n<div>email: <a href=\"mailto:info@ecodivebali.com\" target=\"_blank\">info@ecodivebali.com<\/a><\/div>\n<div>Tel\/Fax. (62) 363 \u2013 23482<\/div>\n<\/div><\/section><\/p><\/div><\/div><!--close column table wrapper. Autoclose: 1 --><\/div><\/div><\/div><!-- close content main div --><\/div><\/div>\n<style type=\"text\/css\" data-created_by=\"avia_inline_auto\" id=\"style-css-av-av_section-4863c226fa8d1917fdbde04775fe2344\">\n.avia-section.av-av_section-4863c226fa8d1917fdbde04775fe2344 .av-parallax .av-parallax-inner{\nbackground-repeat:no-repeat;\nbackground-image:url(https:\/\/ecodivebali.com\/wp-content\/uploads\/2016\/09\/ecodive-01.jpg);\nbackground-position:50% 50%;\nbackground-attachment:scroll;\n}\n<\/style>\n<div id='av_section_3'  class='avia-section av-av_section-4863c226fa8d1917fdbde04775fe2344 main_color avia-section-default avia-no-border-styling  avia-builder-el-9  el_after_av_section  avia-builder-el-last  avia-full-stretch av-parallax-section avia-bg-style-parallax av-minimum-height av-minimum-height-75 av-height-75  container_wrap sidebar_right'  data-section-bg-repeat='stretch' data-av_minimum_height_pc='75' data-av_min_height_opt='75'><div class='av-parallax' data-avia-parallax-ratio='0.3' ><div class='av-parallax-inner main_color avia-full-stretch'><\/div><\/div><div class='container av-section-cont-open' ><div class='template-page content  av-content-small alpha units'><div class='post-entry post-entry-type-page post-entry-931'><div class='entry-content-wrapper clearfix'><\/div><\/div><\/div><!-- close content main div --><\/div><\/div><div id='after_section_3'  class='main_color av_default_container_wrap container_wrap sidebar_right'  ><div class='container av-section-cont-open' ><div class='template-page content  av-content-small alpha units'><div class='post-entry post-entry-type-page post-entry-931'><div class='entry-content-wrapper clearfix'><\/p>\n","protected":false},"excerpt":{"rendered":"","protected":false},"author":1,"featured_media":0,"parent":924,"menu_order":0,"comment_status":"closed","ping_status":"closed","template":"","meta":{"footnotes":""},"class_list":["post-931","page","type-page","status-publish","hentry"],"yoast_head":"<!-- This site is optimized with the Yoast SEO plugin v26.6 - https:\/\/yoast.com\/wordpress\/plugins\/seo\/ -->\n<title>Discover Scuba Diving, Plong\u00e9e \u00e0 Amed, PADI Plong\u00e9e a Bali<\/title>\n<meta name=\"description\" content=\"Ecodive Bali peut vous aider \u00e0 appr\u00e9cier pleinement votre premier souffle sous-marin.\" \/>\n<meta name=\"robots\" content=\"index, follow, max-snippet:-1, max-image-preview:large, max-video-preview:-1\" \/>\n<link rel=\"canonical\" href=\"https:\/\/ecodivebali.com\/fr\/les-formations\/discover-scuba-diving\/\" \/>\n<meta property=\"og:locale\" content=\"fr_FR\" \/>\n<meta property=\"og:type\" content=\"article\" \/>\n<meta property=\"og:title\" content=\"Discover Scuba Diving, Plong\u00e9e \u00e0 Amed, PADI Plong\u00e9e a Bali\" \/>\n<meta property=\"og:description\" content=\"Ecodive Bali peut vous aider \u00e0 appr\u00e9cier pleinement votre premier souffle sous-marin.\" \/>\n<meta property=\"og:url\" content=\"https:\/\/ecodivebali.com\/fr\/les-formations\/discover-scuba-diving\/\" \/>\n<meta property=\"og:site_name\" content=\"Ecodive Bali Diving\" \/>\n<meta property=\"article:publisher\" content=\"https:\/\/www.facebook.com\/pages\/Ecodive-Bali\/129036727173201\" \/>\n<meta property=\"article:modified_time\" content=\"2024-09-12T09:50:53+00:00\" \/>\n<meta name=\"twitter:card\" content=\"summary_large_image\" \/>\n<meta name=\"twitter:site\" content=\"@Ecodive_Bali1\" \/>\n<meta name=\"twitter:label1\" content=\"Dur\u00e9e de lecture estim\u00e9e\" \/>\n\t<meta name=\"twitter:data1\" content=\"2 minutes\" \/>\n<script type=\"application\/ld+json\" class=\"yoast-schema-graph\">{\"@context\":\"https:\/\/schema.org\",\"@graph\":[{\"@type\":\"WebPage\",\"@id\":\"https:\/\/ecodivebali.com\/fr\/les-formations\/discover-scuba-diving\/\",\"url\":\"https:\/\/ecodivebali.com\/fr\/les-formations\/discover-scuba-diving\/\",\"name\":\"Discover Scuba Diving, Plong\u00e9e \u00e0 Amed, PADI Plong\u00e9e a Bali\",\"isPartOf\":{\"@id\":\"https:\/\/ecodivebali.com\/fr\/#website\"},\"datePublished\":\"2016-09-26T22:30:49+00:00\",\"dateModified\":\"2024-09-12T09:50:53+00:00\",\"description\":\"Ecodive Bali peut vous aider \u00e0 appr\u00e9cier pleinement votre premier souffle sous-marin.\",\"breadcrumb\":{\"@id\":\"https:\/\/ecodivebali.com\/fr\/les-formations\/discover-scuba-diving\/#breadcrumb\"},\"inLanguage\":\"fr-FR\",\"potentialAction\":[{\"@type\":\"ReadAction\",\"target\":[\"https:\/\/ecodivebali.com\/fr\/les-formations\/discover-scuba-diving\/\"]}]},{\"@type\":\"BreadcrumbList\",\"@id\":\"https:\/\/ecodivebali.com\/fr\/les-formations\/discover-scuba-diving\/#breadcrumb\",\"itemListElement\":[{\"@type\":\"ListItem\",\"position\":1,\"name\":\"Home\",\"item\":\"https:\/\/ecodivebali.com\/fr\/\"},{\"@type\":\"ListItem\",\"position\":2,\"name\":\"Les Formations\",\"item\":\"https:\/\/ecodivebali.com\/fr\/dive-courses\/\"},{\"@type\":\"ListItem\",\"position\":3,\"name\":\"Discover Scuba Diving\"}]},{\"@type\":\"WebSite\",\"@id\":\"https:\/\/ecodivebali.com\/fr\/#website\",\"url\":\"https:\/\/ecodivebali.com\/fr\/\",\"name\":\"Ecodive Bali Diving\",\"description\":\"PADI Bali Diving in Amed Tulamben with Ecodive Bali\",\"potentialAction\":[{\"@type\":\"SearchAction\",\"target\":{\"@type\":\"EntryPoint\",\"urlTemplate\":\"https:\/\/ecodivebali.com\/fr\/?s={search_term_string}\"},\"query-input\":{\"@type\":\"PropertyValueSpecification\",\"valueRequired\":true,\"valueName\":\"search_term_string\"}}],\"inLanguage\":\"fr-FR\"}]}<\/script>\n<!-- \/ Yoast SEO plugin. -->","yoast_head_json":{"title":"Discover Scuba Diving, Plong\u00e9e \u00e0 Amed, PADI Plong\u00e9e a Bali","description":"Ecodive Bali peut vous aider \u00e0 appr\u00e9cier pleinement votre premier souffle sous-marin.","robots":{"index":"index","follow":"follow","max-snippet":"max-snippet:-1","max-image-preview":"max-image-preview:large","max-video-preview":"max-video-preview:-1"},"canonical":"https:\/\/ecodivebali.com\/fr\/les-formations\/discover-scuba-diving\/","og_locale":"fr_FR","og_type":"article","og_title":"Discover Scuba Diving, Plong\u00e9e \u00e0 Amed, PADI Plong\u00e9e a Bali","og_description":"Ecodive Bali peut vous aider \u00e0 appr\u00e9cier pleinement votre premier souffle sous-marin.","og_url":"https:\/\/ecodivebali.com\/fr\/les-formations\/discover-scuba-diving\/","og_site_name":"Ecodive Bali Diving","article_publisher":"https:\/\/www.facebook.com\/pages\/Ecodive-Bali\/129036727173201","article_modified_time":"2024-09-12T09:50:53+00:00","twitter_card":"summary_large_image","twitter_site":"@Ecodive_Bali1","twitter_misc":{"Dur\u00e9e de lecture estim\u00e9e":"2 minutes"},"schema":{"@context":"https:\/\/schema.org","@graph":[{"@type":"WebPage","@id":"https:\/\/ecodivebali.com\/fr\/les-formations\/discover-scuba-diving\/","url":"https:\/\/ecodivebali.com\/fr\/les-formations\/discover-scuba-diving\/","name":"Discover Scuba Diving, Plong\u00e9e \u00e0 Amed, PADI Plong\u00e9e a Bali","isPartOf":{"@id":"https:\/\/ecodivebali.com\/fr\/#website"},"datePublished":"2016-09-26T22:30:49+00:00","dateModified":"2024-09-12T09:50:53+00:00","description":"Ecodive Bali peut vous aider \u00e0 appr\u00e9cier pleinement votre premier souffle sous-marin.","breadcrumb":{"@id":"https:\/\/ecodivebali.com\/fr\/les-formations\/discover-scuba-diving\/#breadcrumb"},"inLanguage":"fr-FR","potentialAction":[{"@type":"ReadAction","target":["https:\/\/ecodivebali.com\/fr\/les-formations\/discover-scuba-diving\/"]}]},{"@type":"BreadcrumbList","@id":"https:\/\/ecodivebali.com\/fr\/les-formations\/discover-scuba-diving\/#breadcrumb","itemListElement":[{"@type":"ListItem","position":1,"name":"Home","item":"https:\/\/ecodivebali.com\/fr\/"},{"@type":"ListItem","position":2,"name":"Les Formations","item":"https:\/\/ecodivebali.com\/fr\/dive-courses\/"},{"@type":"ListItem","position":3,"name":"Discover Scuba Diving"}]},{"@type":"WebSite","@id":"https:\/\/ecodivebali.com\/fr\/#website","url":"https:\/\/ecodivebali.com\/fr\/","name":"Ecodive Bali Diving","description":"PADI Bali Diving in Amed Tulamben with Ecodive Bali","potentialAction":[{"@type":"SearchAction","target":{"@type":"EntryPoint","urlTemplate":"https:\/\/ecodivebali.com\/fr\/?s={search_term_string}"},"query-input":{"@type":"PropertyValueSpecification","valueRequired":true,"valueName":"search_term_string"}}],"inLanguage":"fr-FR"}]}},"_links":{"self":[{"href":"https:\/\/ecodivebali.com\/fr\/wp-json\/wp\/v2\/pages\/931","targetHints":{"allow":["GET"]}}],"collection":[{"href":"https:\/\/ecodivebali.com\/fr\/wp-json\/wp\/v2\/pages"}],"about":[{"href":"https:\/\/ecodivebali.com\/fr\/wp-json\/wp\/v2\/types\/page"}],"author":[{"embeddable":true,"href":"https:\/\/ecodivebali.com\/fr\/wp-json\/wp\/v2\/users\/1"}],"replies":[{"embeddable":true,"href":"https:\/\/ecodivebali.com\/fr\/wp-json\/wp\/v2\/comments?post=931"}],"version-history":[{"count":2,"href":"https:\/\/ecodivebali.com\/fr\/wp-json\/wp\/v2\/pages\/931\/revisions"}],"predecessor-version":[{"id":2224,"href":"https:\/\/ecodivebali.com\/fr\/wp-json\/wp\/v2\/pages\/931\/revisions\/2224"}],"up":[{"embeddable":true,"href":"https:\/\/ecodivebali.com\/fr\/wp-json\/wp\/v2\/pages\/924"}],"wp:attachment":[{"href":"https:\/\/ecodivebali.com\/fr\/wp-json\/wp\/v2\/media?parent=931"}],"curies":[{"name":"wp","href":"https:\/\/api.w.org\/{rel}","templated":true}]}}