{"id":927,"date":"2016-09-27T00:05:53","date_gmt":"2016-09-27T00:05:53","guid":{"rendered":"http:\/\/ecodivebali.com\/fr\/les-formations\/advanced-open-water-diver\/"},"modified":"2024-09-12T09:52:29","modified_gmt":"2024-09-12T09:52:29","slug":"advanced-open-water-diver","status":"publish","type":"page","link":"https:\/\/ecodivebali.com\/fr\/les-formations\/advanced-open-water-diver\/","title":{"rendered":"Advanced Open Water Diver"},"content":{"rendered":"\n<style type=\"text\/css\" data-created_by=\"avia_inline_auto\" id=\"style-css-av-av_section-0c81324bdd21b2d1400e72f3a396eccf\">\n.avia-section.av-av_section-0c81324bdd21b2d1400e72f3a396eccf .av-parallax .av-parallax-inner{\nbackground-repeat:no-repeat;\nbackground-image:url(https:\/\/ecodivebali.com\/wp-content\/uploads\/2016\/11\/ecodivebali-divers.jpg);\nbackground-position:50% 0%;\nbackground-attachment:scroll;\n}\n<\/style>\n<div id='av_section_1'  class='avia-section av-av_section-0c81324bdd21b2d1400e72f3a396eccf main_color avia-section-huge avia-no-border-styling  avia-builder-el-0  el_before_av_section  avia-builder-el-first  avia-full-stretch av-parallax-section avia-bg-style-parallax container_wrap sidebar_right'  data-section-bg-repeat='stretch'><div class='av-parallax' data-avia-parallax-ratio='0.3' ><div class='av-parallax-inner main_color avia-full-stretch'><\/div><\/div><div class='container av-section-cont-open' ><main  role=\"main\" itemprop=\"mainContentOfPage\"  class='template-page content  av-content-small alpha units'><div class='post-entry post-entry-type-page post-entry-927'><div class='entry-content-wrapper clearfix'>\n\n<style type=\"text\/css\" data-created_by=\"avia_inline_auto\" id=\"style-css-av-av_heading-d793bc6c34766b69ecc5aae09a17ee84\">\n#top .av-special-heading.av-av_heading-d793bc6c34766b69ecc5aae09a17ee84{\npadding-bottom:0;\ncolor:#ffffff;\nfont-size:70px;\n}\nbody .av-special-heading.av-av_heading-d793bc6c34766b69ecc5aae09a17ee84 .av-special-heading-tag .heading-char{\nfont-size:25px;\n}\n#top #wrap_all .av-special-heading.av-av_heading-d793bc6c34766b69ecc5aae09a17ee84 .av-special-heading-tag{\nfont-size:70px;\n}\n.av-special-heading.av-av_heading-d793bc6c34766b69ecc5aae09a17ee84 .special-heading-inner-border{\nborder-color:#ffffff;\n}\n.av-special-heading.av-av_heading-d793bc6c34766b69ecc5aae09a17ee84 .av-subheading{\nfont-size:15px;\n}\n\n@media only screen and (min-width: 480px) and (max-width: 767px){ \n#top #wrap_all .av-special-heading.av-av_heading-d793bc6c34766b69ecc5aae09a17ee84 .av-special-heading-tag{\nfont-size:0.8em;\n}\n}\n\n@media only screen and (max-width: 479px){ \n#top #wrap_all .av-special-heading.av-av_heading-d793bc6c34766b69ecc5aae09a17ee84 .av-special-heading-tag{\nfont-size:0.8em;\n}\n}\n<\/style>\n<div  class='av-special-heading av-av_heading-d793bc6c34766b69ecc5aae09a17ee84 av-special-heading-h6 custom-color-heading blockquote modern-quote modern-centered  avia-builder-el-1  avia-builder-el-no-sibling  av-inherit-size'><h6 class='av-special-heading-tag '  itemprop=\"headline\"  >Advanced Open Water Diver<\/h6><div class='av_custom_color av-subheading av-subheading_below'><p>Devenir un PADI Advanced Open Water Diver est la mani\u00e8re id\u00e9ale de continuer votre aventure sous marine.<\/p>\n<\/div><div class=\"special-heading-border\"><div class=\"special-heading-inner-border\"><\/div><\/div><\/div>\n\n<\/div><\/div><\/main><!-- close content main element --><\/div><\/div>\n<style type=\"text\/css\" data-created_by=\"avia_inline_auto\" id=\"style-css-av-av_section-fb37fa88fbca848c7e29aff3fecdfcf1\">\n.avia-section.av-av_section-fb37fa88fbca848c7e29aff3fecdfcf1{\nbackground-color:#ffffff;\nbackground-image:unset;\n}\n<\/style>\n<div id='av_section_2'  class='avia-section av-av_section-fb37fa88fbca848c7e29aff3fecdfcf1 main_color avia-section-default avia-no-shadow  avia-builder-el-2  el_after_av_section  el_before_av_section  avia-bg-style-scroll container_wrap sidebar_right'  ><div class='container av-section-cont-open' ><div class='template-page content  av-content-small alpha units'><div class='post-entry post-entry-type-page post-entry-927'><div class='entry-content-wrapper clearfix'>\n<div class='flex_column_table av-av_two_third-201587a3cb27360f0e7f6c88d43151c7 sc-av_two_third av-equal-height-column-flextable'>\n<style type=\"text\/css\" data-created_by=\"avia_inline_auto\" id=\"style-css-av-av_two_third-201587a3cb27360f0e7f6c88d43151c7\">\n.flex_column.av-av_two_third-201587a3cb27360f0e7f6c88d43151c7{\nborder-radius:0px 0px 0px 0px;\npadding:0px 0px 0px 0px;\n}\n<\/style>\n<div  class='flex_column av-av_two_third-201587a3cb27360f0e7f6c88d43151c7 av_two_third  avia-builder-el-3  el_before_av_one_third  avia-builder-el-first  first flex_column_table_cell av-equal-height-column av-align-top av-zero-column-padding  '     ><section  class='av_textblock_section av-av_textblock-396ddf1f42196ca838231e61a4602801 '   itemscope=\"itemscope\" itemtype=\"https:\/\/schema.org\/CreativeWork\" ><div class='avia_textblock'  itemprop=\"text\" ><h2 id=\"ctl00_ctl00_MainColumns_Columns_DropZoneLC_uxColumnDisplay_ctl00_uxControlColumn_ctl00_uxWidgetHost_uxWidgetHost_widget_UxRepList_ctl00_h2Title\" class=\"page-sub-header header0 page-sub-header_1\">Exploration, Enthousiasme, Exp\u00e9rience<\/h2>\n<p>C\u2019est ce qui d\u00e9finit la formation <a href=\"https:\/\/ecodivebali.com\/fr\/les-formations\/advanced-open-water-diver\/\"><strong>Advanced Open Water Diver<\/strong><\/a>.<\/p>\n<p>Vous n\u2019avez pas besoin d\u2019\u00eatre un plongeur exp\u00e9riment\u00e9 pour la suivre. Cette formation est con\u00e7ue pour perfectionner vos techniques de plong\u00e9es, de ce fait vous pouvez la commencer apr\u00e8s avoir obtenu votre certification <a href=\"https:\/\/ecodivebali.com\/fr\/les-formations\/open-water-diver\/\">PADI Open Water Diver<\/a>.<\/p>\n<p>Cette formation vous aide \u00e0 gagner en confiance et \u00e9tendre vos comp\u00e9tances en plong\u00e9e \u00e0 travers diverses plong\u00e9es Adventure. Vous pourrez tester diff\u00e9rentes sp\u00e9cialit\u00e9s tout en prenant de l\u2019exp\u00e9rience sous la supervision de nos Instructeurs PADI. Vous ferez de nouvelles plong\u00e9es et d\u00e9velopperez vos comp\u00e9tences tout en d\u00e9couvrant de nouvelles fa\u00e7ons de vous amuser en plongeant.<\/p>\n<h2 id=\"ctl00_ctl00_MainColumns_Columns_DropZoneLC_uxColumnDisplay_ctl00_uxControlColumn_ctl00_uxWidgetHost_uxWidgetHost_widget_UxRepList_ctl01_h2Title\" class=\"page-sub-header ContentDetailsHeaderSpacing header1 page-sub-header_2\">\u00c0 qui s\u2019adresse cette formation ?<\/h2>\n<p>Les PADI (junior) Open Water Diver ayant au minimum 12 ans peuvent s\u2019inscrire \u00e0 une formation Advanced Open Water Diver. Les jeunes plongeurs ne pourront participer qu\u2019\u00e0 certaines plong\u00e9es Adventure \u2013 renseignez vous aupr\u00e8s de votre Instructeur PADI.<\/p>\n<h2 id=\"ctl00_ctl00_MainColumns_Columns_DropZoneLC_uxColumnDisplay_ctl00_uxControlColumn_ctl00_uxWidgetHost_uxWidgetHost_widget_UxRepList_ctl02_h2Title\" class=\"page-sub-header ContentDetailsHeaderSpacing header2 page-sub-header_3\">Qu\u2019allez vous apprendre ?<\/h2>\n<p>Vous planifierez votre apprentissage avec nos instructeurs en choisissant parmi une longue liste de plong\u00e9es Adventure. Deux sont obligatoires \u2013 plong\u00e9e profonde et orientation sous marine \u2013 vous choisirez les trois autres, pour un total de 5 plong\u00e9es.<\/p>\n<p>Au cours de la plong\u00e9e profonde vous apprendrez comment planifier des plong\u00e9es en prenant en compte les effets physiologiques et le d\u00e9fi que repr\u00e9sentent les plong\u00e9es plus profondes. La plong\u00e9e d\u2019orientation affinera votre usage du compas et vous aidera \u00e0 mieux vous diriger en utilisant un palmage efficace, des rep\u00e8res visuels et le temps \u00e9coul\u00e9.<\/p>\n<p>Les autres connaissances et techniques que vous pourrez acqu\u00e9rir d\u00e9pendrons de vos envies et des aventures que vous vivrez \u2013 photographie, contr\u00f4le de la flottabilit\u00e9, identification des poissons, \u00e9paves et bien plus encore.<\/p>\n<p>Vous pourrez \u00e9galement obtenir <a href=\"http:\/\/www.padi.com\/scuba-diving\/padi-courses\/course-catalog\/earn-college-credit\" target=\"_blank\" rel=\"noopener\">des cr\u00e9dits universitaires<\/a> gr\u00e2ce \u00e0 la formation Advanced Open Water Diver.<\/p>\n<h2 id=\"ctl00_ctl00_MainColumns_Columns_DropZoneLC_uxColumnDisplay_ctl00_uxControlColumn_ctl00_uxWidgetHost_uxWidgetHost_widget_UxRepList_ctl02_h2Title\" class=\"page-sub-header ContentDetailsHeaderSpacing header2 page-sub-header_3\">Commencez votre formation d\u00e8s maintenant !<\/h2>\n<p><a href=\"https:\/\/ecodivebali.com\/fr\/contact\/\">Inscrivez vous<\/a> pour un PADI Advanced Open Water Diver ou choisissez l\u2019option elearning de PADI \u2013afin de commencer imm\u00e9diatement. Le programme en ligne vous permet de d\u00e9couvrir les sept plong\u00e9es Aventure les plus populaires \u2013 dont la plong\u00e9e profonde et l\u2019orientation mais aussi la plong\u00e9e depuis un bateau, de nuit, le contr\u00f4le de la flottabilit\u00e9, l\u2019identification des poissons et la plong\u00e9e sur \u00e9pave. Vous \u00e9tudierez \u00e0 votre rythme \u00e0 l\u2019aide d\u2019un programme interactif facile d\u2019utilisation. Vous aurez \u00e9galement acc\u00e8s \u00e0 la version en ligne du manuel Adventure in Diving et vous pourrez compl\u00e9ter d\u2019autres sections pour d\u2019autres plong\u00e9es Aventure sous la supervision de votre Instructeur PADI.<\/p>\n<p>Vous pouvez \u00e9galement choisir de lire le Manuel<em> Adventure in Diving<\/em> et regarder le DVD <em>Adventure in diving<\/em>(Package livre et DVD). <a href=\"https:\/\/ecodivebali.com\/fr\/contact\/\">Contactez nous<\/a> ou passez nous voir \u00e0 Ecodive Bali pour rejoindre cette formation, obtenir vos supports p\u00e9dagogiques et commencer \u00e0 \u00e9tudier.<\/p>\n<\/div><\/section><br \/>\n<div  class='avia-video av-av_video-e906d4da42c9b7c8833d77fd433b0b4a avia-video-16-9 av-no-preview-image avia-video-load-always av-lazyload-immediate av-lazyload-video-embed'  itemprop=\"video\" itemtype=\"https:\/\/schema.org\/VideoObject\"  data-original_url='https:\/\/www.youtube.com\/watch?v=tWPGi52nkHg'><script type='text\/html' class='av-video-tmpl'><div class='avia-iframe-wrap'><iframe loading=\"lazy\" width=\"1500\" height=\"844\" src=\"https:\/\/www.youtube.com\/embed\/tWPGi52nkHg?feature=oembed&autoplay=0&loop=0&controls=1&mute=0\" frameborder=\"0\" allowfullscreen><\/iframe><\/div><\/script><div class='av-click-to-play-overlay'><div class=\"avia_playpause_icon\"><\/div><\/div><\/div><br \/>\n<div  class='avia-button-wrap avia-button-center  avia-builder-el-6  el_after_av_video  avia-builder-el-last '>\n<style type=\"text\/css\" data-created_by=\"avia_inline_auto\" id=\"style-css-av-m0z425sw-11a8db34a407620d7d68adb48bfbe19c\">\n#top #wrap_all .avia-button.av-m0z425sw-11a8db34a407620d7d68adb48bfbe19c:hover{\nbackground-color:silver;\ncolor:white;\ntransition:all 0.4s ease-in-out;\n}\n#top #wrap_all .avia-button.av-m0z425sw-11a8db34a407620d7d68adb48bfbe19c:hover .avia-svg-icon svg:first-child{\nfill:white;\nstroke:white;\n}\n<\/style>\n<a href='https:\/\/ecodive.mybookr.io\/listings\/12-advanced-open-water-diver' class='avia-color-theme-color avia-font-color-theme-color avia-button avia-button-fullwidth av-m0z425sw-11a8db34a407620d7d68adb48bfbe19c avia-icon_select-no avia-color-theme-color'  target=\"_blank\"  rel=\"noopener noreferrer\"  aria-label=\"Continuez votre aventure aujourd\u2019hui!\"><span class='avia_iconbox_title' >Continuez votre aventure aujourd\u2019hui!<\/span><\/a><\/div><\/p><\/div><div class='av-flex-placeholder'><\/div>\n<style type=\"text\/css\" data-created_by=\"avia_inline_auto\" id=\"style-css-av-av_one_third-0aa7055fe62c3622faec82866afbaeb2\">\n.flex_column.av-av_one_third-0aa7055fe62c3622faec82866afbaeb2{\nborder-radius:0px 0px 0px 0px;\npadding:0px 0px 0px 0px;\n}\n<\/style>\n<div  class='flex_column av-av_one_third-0aa7055fe62c3622faec82866afbaeb2 av_one_third  avia-builder-el-7  el_after_av_two_third  avia-builder-el-last  flex_column_table_cell av-equal-height-column av-align-top av-zero-column-padding  '     ><section  class='av_textblock_section av-av_textblock-0366cc7376be6c9e82a3e9cc8987b64f '   itemscope=\"itemscope\" itemtype=\"https:\/\/schema.org\/CreativeWork\" ><div class='avia_textblock'  itemprop=\"text\" ><div class=\"av-flex-placeholder\">\n<div class=\"avia_textblock \">\n<h3><strong>Nous proposons les formations suivantes:<\/strong><\/h3>\n<\/div>\n<\/div>\n<ul class=\"shortcode-list\">\n<li><a title=\"Scuba Review\" href=\"https:\/\/ecodivebali.com\/fr\/les-formations\/scuba-review\/\"><i class=\"icon-star\"><\/i>Scuba Review<\/a><\/li>\n<li><a title=\"Discover Scuba Diving\" href=\"https:\/\/ecodivebali.com\/fr\/les-formations\/discover-scuba-diving\/\"><i class=\"icon-star\"><\/i>Discover Scuba Diving<\/a><\/li>\n<li><a title=\"Open Water Diver\" href=\"https:\/\/ecodivebali.com\/fr\/les-formations\/open-water-diver\/\"><i class=\"icon-star\"><\/i>Open Water Diver<\/a><\/li>\n<li><a title=\"Advanced Open Water Diver\" href=\"https:\/\/ecodivebali.com\/fr\/les-formations\/advanced-open-water-diver\/\"><i class=\"icon-star\"><\/i>Advanced Open Water Diver<\/a><\/li>\n<li><a href=\"https:\/\/ecodivebali.com\/fr\/les-formations\/rescue-diver\/\"><i class=\"icon-star\"><\/i>Rescue Diver<\/a><\/li>\n<li><a href=\"https:\/\/ecodivebali.com\/fr\/les-formations\/divemaster\/\"><i class=\"icon-star\"><\/i>Divemaster<\/a><\/li>\n<li><a title=\"PADI Specialty Courses\" href=\"https:\/\/ecodivebali.com\/fr\/les-formations\/les-specialites\/\"><i class=\"icon-star\"><\/i>Sp\u00e9cialit\u00e9s PADI<\/a><\/li>\n<\/ul>\n<\/div><\/section><br \/>\n<section  class='av_textblock_section av-av_textblock-0366cc7376be6c9e82a3e9cc8987b64f '   itemscope=\"itemscope\" itemtype=\"https:\/\/schema.org\/CreativeWork\" ><div class='avia_textblock'  itemprop=\"text\" ><p><strong>Pour plus d\u2019information sur l\u2019h\u00e9bergement, les installations, les s\u00e9jours plong\u00e9e, les formations et les safaris, contactez nous :<br \/>\n<\/strong><\/p>\n<div>Ecodive Bali<\/div>\n<div>Jemeluk Beach<\/div>\n<div>Amed, Abang Karangasem<\/div>\n<div>Bali, INDONESIA, 80852<\/div>\n<div><\/div>\n<div>email: <a href=\"mailto:info@ecodivebali.com\" target=\"_blank\">info@ecodivebali.com<\/a><\/div>\n<div>Tel\/Fax. (62) 363 \u2013 23482<\/div>\n<\/div><\/section><\/p><\/div><\/div><!--close column table wrapper. Autoclose: 1 --><\/div><\/div><\/div><!-- close content main div --><\/div><\/div>\n<style type=\"text\/css\" data-created_by=\"avia_inline_auto\" id=\"style-css-av-av_section-4863c226fa8d1917fdbde04775fe2344\">\n.avia-section.av-av_section-4863c226fa8d1917fdbde04775fe2344 .av-parallax .av-parallax-inner{\nbackground-repeat:no-repeat;\nbackground-image:url(https:\/\/ecodivebali.com\/wp-content\/uploads\/2016\/09\/ecodive-01.jpg);\nbackground-position:50% 50%;\nbackground-attachment:scroll;\n}\n<\/style>\n<div id='av_section_3'  class='avia-section av-av_section-4863c226fa8d1917fdbde04775fe2344 main_color avia-section-default avia-no-border-styling  avia-builder-el-10  el_after_av_section  avia-builder-el-last  avia-full-stretch av-parallax-section avia-bg-style-parallax av-minimum-height av-minimum-height-75 av-height-75  container_wrap sidebar_right'  data-section-bg-repeat='stretch' data-av_minimum_height_pc='75' data-av_min_height_opt='75'><div class='av-parallax' data-avia-parallax-ratio='0.3' ><div class='av-parallax-inner main_color avia-full-stretch'><\/div><\/div><div class='container av-section-cont-open' ><div class='template-page content  av-content-small alpha units'><div class='post-entry post-entry-type-page post-entry-927'><div class='entry-content-wrapper clearfix'><\/div><\/div><\/div><!-- close content main div --><\/div><\/div><div id='after_section_3'  class='main_color av_default_container_wrap container_wrap sidebar_right'  ><div class='container av-section-cont-open' ><div class='template-page content  av-content-small alpha units'><div class='post-entry post-entry-type-page post-entry-927'><div class='entry-content-wrapper clearfix'><\/p>\n","protected":false},"excerpt":{"rendered":"","protected":false},"author":1,"featured_media":0,"parent":924,"menu_order":0,"comment_status":"closed","ping_status":"closed","template":"","meta":{"footnotes":""},"class_list":["post-927","page","type-page","status-publish","hentry"],"yoast_head":"<!-- This site is optimized with the Yoast SEO plugin v26.6 - https:\/\/yoast.com\/wordpress\/plugins\/seo\/ -->\n<title>Bali PADI Advanced Open Water Diver, Plong\u00e9e Bali<\/title>\n<meta name=\"description\" content=\"Devenir un PADI Advanced Open Water Diver est la mani\u00e8re id\u00e9ale de continuer votre aventure sous marine.\" \/>\n<meta name=\"robots\" content=\"index, follow, max-snippet:-1, max-image-preview:large, max-video-preview:-1\" \/>\n<link rel=\"canonical\" href=\"https:\/\/ecodivebali.com\/fr\/les-formations\/advanced-open-water-diver\/\" \/>\n<meta property=\"og:locale\" content=\"fr_FR\" \/>\n<meta property=\"og:type\" content=\"article\" \/>\n<meta property=\"og:title\" content=\"Bali PADI Advanced Open Water Diver, Plong\u00e9e Bali\" \/>\n<meta property=\"og:description\" content=\"Devenir un PADI Advanced Open Water Diver est la mani\u00e8re id\u00e9ale de continuer votre aventure sous marine.\" \/>\n<meta property=\"og:url\" content=\"https:\/\/ecodivebali.com\/fr\/les-formations\/advanced-open-water-diver\/\" \/>\n<meta property=\"og:site_name\" content=\"Ecodive Bali Diving\" \/>\n<meta property=\"article:publisher\" content=\"https:\/\/www.facebook.com\/pages\/Ecodive-Bali\/129036727173201\" \/>\n<meta property=\"article:modified_time\" content=\"2024-09-12T09:52:29+00:00\" \/>\n<meta name=\"twitter:card\" content=\"summary_large_image\" \/>\n<meta name=\"twitter:site\" content=\"@Ecodive_Bali1\" \/>\n<meta name=\"twitter:label1\" content=\"Dur\u00e9e de lecture estim\u00e9e\" \/>\n\t<meta name=\"twitter:data1\" content=\"3 minutes\" \/>\n<script type=\"application\/ld+json\" class=\"yoast-schema-graph\">{\"@context\":\"https:\/\/schema.org\",\"@graph\":[{\"@type\":\"WebPage\",\"@id\":\"https:\/\/ecodivebali.com\/fr\/les-formations\/advanced-open-water-diver\/\",\"url\":\"https:\/\/ecodivebali.com\/fr\/les-formations\/advanced-open-water-diver\/\",\"name\":\"Bali PADI Advanced Open Water Diver, Plong\u00e9e Bali\",\"isPartOf\":{\"@id\":\"https:\/\/ecodivebali.com\/fr\/#website\"},\"datePublished\":\"2016-09-27T00:05:53+00:00\",\"dateModified\":\"2024-09-12T09:52:29+00:00\",\"description\":\"Devenir un PADI Advanced Open Water Diver est la mani\u00e8re id\u00e9ale de continuer votre aventure sous marine.\",\"breadcrumb\":{\"@id\":\"https:\/\/ecodivebali.com\/fr\/les-formations\/advanced-open-water-diver\/#breadcrumb\"},\"inLanguage\":\"fr-FR\",\"potentialAction\":[{\"@type\":\"ReadAction\",\"target\":[\"https:\/\/ecodivebali.com\/fr\/les-formations\/advanced-open-water-diver\/\"]}]},{\"@type\":\"BreadcrumbList\",\"@id\":\"https:\/\/ecodivebali.com\/fr\/les-formations\/advanced-open-water-diver\/#breadcrumb\",\"itemListElement\":[{\"@type\":\"ListItem\",\"position\":1,\"name\":\"Home\",\"item\":\"https:\/\/ecodivebali.com\/fr\/\"},{\"@type\":\"ListItem\",\"position\":2,\"name\":\"Les Formations\",\"item\":\"https:\/\/ecodivebali.com\/fr\/dive-courses\/\"},{\"@type\":\"ListItem\",\"position\":3,\"name\":\"Advanced Open Water Diver\"}]},{\"@type\":\"WebSite\",\"@id\":\"https:\/\/ecodivebali.com\/fr\/#website\",\"url\":\"https:\/\/ecodivebali.com\/fr\/\",\"name\":\"Ecodive Bali Diving\",\"description\":\"PADI Bali Diving in Amed Tulamben with Ecodive Bali\",\"potentialAction\":[{\"@type\":\"SearchAction\",\"target\":{\"@type\":\"EntryPoint\",\"urlTemplate\":\"https:\/\/ecodivebali.com\/fr\/?s={search_term_string}\"},\"query-input\":{\"@type\":\"PropertyValueSpecification\",\"valueRequired\":true,\"valueName\":\"search_term_string\"}}],\"inLanguage\":\"fr-FR\"}]}<\/script>\n<!-- \/ Yoast SEO plugin. -->","yoast_head_json":{"title":"Bali PADI Advanced Open Water Diver, Plong\u00e9e Bali","description":"Devenir un PADI Advanced Open Water Diver est la mani\u00e8re id\u00e9ale de continuer votre aventure sous marine.","robots":{"index":"index","follow":"follow","max-snippet":"max-snippet:-1","max-image-preview":"max-image-preview:large","max-video-preview":"max-video-preview:-1"},"canonical":"https:\/\/ecodivebali.com\/fr\/les-formations\/advanced-open-water-diver\/","og_locale":"fr_FR","og_type":"article","og_title":"Bali PADI Advanced Open Water Diver, Plong\u00e9e Bali","og_description":"Devenir un PADI Advanced Open Water Diver est la mani\u00e8re id\u00e9ale de continuer votre aventure sous marine.","og_url":"https:\/\/ecodivebali.com\/fr\/les-formations\/advanced-open-water-diver\/","og_site_name":"Ecodive Bali Diving","article_publisher":"https:\/\/www.facebook.com\/pages\/Ecodive-Bali\/129036727173201","article_modified_time":"2024-09-12T09:52:29+00:00","twitter_card":"summary_large_image","twitter_site":"@Ecodive_Bali1","twitter_misc":{"Dur\u00e9e de lecture estim\u00e9e":"3 minutes"},"schema":{"@context":"https:\/\/schema.org","@graph":[{"@type":"WebPage","@id":"https:\/\/ecodivebali.com\/fr\/les-formations\/advanced-open-water-diver\/","url":"https:\/\/ecodivebali.com\/fr\/les-formations\/advanced-open-water-diver\/","name":"Bali PADI Advanced Open Water Diver, Plong\u00e9e Bali","isPartOf":{"@id":"https:\/\/ecodivebali.com\/fr\/#website"},"datePublished":"2016-09-27T00:05:53+00:00","dateModified":"2024-09-12T09:52:29+00:00","description":"Devenir un PADI Advanced Open Water Diver est la mani\u00e8re id\u00e9ale de continuer votre aventure sous marine.","breadcrumb":{"@id":"https:\/\/ecodivebali.com\/fr\/les-formations\/advanced-open-water-diver\/#breadcrumb"},"inLanguage":"fr-FR","potentialAction":[{"@type":"ReadAction","target":["https:\/\/ecodivebali.com\/fr\/les-formations\/advanced-open-water-diver\/"]}]},{"@type":"BreadcrumbList","@id":"https:\/\/ecodivebali.com\/fr\/les-formations\/advanced-open-water-diver\/#breadcrumb","itemListElement":[{"@type":"ListItem","position":1,"name":"Home","item":"https:\/\/ecodivebali.com\/fr\/"},{"@type":"ListItem","position":2,"name":"Les Formations","item":"https:\/\/ecodivebali.com\/fr\/dive-courses\/"},{"@type":"ListItem","position":3,"name":"Advanced Open Water Diver"}]},{"@type":"WebSite","@id":"https:\/\/ecodivebali.com\/fr\/#website","url":"https:\/\/ecodivebali.com\/fr\/","name":"Ecodive Bali Diving","description":"PADI Bali Diving in Amed Tulamben with Ecodive Bali","potentialAction":[{"@type":"SearchAction","target":{"@type":"EntryPoint","urlTemplate":"https:\/\/ecodivebali.com\/fr\/?s={search_term_string}"},"query-input":{"@type":"PropertyValueSpecification","valueRequired":true,"valueName":"search_term_string"}}],"inLanguage":"fr-FR"}]}},"_links":{"self":[{"href":"https:\/\/ecodivebali.com\/fr\/wp-json\/wp\/v2\/pages\/927","targetHints":{"allow":["GET"]}}],"collection":[{"href":"https:\/\/ecodivebali.com\/fr\/wp-json\/wp\/v2\/pages"}],"about":[{"href":"https:\/\/ecodivebali.com\/fr\/wp-json\/wp\/v2\/types\/page"}],"author":[{"embeddable":true,"href":"https:\/\/ecodivebali.com\/fr\/wp-json\/wp\/v2\/users\/1"}],"replies":[{"embeddable":true,"href":"https:\/\/ecodivebali.com\/fr\/wp-json\/wp\/v2\/comments?post=927"}],"version-history":[{"count":4,"href":"https:\/\/ecodivebali.com\/fr\/wp-json\/wp\/v2\/pages\/927\/revisions"}],"predecessor-version":[{"id":2226,"href":"https:\/\/ecodivebali.com\/fr\/wp-json\/wp\/v2\/pages\/927\/revisions\/2226"}],"up":[{"embeddable":true,"href":"https:\/\/ecodivebali.com\/fr\/wp-json\/wp\/v2\/pages\/924"}],"wp:attachment":[{"href":"https:\/\/ecodivebali.com\/fr\/wp-json\/wp\/v2\/media?parent=927"}],"curies":[{"name":"wp","href":"https:\/\/api.w.org\/{rel}","templated":true}]}}