{"id":924,"date":"2016-08-21T03:11:15","date_gmt":"2016-08-21T03:11:15","guid":{"rendered":"http:\/\/ecodivebali.com\/fr\/dive-courses\/"},"modified":"2024-09-12T09:49:25","modified_gmt":"2024-09-12T09:49:25","slug":"les-formations","status":"publish","type":"page","link":"https:\/\/ecodivebali.com\/fr\/les-formations\/","title":{"rendered":"Les Formations"},"content":{"rendered":"\n<style type=\"text\/css\" data-created_by=\"avia_inline_auto\" id=\"style-css-av-av_section-02d86dae78e9b9d0e78f53672c7271d6\">\n.avia-section.av-av_section-02d86dae78e9b9d0e78f53672c7271d6 .av-parallax .av-parallax-inner{\nbackground-repeat:no-repeat;\nbackground-image:url(https:\/\/ecodivebali.com\/wp-content\/uploads\/2016\/11\/ecodivebali-dolphin-1500x630.jpg);\nbackground-position:50% 50%;\nbackground-attachment:scroll;\n}\n.avia-section.av-av_section-02d86dae78e9b9d0e78f53672c7271d6 .av-section-color-overlay{\nopacity:0.2;\nbackground-color:#000000;\n}\n<\/style>\n<div id='av_section_1'  class='avia-section av-av_section-02d86dae78e9b9d0e78f53672c7271d6 main_color avia-section-huge avia-no-border-styling  avia-builder-el-0  el_before_av_section  avia-builder-el-first  avia-full-stretch av-parallax-section avia-bg-style-parallax av-section-color-overlay-active container_wrap sidebar_right'  data-section-bg-repeat='stretch'><div class='av-parallax' data-avia-parallax-ratio='0.3' ><div class='av-parallax-inner main_color avia-full-stretch'><\/div><\/div><div class=\"av-section-color-overlay-wrap\"><div class=\"av-section-color-overlay\"><\/div><div class='container av-section-cont-open' ><main  role=\"main\" itemprop=\"mainContentOfPage\"  class='template-page content  av-content-small alpha units'><div class='post-entry post-entry-type-page post-entry-924'><div class='entry-content-wrapper clearfix'>\n\n<style type=\"text\/css\" data-created_by=\"avia_inline_auto\" id=\"style-css-av-av_heading-4576b9412d5ba584e0872e4ad9b2c2a8\">\n#top .av-special-heading.av-av_heading-4576b9412d5ba584e0872e4ad9b2c2a8{\npadding-bottom:0;\ncolor:#ffffff;\nfont-size:70px;\n}\nbody .av-special-heading.av-av_heading-4576b9412d5ba584e0872e4ad9b2c2a8 .av-special-heading-tag .heading-char{\nfont-size:25px;\n}\n#top #wrap_all .av-special-heading.av-av_heading-4576b9412d5ba584e0872e4ad9b2c2a8 .av-special-heading-tag{\nfont-size:70px;\n}\n.av-special-heading.av-av_heading-4576b9412d5ba584e0872e4ad9b2c2a8 .special-heading-inner-border{\nborder-color:#ffffff;\n}\n.av-special-heading.av-av_heading-4576b9412d5ba584e0872e4ad9b2c2a8 .av-subheading{\nfont-size:15px;\n}\n\n@media only screen and (min-width: 480px) and (max-width: 767px){ \n#top #wrap_all .av-special-heading.av-av_heading-4576b9412d5ba584e0872e4ad9b2c2a8 .av-special-heading-tag{\nfont-size:0.8em;\n}\n}\n\n@media only screen and (max-width: 479px){ \n#top #wrap_all .av-special-heading.av-av_heading-4576b9412d5ba584e0872e4ad9b2c2a8 .av-special-heading-tag{\nfont-size:0.8em;\n}\n}\n<\/style>\n<div  class='av-special-heading av-av_heading-4576b9412d5ba584e0872e4ad9b2c2a8 av-special-heading-h6 custom-color-heading blockquote modern-quote modern-centered  avia-builder-el-1  avia-builder-el-no-sibling  av-inherit-size'><h6 class='av-special-heading-tag '  itemprop=\"headline\"  >Les Formations<\/h6><div class='av_custom_color av-subheading av-subheading_below'><p>Ecodive Bali propose un \u00e9ventail complet de formations PADI, tant pour d\u00e9butants que pour plongeurs chevronn\u00e9s.<\/p>\n<\/div><div class=\"special-heading-border\"><div class=\"special-heading-inner-border\"><\/div><\/div><\/div>\n\n<\/div><\/div><\/main><!-- close content main element --><\/div><\/div><\/div>\n<style type=\"text\/css\" data-created_by=\"avia_inline_auto\" id=\"style-css-av-av_section-fb37fa88fbca848c7e29aff3fecdfcf1\">\n.avia-section.av-av_section-fb37fa88fbca848c7e29aff3fecdfcf1{\nbackground-color:#ffffff;\nbackground-image:unset;\n}\n<\/style>\n<div id='av_section_2'  class='avia-section av-av_section-fb37fa88fbca848c7e29aff3fecdfcf1 main_color avia-section-default avia-no-shadow  avia-builder-el-2  el_after_av_section  el_before_av_section  avia-bg-style-scroll container_wrap sidebar_right'  ><div class='container av-section-cont-open' ><div class='template-page content  av-content-small alpha units'><div class='post-entry post-entry-type-page post-entry-924'><div class='entry-content-wrapper clearfix'>\n<div class='flex_column_table av-av_two_third-201587a3cb27360f0e7f6c88d43151c7 sc-av_two_third av-equal-height-column-flextable'>\n<style type=\"text\/css\" data-created_by=\"avia_inline_auto\" id=\"style-css-av-av_two_third-201587a3cb27360f0e7f6c88d43151c7\">\n.flex_column.av-av_two_third-201587a3cb27360f0e7f6c88d43151c7{\nborder-radius:0px 0px 0px 0px;\npadding:0px 0px 0px 0px;\n}\n<\/style>\n<div  class='flex_column av-av_two_third-201587a3cb27360f0e7f6c88d43151c7 av_two_third  avia-builder-el-3  el_before_av_one_third  avia-builder-el-first  first flex_column_table_cell av-equal-height-column av-align-top av-zero-column-padding  '     ><section  class='av_textblock_section av-av_textblock-396ddf1f42196ca838231e61a4602801 '   itemscope=\"itemscope\" itemtype=\"https:\/\/schema.org\/CreativeWork\" ><div class='avia_textblock'  itemprop=\"text\" ><h2><img loading=\"lazy\" decoding=\"async\" class=\"wp-image-1517 alignright\" src=\"http:\/\/ecodivebali.com\/wp-content\/uploads\/2014\/08\/PADI-5star-IDC-Instructor-Development-Center-Ecodive-Bali.png\" width=\"155\" height=\"200\" srcset=\"https:\/\/ecodivebali.com\/wp-content\/uploads\/2014\/08\/PADI-5star-IDC-Instructor-Development-Center-Ecodive-Bali.png 465w, https:\/\/ecodivebali.com\/wp-content\/uploads\/2014\/08\/PADI-5star-IDC-Instructor-Development-Center-Ecodive-Bali-233x300.png 233w, https:\/\/ecodivebali.com\/wp-content\/uploads\/2014\/08\/PADI-5star-IDC-Instructor-Development-Center-Ecodive-Bali-450x581.png 450w\" sizes=\"auto, (max-width: 155px) 100vw, 155px\" \/>Les Formations \u00e0 la Plong\u00e9e \u00e0 Bali<\/h2>\n<blockquote>\n<p><strong>Ecodive Bali, un PADI 5 Star Instructor Development Center.<\/strong><\/p>\n<\/blockquote>\n<p>Bali est le lieu id\u00e9al pour apprendre \u00e0 plonger ou am\u00e9liorer vos comp\u00e9tences. Ecodive propose un \u00e9ventail complet de formations <a href=\"https:\/\/www.padi.com\/\">PADI<\/a>, incluant un nombre de sp\u00e9cialit\u00e9s adapt\u00e9es aux d\u00e9butants et aux plongeurs exp\u00e9riment\u00e9s.<\/p>\n<p>Imaginez apprendre \u00e0 plonger sur les pentes de sable noir d\u2019un volcan dominant majestueusement le corail, ou une plong\u00e9e de nuit sur l\u2019\u00e9pave du Liberty \u00e0 Tulamben, ou sur de nombreux autres sites de plong\u00e9e \u00e0 Bali: <a href=\"https:\/\/ecodivebali.com\/fr\/les-sites-de-plongee\/amed\/\">Amed<\/a>, <a href=\"https:\/\/ecodivebali.com\/fr\/les-sites-de-plongee\/tulamben\/\">Tulamben<\/a>, <a href=\"https:\/\/ecodivebali.com\/fr\/les-sites-de-plongee\/candi-dasa\/\">Candi Dasa<\/a>, <a href=\"https:\/\/ecodivebali.com\/fr\/les-sites-de-plongee\/nusa-penida\/\">Nusa Penida<\/a> et <a href=\"https:\/\/ecodivebali.com\/fr\/les-sites-de-plongee\/lile-de-menjangan\/\">l&rsquo;\u00eele de Menjangan ou Pemuteran<\/a>.<\/p>\n<blockquote>\n<p><strong>Des exp\u00e9riences inoubliables!<\/strong><\/p>\n<\/blockquote>\n<p><span id=\"result_box\" class=\"\" lang=\"fr\"><span class=\"\">Venez d&rsquo;abord \u00e0 Ecodive Bali et d\u00e9couvrez la \u00ab\u00a0merveille du matin du monde\u00a0\u00bb.<\/span><\/span><\/p>\n<p>Nos services sont disponibles en anglais, en fran\u00e7ais et en indon\u00e9sien de notre \u00e9quipe d&rsquo;instructeurs internationaux d\u00e9vou\u00e9s et exp\u00e9riment\u00e9s et de ma\u00eetres de plong\u00e9e locaux.<\/p>\n<\/div><\/section><br \/>\n<div  class='avia-button-wrap avia-button-center  avia-builder-el-5  el_after_av_textblock  avia-builder-el-last '>\n<style type=\"text\/css\" data-created_by=\"avia_inline_auto\" id=\"style-css-av-m0z3y74f-cacab3c81d7b4d0206eb8270a6e2d0f4\">\n#top #wrap_all .avia-button.av-m0z3y74f-cacab3c81d7b4d0206eb8270a6e2d0f4:hover{\nbackground-color:silver;\ncolor:white;\ntransition:all 0.4s ease-in-out;\n}\n#top #wrap_all .avia-button.av-m0z3y74f-cacab3c81d7b4d0206eb8270a6e2d0f4:hover .avia-svg-icon svg:first-child{\nfill:white;\nstroke:white;\n}\n<\/style>\n<a href='https:\/\/ecodive.mybookr.io\/listings' class='avia-color-theme-color avia-font-color-theme-color avia-button avia-button-fullwidth av-m0z3y74f-cacab3c81d7b4d0206eb8270a6e2d0f4 avia-icon_select-no avia-color-theme-color'  target=\"_blank\"  rel=\"noopener noreferrer\"  aria-label=\"R\u00e9servez vos formations d\u00e8s aujourd\u2019hui !\"><span class='avia_iconbox_title' >R\u00e9servez vos formations d\u00e8s aujourd\u2019hui !<\/span><\/a><\/div><\/p><\/div><div class='av-flex-placeholder'><\/div>\n<style type=\"text\/css\" data-created_by=\"avia_inline_auto\" id=\"style-css-av-av_one_third-0aa7055fe62c3622faec82866afbaeb2\">\n.flex_column.av-av_one_third-0aa7055fe62c3622faec82866afbaeb2{\nborder-radius:0px 0px 0px 0px;\npadding:0px 0px 0px 0px;\n}\n<\/style>\n<div  class='flex_column av-av_one_third-0aa7055fe62c3622faec82866afbaeb2 av_one_third  avia-builder-el-6  el_after_av_two_third  avia-builder-el-last  flex_column_table_cell av-equal-height-column av-align-top av-zero-column-padding  '     ><section  class='av_textblock_section av-av_textblock-0366cc7376be6c9e82a3e9cc8987b64f '   itemscope=\"itemscope\" itemtype=\"https:\/\/schema.org\/CreativeWork\" ><div class='avia_textblock'  itemprop=\"text\" ><div class=\"av-flex-placeholder\">\n<div class=\"avia_textblock \">\n<h3><strong>Nous proposons les formations suivantes:<\/strong><\/h3>\n<\/div>\n<\/div>\n<ul class=\"shortcode-list\">\n<li><a title=\"Scuba Review\" href=\"https:\/\/ecodivebali.com\/fr\/les-formations\/scuba-review\/\"><i class=\"icon-star\"><\/i>Scuba Review<\/a><\/li>\n<li><a title=\"Discover Scuba Diving\" href=\"https:\/\/ecodivebali.com\/fr\/les-formations\/discover-scuba-diving\/\"><i class=\"icon-star\"><\/i>Discover Scuba Diving<\/a><\/li>\n<li><a title=\"Open Water Diver\" href=\"https:\/\/ecodivebali.com\/fr\/les-formations\/open-water-diver\/\"><i class=\"icon-star\"><\/i>Open Water Diver<\/a><\/li>\n<li><a title=\"Advanced Open Water Diver\" href=\"https:\/\/ecodivebali.com\/fr\/les-formations\/advanced-open-water-diver\/\"><i class=\"icon-star\"><\/i>Advanced Open Water Diver<\/a><\/li>\n<li><a href=\"https:\/\/ecodivebali.com\/fr\/les-formations\/rescue-diver\/\"><i class=\"icon-star\"><\/i>Rescue Diver<\/a><\/li>\n<li><a href=\"https:\/\/ecodivebali.com\/fr\/les-formations\/divemaster\/\"><i class=\"icon-star\"><\/i>Divemaster<\/a><\/li>\n<li><a title=\"PADI Specialty Courses\" href=\"https:\/\/ecodivebali.com\/fr\/les-formations\/les-specialites\/\"><i class=\"icon-star\"><\/i>Sp\u00e9cialit\u00e9s PADI<\/a><\/li>\n<\/ul>\n<\/div><\/section><\/div><\/div><!--close column table wrapper. Autoclose: 1 --><\/div><\/div><\/div><!-- close content main div --><\/div><\/div>\n<style type=\"text\/css\" data-created_by=\"avia_inline_auto\" id=\"style-css-av-av_section-4863c226fa8d1917fdbde04775fe2344\">\n.avia-section.av-av_section-4863c226fa8d1917fdbde04775fe2344 .av-parallax .av-parallax-inner{\nbackground-repeat:no-repeat;\nbackground-image:url(https:\/\/ecodivebali.com\/wp-content\/uploads\/2016\/09\/ecodive-01.jpg);\nbackground-position:50% 50%;\nbackground-attachment:scroll;\n}\n<\/style>\n<div id='av_section_3'  class='avia-section av-av_section-4863c226fa8d1917fdbde04775fe2344 main_color avia-section-default avia-no-border-styling  avia-builder-el-8  el_after_av_section  avia-builder-el-last  avia-full-stretch av-parallax-section avia-bg-style-parallax av-minimum-height av-minimum-height-75 av-height-75  container_wrap sidebar_right'  data-section-bg-repeat='stretch' data-av_minimum_height_pc='75' data-av_min_height_opt='75'><div class='av-parallax' data-avia-parallax-ratio='0.3' ><div class='av-parallax-inner main_color avia-full-stretch'><\/div><\/div><div class='container av-section-cont-open' ><div class='template-page content  av-content-small alpha units'><div class='post-entry post-entry-type-page post-entry-924'><div class='entry-content-wrapper clearfix'><\/div><\/div><\/div><!-- close content main div --><\/div><\/div><div id='after_section_3'  class='main_color av_default_container_wrap container_wrap sidebar_right'  ><div class='container av-section-cont-open' ><div class='template-page content  av-content-small alpha units'><div class='post-entry post-entry-type-page post-entry-924'><div class='entry-content-wrapper clearfix'><\/p>\n","protected":false},"excerpt":{"rendered":"","protected":false},"author":1,"featured_media":0,"parent":0,"menu_order":0,"comment_status":"closed","ping_status":"closed","template":"","meta":{"footnotes":""},"class_list":["post-924","page","type-page","status-publish","hentry"],"yoast_head":"<!-- This site is optimized with the Yoast SEO plugin v26.6 - https:\/\/yoast.com\/wordpress\/plugins\/seo\/ -->\n<title>Les Formations \u00e0 la Plong\u00e9e \u00e0 Bali, Open Water Diver Divemaster Ecodive<\/title>\n<meta name=\"description\" content=\"Les Formations \u00e0 la Plong\u00e9e \u00e0 Bali. Ecodive Bali propose un \u00e9ventail complet de formations PADI, tant pour d\u00e9butants que pour plongeurs chevronn\u00e9s.\" \/>\n<meta name=\"robots\" content=\"index, follow, max-snippet:-1, max-image-preview:large, max-video-preview:-1\" \/>\n<link rel=\"canonical\" href=\"https:\/\/ecodivebali.com\/fr\/les-formations\/\" \/>\n<meta property=\"og:locale\" content=\"fr_FR\" \/>\n<meta property=\"og:type\" content=\"article\" \/>\n<meta property=\"og:title\" content=\"Les Formations \u00e0 la Plong\u00e9e \u00e0 Bali, Open Water Diver Divemaster Ecodive\" \/>\n<meta property=\"og:description\" content=\"Les Formations \u00e0 la Plong\u00e9e \u00e0 Bali. Ecodive Bali propose un \u00e9ventail complet de formations PADI, tant pour d\u00e9butants que pour plongeurs chevronn\u00e9s.\" \/>\n<meta property=\"og:url\" content=\"https:\/\/ecodivebali.com\/fr\/les-formations\/\" \/>\n<meta property=\"og:site_name\" content=\"Ecodive Bali Diving\" \/>\n<meta property=\"article:publisher\" content=\"https:\/\/www.facebook.com\/pages\/Ecodive-Bali\/129036727173201\" \/>\n<meta property=\"article:modified_time\" content=\"2024-09-12T09:49:25+00:00\" \/>\n<meta property=\"og:image\" content=\"http:\/\/ecodivebali.com\/wp-content\/uploads\/2014\/08\/PADI-5star-IDC-Instructor-Development-Center-Ecodive-Bali.png\" \/>\n<meta name=\"twitter:card\" content=\"summary_large_image\" \/>\n<meta name=\"twitter:site\" content=\"@Ecodive_Bali1\" \/>\n<meta name=\"twitter:label1\" content=\"Dur\u00e9e de lecture estim\u00e9e\" \/>\n\t<meta name=\"twitter:data1\" content=\"1 minute\" \/>\n<script type=\"application\/ld+json\" class=\"yoast-schema-graph\">{\"@context\":\"https:\/\/schema.org\",\"@graph\":[{\"@type\":\"WebPage\",\"@id\":\"https:\/\/ecodivebali.com\/fr\/les-formations\/\",\"url\":\"https:\/\/ecodivebali.com\/fr\/les-formations\/\",\"name\":\"Les Formations \u00e0 la Plong\u00e9e \u00e0 Bali, Open Water Diver Divemaster Ecodive\",\"isPartOf\":{\"@id\":\"https:\/\/ecodivebali.com\/fr\/#website\"},\"primaryImageOfPage\":{\"@id\":\"https:\/\/ecodivebali.com\/fr\/les-formations\/#primaryimage\"},\"image\":{\"@id\":\"https:\/\/ecodivebali.com\/fr\/les-formations\/#primaryimage\"},\"thumbnailUrl\":\"http:\/\/ecodivebali.com\/wp-content\/uploads\/2014\/08\/PADI-5star-IDC-Instructor-Development-Center-Ecodive-Bali.png\",\"datePublished\":\"2016-08-21T03:11:15+00:00\",\"dateModified\":\"2024-09-12T09:49:25+00:00\",\"description\":\"Les Formations \u00e0 la Plong\u00e9e \u00e0 Bali. Ecodive Bali propose un \u00e9ventail complet de formations PADI, tant pour d\u00e9butants que pour plongeurs chevronn\u00e9s.\",\"breadcrumb\":{\"@id\":\"https:\/\/ecodivebali.com\/fr\/les-formations\/#breadcrumb\"},\"inLanguage\":\"fr-FR\",\"potentialAction\":[{\"@type\":\"ReadAction\",\"target\":[\"https:\/\/ecodivebali.com\/fr\/les-formations\/\"]}]},{\"@type\":\"ImageObject\",\"inLanguage\":\"fr-FR\",\"@id\":\"https:\/\/ecodivebali.com\/fr\/les-formations\/#primaryimage\",\"url\":\"http:\/\/ecodivebali.com\/wp-content\/uploads\/2014\/08\/PADI-5star-IDC-Instructor-Development-Center-Ecodive-Bali.png\",\"contentUrl\":\"http:\/\/ecodivebali.com\/wp-content\/uploads\/2014\/08\/PADI-5star-IDC-Instructor-Development-Center-Ecodive-Bali.png\"},{\"@type\":\"BreadcrumbList\",\"@id\":\"https:\/\/ecodivebali.com\/fr\/les-formations\/#breadcrumb\",\"itemListElement\":[{\"@type\":\"ListItem\",\"position\":1,\"name\":\"Home\",\"item\":\"https:\/\/ecodivebali.com\/fr\/\"},{\"@type\":\"ListItem\",\"position\":2,\"name\":\"Les Formations\"}]},{\"@type\":\"WebSite\",\"@id\":\"https:\/\/ecodivebali.com\/fr\/#website\",\"url\":\"https:\/\/ecodivebali.com\/fr\/\",\"name\":\"Ecodive Bali Diving\",\"description\":\"PADI Bali Diving in Amed Tulamben with Ecodive Bali\",\"potentialAction\":[{\"@type\":\"SearchAction\",\"target\":{\"@type\":\"EntryPoint\",\"urlTemplate\":\"https:\/\/ecodivebali.com\/fr\/?s={search_term_string}\"},\"query-input\":{\"@type\":\"PropertyValueSpecification\",\"valueRequired\":true,\"valueName\":\"search_term_string\"}}],\"inLanguage\":\"fr-FR\"}]}<\/script>\n<!-- \/ Yoast SEO plugin. -->","yoast_head_json":{"title":"Les Formations \u00e0 la Plong\u00e9e \u00e0 Bali, Open Water Diver Divemaster Ecodive","description":"Les Formations \u00e0 la Plong\u00e9e \u00e0 Bali. Ecodive Bali propose un \u00e9ventail complet de formations PADI, tant pour d\u00e9butants que pour plongeurs chevronn\u00e9s.","robots":{"index":"index","follow":"follow","max-snippet":"max-snippet:-1","max-image-preview":"max-image-preview:large","max-video-preview":"max-video-preview:-1"},"canonical":"https:\/\/ecodivebali.com\/fr\/les-formations\/","og_locale":"fr_FR","og_type":"article","og_title":"Les Formations \u00e0 la Plong\u00e9e \u00e0 Bali, Open Water Diver Divemaster Ecodive","og_description":"Les Formations \u00e0 la Plong\u00e9e \u00e0 Bali. Ecodive Bali propose un \u00e9ventail complet de formations PADI, tant pour d\u00e9butants que pour plongeurs chevronn\u00e9s.","og_url":"https:\/\/ecodivebali.com\/fr\/les-formations\/","og_site_name":"Ecodive Bali Diving","article_publisher":"https:\/\/www.facebook.com\/pages\/Ecodive-Bali\/129036727173201","article_modified_time":"2024-09-12T09:49:25+00:00","og_image":[{"url":"http:\/\/ecodivebali.com\/wp-content\/uploads\/2014\/08\/PADI-5star-IDC-Instructor-Development-Center-Ecodive-Bali.png","type":"","width":"","height":""}],"twitter_card":"summary_large_image","twitter_site":"@Ecodive_Bali1","twitter_misc":{"Dur\u00e9e de lecture estim\u00e9e":"1 minute"},"schema":{"@context":"https:\/\/schema.org","@graph":[{"@type":"WebPage","@id":"https:\/\/ecodivebali.com\/fr\/les-formations\/","url":"https:\/\/ecodivebali.com\/fr\/les-formations\/","name":"Les Formations \u00e0 la Plong\u00e9e \u00e0 Bali, Open Water Diver Divemaster Ecodive","isPartOf":{"@id":"https:\/\/ecodivebali.com\/fr\/#website"},"primaryImageOfPage":{"@id":"https:\/\/ecodivebali.com\/fr\/les-formations\/#primaryimage"},"image":{"@id":"https:\/\/ecodivebali.com\/fr\/les-formations\/#primaryimage"},"thumbnailUrl":"http:\/\/ecodivebali.com\/wp-content\/uploads\/2014\/08\/PADI-5star-IDC-Instructor-Development-Center-Ecodive-Bali.png","datePublished":"2016-08-21T03:11:15+00:00","dateModified":"2024-09-12T09:49:25+00:00","description":"Les Formations \u00e0 la Plong\u00e9e \u00e0 Bali. Ecodive Bali propose un \u00e9ventail complet de formations PADI, tant pour d\u00e9butants que pour plongeurs chevronn\u00e9s.","breadcrumb":{"@id":"https:\/\/ecodivebali.com\/fr\/les-formations\/#breadcrumb"},"inLanguage":"fr-FR","potentialAction":[{"@type":"ReadAction","target":["https:\/\/ecodivebali.com\/fr\/les-formations\/"]}]},{"@type":"ImageObject","inLanguage":"fr-FR","@id":"https:\/\/ecodivebali.com\/fr\/les-formations\/#primaryimage","url":"http:\/\/ecodivebali.com\/wp-content\/uploads\/2014\/08\/PADI-5star-IDC-Instructor-Development-Center-Ecodive-Bali.png","contentUrl":"http:\/\/ecodivebali.com\/wp-content\/uploads\/2014\/08\/PADI-5star-IDC-Instructor-Development-Center-Ecodive-Bali.png"},{"@type":"BreadcrumbList","@id":"https:\/\/ecodivebali.com\/fr\/les-formations\/#breadcrumb","itemListElement":[{"@type":"ListItem","position":1,"name":"Home","item":"https:\/\/ecodivebali.com\/fr\/"},{"@type":"ListItem","position":2,"name":"Les Formations"}]},{"@type":"WebSite","@id":"https:\/\/ecodivebali.com\/fr\/#website","url":"https:\/\/ecodivebali.com\/fr\/","name":"Ecodive Bali Diving","description":"PADI Bali Diving in Amed Tulamben with Ecodive Bali","potentialAction":[{"@type":"SearchAction","target":{"@type":"EntryPoint","urlTemplate":"https:\/\/ecodivebali.com\/fr\/?s={search_term_string}"},"query-input":{"@type":"PropertyValueSpecification","valueRequired":true,"valueName":"search_term_string"}}],"inLanguage":"fr-FR"}]}},"_links":{"self":[{"href":"https:\/\/ecodivebali.com\/fr\/wp-json\/wp\/v2\/pages\/924","targetHints":{"allow":["GET"]}}],"collection":[{"href":"https:\/\/ecodivebali.com\/fr\/wp-json\/wp\/v2\/pages"}],"about":[{"href":"https:\/\/ecodivebali.com\/fr\/wp-json\/wp\/v2\/types\/page"}],"author":[{"embeddable":true,"href":"https:\/\/ecodivebali.com\/fr\/wp-json\/wp\/v2\/users\/1"}],"replies":[{"embeddable":true,"href":"https:\/\/ecodivebali.com\/fr\/wp-json\/wp\/v2\/comments?post=924"}],"version-history":[{"count":14,"href":"https:\/\/ecodivebali.com\/fr\/wp-json\/wp\/v2\/pages\/924\/revisions"}],"predecessor-version":[{"id":2222,"href":"https:\/\/ecodivebali.com\/fr\/wp-json\/wp\/v2\/pages\/924\/revisions\/2222"}],"wp:attachment":[{"href":"https:\/\/ecodivebali.com\/fr\/wp-json\/wp\/v2\/media?parent=924"}],"curies":[{"name":"wp","href":"https:\/\/api.w.org\/{rel}","templated":true}]}}