{"id":917,"date":"2014-08-24T17:28:24","date_gmt":"2014-08-24T17:28:24","guid":{"rendered":"http:\/\/ecodivebali.com\/fr\/contact\/"},"modified":"2025-05-28T07:07:47","modified_gmt":"2025-05-28T07:07:47","slug":"contact","status":"publish","type":"page","link":"https:\/\/ecodivebali.com\/fr\/contact\/","title":{"rendered":"Contact"},"content":{"rendered":"<div  class='av_gmaps_sc_main_wrap av_gmaps_main_wrap '><div id='av_gmap_0' class='avia-google-map-container avia-google-map-sc av_gmaps_show_unconditionally av-no-fallback-img ' data-mapid='av_gmap_0'  style='height: 400px;'><a class=\"av_gmaps_browser_disabled av_text_confirm_link av_text_confirm_link_visible\" href=\"https:\/\/www.google.com\/maps\/search\/?api=1&#038;query=Eco%20Dive%20Bali\" target=\"_blank\">Les cartes ont \u00e9t\u00e9 d\u00e9sactiv\u00e9es par le visiteur sur ce site. Cliquer pour ouvrir la carte dans une nouvelle fen\u00eatre.<\/a><\/div><\/div>\n<div id='av-layout-grid-1'  class='av-layout-grid-container av-32n01x-9004f3dc58ccf0098f5e635bffac010f entry-content-wrapper main_color av-flex-cells  avia-builder-el-1  el_after_av_google_map  avia-builder-el-last  grid-row-not-first  container_wrap sidebar_right'  >\n\n<style type=\"text\/css\" data-created_by=\"avia_inline_auto\" id=\"style-css-av-2yrq5x-754b18c8d1e80cd5a1a7cfa6cd320134\">\n.flex_cell.av-2yrq5x-754b18c8d1e80cd5a1a7cfa6cd320134{\nvertical-align:top;\n}\n.responsive #top #wrap_all .flex_cell.av-2yrq5x-754b18c8d1e80cd5a1a7cfa6cd320134{\npadding:5% 5% 5% 10% !important;\n}\n<\/style>\n<div class='flex_cell av-2yrq5x-754b18c8d1e80cd5a1a7cfa6cd320134 av-gridrow-cell av_one_half no_margin  avia-builder-el-2  el_before_av_cell_one_half  avia-builder-el-first  content-align-top'  ><div class='flex_cell_inner'><p>\n<style type=\"text\/css\" data-created_by=\"avia_inline_auto\" id=\"style-css-av-2qfju5-93dced081c8616b6f28fcb66329ab5fa\">\n#top .av-special-heading.av-2qfju5-93dced081c8616b6f28fcb66329ab5fa{\npadding-bottom:10px;\nfont-size:34px;\n}\nbody .av-special-heading.av-2qfju5-93dced081c8616b6f28fcb66329ab5fa .av-special-heading-tag .heading-char{\nfont-size:25px;\n}\n#top #wrap_all .av-special-heading.av-2qfju5-93dced081c8616b6f28fcb66329ab5fa .av-special-heading-tag{\nfont-size:34px;\n}\n.av-special-heading.av-2qfju5-93dced081c8616b6f28fcb66329ab5fa .av-subheading{\nfont-size:15px;\n}\n\n@media only screen and (min-width: 480px) and (max-width: 767px){ \n#top #wrap_all .av-special-heading.av-2qfju5-93dced081c8616b6f28fcb66329ab5fa .av-special-heading-tag{\nfont-size:0.8em;\n}\n}\n\n@media only screen and (max-width: 479px){ \n#top #wrap_all .av-special-heading.av-2qfju5-93dced081c8616b6f28fcb66329ab5fa .av-special-heading-tag{\nfont-size:0.8em;\n}\n}\n<\/style>\n<div  class='av-special-heading av-2qfju5-93dced081c8616b6f28fcb66329ab5fa av-special-heading-h3 blockquote modern-quote  avia-builder-el-3  el_before_av_textblock  avia-builder-el-first  av-inherit-size'><h3 class='av-special-heading-tag '  itemprop=\"headline\"  >Entrer en contact<\/h3><div class=\"special-heading-border\"><div class=\"special-heading-inner-border\"><\/div><\/div><\/div><br \/>\n<section  class='av_textblock_section av-2k67yd-65704b0299c15c666ead53406af7b611 '   itemscope=\"itemscope\" itemtype=\"https:\/\/schema.org\/CreativeWork\" ><div class='avia_textblock'  itemprop=\"text\" ><p>Ecodive Bali, <strong>PADI 5 Star Dive Centre<\/strong>, est situ\u00e9 dans le petit village d\u2019Amed. Notre objectif est de pr\u00e9server la beaut\u00e9 naturelle de Bali et de la partager avec vous. \u00c9tant le plus vieux et le plus grand centre de plong\u00e9e d\u2019Amed, ainsi qu\u2019un leader de l\u2019industrie subaquatique, nous sommes fiers de notre engagement pour l\u2019environnement et pour le d\u00e9veloppement d\u2019un tourisme responsable \u00e0 Bali.<\/p>\n<p><strong>Ecodive Bali<\/strong>\u00a0 est situ\u00e9 \u00e0 Amed, Karangasem (Est de Bali), \u00e0 environ deux heures de route de Denpasar. Des taxis assurent les \u00e9changes depuis l\u2019a\u00e9roport ou votre h\u00f4tel \u00e0 Kuta, Ubud et Sanur.<\/p>\n<p>Si n\u00e9cessaire, vous pouvez \u00e9galement nous contacter pour organiser les transferts.<\/p>\n<p>Il est Pr\u00e9f\u00e9rable de R\u00e9server \u00e0 l\u2019Avance vos Excursions ou vos Formations.<\/p>\n<\/div><\/section><br \/>\n\n<style type=\"text\/css\" data-created_by=\"avia_inline_auto\" id=\"style-css-av-2c8fdh-8f59c2c2c65d30cb20fb25895fdf93e3\">\n.flex_column.av-2c8fdh-8f59c2c2c65d30cb20fb25895fdf93e3{\nborder-radius:0px 0px 0px 0px;\npadding:0px 0px 0px 0px;\n}\n<\/style>\n<div  class='flex_column av-2c8fdh-8f59c2c2c65d30cb20fb25895fdf93e3 av_one_full  avia-builder-el-5  el_after_av_textblock  avia-builder-el-last  first flex_column_div av-zero-column-padding  column-top-margin'     ><style type=\"text\/css\" data-created_by=\"avia_inline_auto\" id=\"style-css-av-28qrgd-674b25d228b1adb73a1a331440fc4ff3\">\n.avia-image-container.av-28qrgd-674b25d228b1adb73a1a331440fc4ff3 img.avia_image{\nbox-shadow:none;\n}\n.avia-image-container.av-28qrgd-674b25d228b1adb73a1a331440fc4ff3 .av-image-caption-overlay-center{\ncolor:#ffffff;\n}\n<\/style>\n<div  class='avia-image-container av-28qrgd-674b25d228b1adb73a1a331440fc4ff3 av-styling-no-styling av-img-linked avia-align-center  avia-builder-el-6  avia-builder-el-no-sibling '   itemprop=\"image\" itemscope=\"itemscope\" itemtype=\"https:\/\/schema.org\/ImageObject\" ><div class=\"avia-image-container-inner\"><div class=\"avia-image-overlay-wrap\"><a href=\"https:\/\/www.tripadvisor.com\/Attraction_Review-g608478-d3175229-Reviews-Ecodive_Bali-Amed_Abang_Bali.html\" class='avia_image '  target=\"_blank\"  rel=\"noopener noreferrer\" aria-label='tripadvisor-certificate-of-excellence-2017'><img decoding=\"async\" fetchpriority=\"high\" class='wp-image-1551 avia-img-lazy-loading-not-1551 avia_image ' src=\"https:\/\/ecodivebali.com\/wp-content\/uploads\/2016\/02\/tripadvisor-certificate-of-excellence-2017.png\" alt='' title='tripadvisor-certificate-of-excellence-2017'  height=\"300\" width=\"415\"  itemprop=\"thumbnailUrl\" srcset=\"https:\/\/ecodivebali.com\/wp-content\/uploads\/2016\/02\/tripadvisor-certificate-of-excellence-2017.png 415w, https:\/\/ecodivebali.com\/wp-content\/uploads\/2016\/02\/tripadvisor-certificate-of-excellence-2017-300x217.png 300w\" sizes=\"(max-width: 415px) 100vw, 415px\" \/><\/a><\/div><\/div><\/div><\/div><\/p>\n<\/div><\/div>\n<style type=\"text\/css\" data-created_by=\"avia_inline_auto\" id=\"style-css-av-202ged-49e09decbc0ec5b57163753a77316670\">\n.flex_cell.av-202ged-49e09decbc0ec5b57163753a77316670{\nvertical-align:middle;\n}\n.responsive #top #wrap_all .flex_cell.av-202ged-49e09decbc0ec5b57163753a77316670{\npadding:5% 10% 5% 5% !important;\n}\n<\/style>\n<div class='flex_cell av-202ged-49e09decbc0ec5b57163753a77316670 av-gridrow-cell av_one_half no_margin  avia-builder-el-7  el_after_av_cell_one_half  avia-builder-el-last  content-align-middle'  ><div class='flex_cell_inner'><p><form action=\"https:\/\/ecodivebali.com\/fr\/contact\/\" method=\"post\" data-fields-with-error=\"Erreurs trouv\u00e9es dans les champs suivants :\" class=\"avia_ajax_form av-form-labels-hidden   avia-builder-el-8  el_before_av_heading  avia-builder-el-first   \" data-avia-form-id=\"1\" data-avia-redirect='' ><h3 class=''>Pour nous contacter, remplissez le formulaire ci-dessous, ou utilisez les informations indiqu\u00e9es sur la droite de la page.<\/h3><fieldset><p class='  first_form  form_element form_fullwidth' id='element_avia_1_1'><label for=\"avia_1_1\">Name <abbr class=\"required\" title=\"requis(e)\">*<\/abbr><\/label> <input name=\"avia_1_1\" class=\"text_input is_empty\" type=\"text\" id=\"avia_1_1\" value=\"\"  placeholder='Name*'\/><\/p><p class='  first_form  form_element form_fullwidth' id='element_avia_2_1'><label for=\"avia_2_1\">E-Mail <abbr class=\"required\" title=\"requis(e)\">*<\/abbr><\/label> <input name=\"avia_2_1\" class=\"text_input is_email\" type=\"text\" id=\"avia_2_1\" value=\"\"  placeholder='E-Mail*'\/><\/p><p class='  first_form  form_element form_fullwidth' id='element_avia_3_1'><label for=\"avia_3_1\">Subject<\/label> <input name=\"avia_3_1\" class=\"text_input \" type=\"text\" id=\"avia_3_1\" value=\"\"  placeholder='Subject'\/><\/p><p class='  first_form  form_element form_fullwidth' id='element_avia_4_1'><label for=\"avia_4_1\" class=\"textare_label hidden textare_label_avia_4_1\">Message <abbr class=\"required\" title=\"requis(e)\">*<\/abbr><\/label><textarea  placeholder='Message*' name=\"avia_4_1\" class=\"text_area is_empty\" cols=\"40\" rows=\"7\" id=\"avia_4_1\" ><\/textarea><\/p><p class=\"hidden\"><input type=\"text\" name=\"avia_5_1\" class=\"hidden \" id=\"avia_5_1\" value=\"\" \/><\/p><div id='avia_6_1' class='av-recaptcha-area  first_form  form_element form_fullwidth '  data-container_class=\"\" data-custom_class=\"\" data-context=\"av_contact_form\" data-token_input=\"av_recaptcha_token\" data-version=\"avia_recaptcha_v2\" data-theme=\"light\" data-size=\"normal\" data-score=\"0.5\" data-text_to_preview=\"\" data-value=\"\"><div class=\"av-google-badge-message hidden\">Ce site est prot\u00e9g\u00e9 par reCAPTCHA et la <a href=\"https:\/\/policies.google.com\/privacy\">politique de confidentialit\u00e9<\/a> de Google et <a href=\"https:\/\/policies.google.com\/terms\">leur conditions d\u2019utilisation<\/a> s\u2019appliquent.<\/div><\/div><p class=\"form_element \"><input type=\"hidden\" value=\"1\" name=\"avia_generated_form1\" \/><input type=\"submit\" value=\"Send Now\" class=\"button\"  data-sending-label=\"Envoi\"\/><\/p><\/fieldset><div class=\"avia-disabled-form\">Ce formulaire est d\u00e9sactiv\u00e9 dans la mesure o\u00f9 vous refusez d\u2019accepter le service Google reCAPTCHA n\u00e9cessaire pour valider toute exp\u00e9dition de message depuis celui-ci.<\/div><\/form><div id=\"ajaxresponse_1\" class=\"ajaxresponse ajaxresponse_1 hidden\"><\/div><br \/>\n\n<style type=\"text\/css\" data-created_by=\"avia_inline_auto\" id=\"style-css-av-19lv6t-27e420310e6865648e7dffd54190620f\">\n#top .av-special-heading.av-19lv6t-27e420310e6865648e7dffd54190620f{\npadding-bottom:10px;\nfont-size:20px;\n}\nbody .av-special-heading.av-19lv6t-27e420310e6865648e7dffd54190620f .av-special-heading-tag .heading-char{\nfont-size:25px;\n}\n#top #wrap_all .av-special-heading.av-19lv6t-27e420310e6865648e7dffd54190620f .av-special-heading-tag{\nfont-size:20px;\n}\n.av-special-heading.av-19lv6t-27e420310e6865648e7dffd54190620f .av-subheading{\nfont-size:15px;\n}\n\n@media only screen and (min-width: 480px) and (max-width: 767px){ \n#top #wrap_all .av-special-heading.av-19lv6t-27e420310e6865648e7dffd54190620f .av-special-heading-tag{\nfont-size:0.8em;\n}\n}\n\n@media only screen and (max-width: 479px){ \n#top #wrap_all .av-special-heading.av-19lv6t-27e420310e6865648e7dffd54190620f .av-special-heading-tag{\nfont-size:0.8em;\n}\n}\n<\/style>\n<div  class='av-special-heading av-19lv6t-27e420310e6865648e7dffd54190620f av-special-heading-h5 blockquote modern-quote  avia-builder-el-9  el_after_av_contact  el_before_av_one_full  av-inherit-size'><h5 class='av-special-heading-tag '  itemprop=\"headline\"  >Contact Information<\/h5><div class=\"special-heading-border\"><div class=\"special-heading-inner-border\"><\/div><\/div><\/div><br \/>\n\n<style type=\"text\/css\" data-created_by=\"avia_inline_auto\" id=\"style-css-av-10la05-b6ea6bb76c90322c1d4b4205bbb87993\">\n#top .flex_column.av-10la05-b6ea6bb76c90322c1d4b4205bbb87993{\nmargin-top:0px;\nmargin-bottom:0px;\n}\n.flex_column.av-10la05-b6ea6bb76c90322c1d4b4205bbb87993{\nborder-radius:0px 0px 0px 0px;\npadding:0px 0px 0px 0px;\n}\n.responsive #top #wrap_all .flex_column.av-10la05-b6ea6bb76c90322c1d4b4205bbb87993{\nmargin-top:0px;\nmargin-bottom:0px;\n}\n<\/style>\n<div  class='flex_column av-10la05-b6ea6bb76c90322c1d4b4205bbb87993 av_one_full  avia-builder-el-10  el_after_av_heading  el_before_av_hr  first flex_column_div av-zero-column-padding  '     ><div  class='avia-icon-list-container av-36kxp-7e114a48f91efc61ebdae16610b12a5f  avia-builder-el-11  avia-builder-el-no-sibling '><ul class='avia-icon-list avia_animate_when_almost_visible avia-icon-list-left av-iconlist-small av-36kxp-7e114a48f91efc61ebdae16610b12a5f avia-iconlist-animate'>\n<li><div class='iconlist_icon av-p0obh-d7797be92756abf424139746fd7be98c avia-font-entypo-fontello avia-iconfont avia-font-entypo-fontello'><span class='av-icon-char' data-av_icon='\ue821' data-av_iconfont='entypo-fontello' aria-hidden=\"true\"><\/span><\/div><article class=\"article-icon-entry av-iconlist-empty\"  itemscope=\"itemscope\" itemtype=\"https:\/\/schema.org\/CreativeWork\" ><div class=\"iconlist_content_wrap\"><header class=\"entry-content-header\" aria-label=\"Ic\u00f4ne : &lt;b&gt;Ecodive Bali&lt;\/b&gt; Jemeluk Beach Amed&lt;br \/&gt;Abang Karangasem Bali, INDONESIA, 80852\"><div class='av_iconlist_title iconlist_title_small  '  itemprop=\"headline\" ><b>Ecodive Bali<\/b> Jemeluk Beach Amed<br \/>Abang Karangasem Bali, INDONESIA, 80852<\/div><\/header><div class='iconlist_content '  itemprop=\"text\" ><\/div><\/div><footer class=\"entry-footer\"><\/footer><\/article><div class=\"iconlist-timeline\"><\/div><\/li>\n<li><div class='iconlist_icon av-it2xp-a9abaf25db0dee0902a5d5d30547b526 avia-font-entypo-fontello avia-iconfont avia-font-entypo-fontello'><span class='av-icon-char' data-av_icon='\ue854' data-av_iconfont='entypo-fontello' aria-hidden=\"true\"><\/span><\/div><article class=\"article-icon-entry av-iconlist-empty\"  itemscope=\"itemscope\" itemtype=\"https:\/\/schema.org\/CreativeWork\" ><div class=\"iconlist_content_wrap\"><header class=\"entry-content-header\" aria-label=\"Ic\u00f4ne : Call: (62) 363 - 23482\"><div class='av_iconlist_title iconlist_title_small  '  itemprop=\"headline\" >Call: (62) 363 - 23482<\/div><\/header><div class='iconlist_content '  itemprop=\"text\" ><\/div><\/div><footer class=\"entry-footer\"><\/footer><\/article><div class=\"iconlist-timeline\"><\/div><\/li>\n<li><div class='iconlist_icon av-ekch9-851abd0d141d403d8c3330ca662c36e4 avia-font-entypo-fontello avia-iconfont avia-font-entypo-fontello'><span class='av-icon-char' data-av_icon='\ue8ac' data-av_iconfont='entypo-fontello' aria-hidden=\"true\"><\/span><\/div><article class=\"article-icon-entry \"  itemscope=\"itemscope\" itemtype=\"https:\/\/schema.org\/CreativeWork\" ><div class=\"iconlist_content_wrap\"><header class=\"entry-content-header\" aria-label=\"Ic\u00f4ne : WhatsApp:\"><div class='av_iconlist_title iconlist_title_small  '  itemprop=\"headline\" >WhatsApp:<\/div><\/header><div class='iconlist_content '  itemprop=\"text\" ><p><strong>+62(0)8174741955<\/strong><\/p>\n<\/div><\/div><footer class=\"entry-footer\"><\/footer><\/article><div class=\"iconlist-timeline\"><\/div><\/li>\n<li><div class='iconlist_icon av-ekch9-633346ccb39d91f807a2416427216bd5 avia-font-entypo-fontello avia-iconfont avia-font-entypo-fontello'><span class='av-icon-char' data-av_icon='\ue805' data-av_iconfont='entypo-fontello' aria-hidden=\"true\"><\/span><\/div><article class=\"article-icon-entry av-iconlist-empty\"  itemscope=\"itemscope\" itemtype=\"https:\/\/schema.org\/CreativeWork\" ><div class=\"iconlist_content_wrap\"><header class=\"entry-content-header\" aria-label=\"Ic\u00f4ne : &lt;a href=&#039;mailto:info@ecodivebali.com&#039; title=&#039;info@ecodivebali.com&#039;&gt;info@ecodivebali.com&lt;\/a&gt;\"><div class='av_iconlist_title iconlist_title_small  '  itemprop=\"headline\" ><a href='mailto:info@ecodivebali.com' title='info@ecodivebali.com'>info@ecodivebali.com<\/a><\/div><\/header><div class='iconlist_content '  itemprop=\"text\" ><\/div><\/div><footer class=\"entry-footer\"><\/footer><\/article><div class=\"iconlist-timeline\"><\/div><\/li>\n<\/ul><\/div><\/div>\n<style type=\"text\/css\" data-created_by=\"avia_inline_auto\" id=\"style-css-av-2fwd-6d7fc134fcfb6b78147162e819b8237c\">\n#top .hr.hr-invisible.av-2fwd-6d7fc134fcfb6b78147162e819b8237c{\nheight:30px;\n}\n<\/style>\n<div  class='hr av-2fwd-6d7fc134fcfb6b78147162e819b8237c hr-invisible  avia-builder-el-12  el_after_av_one_full  avia-builder-el-last '><span class='hr-inner '><span class=\"hr-inner-style\"><\/span><\/span><\/div><\/p>\n<\/div><\/div><\/div>\n","protected":false},"excerpt":{"rendered":"","protected":false},"author":1,"featured_media":0,"parent":0,"menu_order":0,"comment_status":"open","ping_status":"open","template":"","meta":{"footnotes":""},"class_list":["post-917","page","type-page","status-publish","hentry"],"yoast_head":"<!-- This site is optimized with the Yoast SEO plugin v26.6 - https:\/\/yoast.com\/wordpress\/plugins\/seo\/ -->\n<title>Contact Ecodive Bali Amed Diving, un PADI 5 Star Dive Center \u00e0 Amed Bali<\/title>\n<meta name=\"description\" content=\"Contactez Ecodive Bali Diving, un PADI 5 Star Dive Center \u00e0 Amed Bali\" \/>\n<meta name=\"robots\" content=\"index, follow, max-snippet:-1, max-image-preview:large, max-video-preview:-1\" \/>\n<link rel=\"canonical\" href=\"https:\/\/ecodivebali.com\/fr\/contact\/\" \/>\n<meta property=\"og:locale\" content=\"fr_FR\" \/>\n<meta property=\"og:type\" content=\"article\" \/>\n<meta property=\"og:title\" content=\"Contact Ecodive Bali Amed Diving, un PADI 5 Star Dive Center \u00e0 Amed Bali\" \/>\n<meta property=\"og:description\" content=\"Contactez Ecodive Bali Diving, un PADI 5 Star Dive Center \u00e0 Amed Bali\" \/>\n<meta property=\"og:url\" content=\"https:\/\/ecodivebali.com\/fr\/contact\/\" \/>\n<meta property=\"og:site_name\" content=\"Ecodive Bali Diving\" \/>\n<meta property=\"article:publisher\" content=\"https:\/\/www.facebook.com\/pages\/Ecodive-Bali\/129036727173201\" \/>\n<meta property=\"article:modified_time\" content=\"2025-05-28T07:07:47+00:00\" \/>\n<meta name=\"twitter:card\" content=\"summary_large_image\" \/>\n<meta name=\"twitter:site\" content=\"@Ecodive_Bali1\" \/>\n<meta name=\"twitter:label1\" content=\"Dur\u00e9e de lecture estim\u00e9e\" \/>\n\t<meta name=\"twitter:data1\" content=\"2 minutes\" \/>\n<script type=\"application\/ld+json\" class=\"yoast-schema-graph\">{\"@context\":\"https:\/\/schema.org\",\"@graph\":[{\"@type\":\"WebPage\",\"@id\":\"https:\/\/ecodivebali.com\/fr\/contact\/\",\"url\":\"https:\/\/ecodivebali.com\/fr\/contact\/\",\"name\":\"Contact Ecodive Bali Amed Diving, un PADI 5 Star Dive Center \u00e0 Amed Bali\",\"isPartOf\":{\"@id\":\"https:\/\/ecodivebali.com\/fr\/#website\"},\"datePublished\":\"2014-08-24T17:28:24+00:00\",\"dateModified\":\"2025-05-28T07:07:47+00:00\",\"description\":\"Contactez Ecodive Bali Diving, un PADI 5 Star Dive Center \u00e0 Amed Bali\",\"breadcrumb\":{\"@id\":\"https:\/\/ecodivebali.com\/fr\/contact\/#breadcrumb\"},\"inLanguage\":\"fr-FR\",\"potentialAction\":[{\"@type\":\"ReadAction\",\"target\":[\"https:\/\/ecodivebali.com\/fr\/contact\/\"]}]},{\"@type\":\"BreadcrumbList\",\"@id\":\"https:\/\/ecodivebali.com\/fr\/contact\/#breadcrumb\",\"itemListElement\":[{\"@type\":\"ListItem\",\"position\":1,\"name\":\"Home\",\"item\":\"https:\/\/ecodivebali.com\/fr\/\"},{\"@type\":\"ListItem\",\"position\":2,\"name\":\"Contact\"}]},{\"@type\":\"WebSite\",\"@id\":\"https:\/\/ecodivebali.com\/fr\/#website\",\"url\":\"https:\/\/ecodivebali.com\/fr\/\",\"name\":\"Ecodive Bali Diving\",\"description\":\"PADI Bali Diving in Amed Tulamben with Ecodive Bali\",\"potentialAction\":[{\"@type\":\"SearchAction\",\"target\":{\"@type\":\"EntryPoint\",\"urlTemplate\":\"https:\/\/ecodivebali.com\/fr\/?s={search_term_string}\"},\"query-input\":{\"@type\":\"PropertyValueSpecification\",\"valueRequired\":true,\"valueName\":\"search_term_string\"}}],\"inLanguage\":\"fr-FR\"}]}<\/script>\n<!-- \/ Yoast SEO plugin. -->","yoast_head_json":{"title":"Contact Ecodive Bali Amed Diving, un PADI 5 Star Dive Center \u00e0 Amed Bali","description":"Contactez Ecodive Bali Diving, un PADI 5 Star Dive Center \u00e0 Amed Bali","robots":{"index":"index","follow":"follow","max-snippet":"max-snippet:-1","max-image-preview":"max-image-preview:large","max-video-preview":"max-video-preview:-1"},"canonical":"https:\/\/ecodivebali.com\/fr\/contact\/","og_locale":"fr_FR","og_type":"article","og_title":"Contact Ecodive Bali Amed Diving, un PADI 5 Star Dive Center \u00e0 Amed Bali","og_description":"Contactez Ecodive Bali Diving, un PADI 5 Star Dive Center \u00e0 Amed Bali","og_url":"https:\/\/ecodivebali.com\/fr\/contact\/","og_site_name":"Ecodive Bali Diving","article_publisher":"https:\/\/www.facebook.com\/pages\/Ecodive-Bali\/129036727173201","article_modified_time":"2025-05-28T07:07:47+00:00","twitter_card":"summary_large_image","twitter_site":"@Ecodive_Bali1","twitter_misc":{"Dur\u00e9e de lecture estim\u00e9e":"2 minutes"},"schema":{"@context":"https:\/\/schema.org","@graph":[{"@type":"WebPage","@id":"https:\/\/ecodivebali.com\/fr\/contact\/","url":"https:\/\/ecodivebali.com\/fr\/contact\/","name":"Contact Ecodive Bali Amed Diving, un PADI 5 Star Dive Center \u00e0 Amed Bali","isPartOf":{"@id":"https:\/\/ecodivebali.com\/fr\/#website"},"datePublished":"2014-08-24T17:28:24+00:00","dateModified":"2025-05-28T07:07:47+00:00","description":"Contactez Ecodive Bali Diving, un PADI 5 Star Dive Center \u00e0 Amed Bali","breadcrumb":{"@id":"https:\/\/ecodivebali.com\/fr\/contact\/#breadcrumb"},"inLanguage":"fr-FR","potentialAction":[{"@type":"ReadAction","target":["https:\/\/ecodivebali.com\/fr\/contact\/"]}]},{"@type":"BreadcrumbList","@id":"https:\/\/ecodivebali.com\/fr\/contact\/#breadcrumb","itemListElement":[{"@type":"ListItem","position":1,"name":"Home","item":"https:\/\/ecodivebali.com\/fr\/"},{"@type":"ListItem","position":2,"name":"Contact"}]},{"@type":"WebSite","@id":"https:\/\/ecodivebali.com\/fr\/#website","url":"https:\/\/ecodivebali.com\/fr\/","name":"Ecodive Bali Diving","description":"PADI Bali Diving in Amed Tulamben with Ecodive Bali","potentialAction":[{"@type":"SearchAction","target":{"@type":"EntryPoint","urlTemplate":"https:\/\/ecodivebali.com\/fr\/?s={search_term_string}"},"query-input":{"@type":"PropertyValueSpecification","valueRequired":true,"valueName":"search_term_string"}}],"inLanguage":"fr-FR"}]}},"_links":{"self":[{"href":"https:\/\/ecodivebali.com\/fr\/wp-json\/wp\/v2\/pages\/917","targetHints":{"allow":["GET"]}}],"collection":[{"href":"https:\/\/ecodivebali.com\/fr\/wp-json\/wp\/v2\/pages"}],"about":[{"href":"https:\/\/ecodivebali.com\/fr\/wp-json\/wp\/v2\/types\/page"}],"author":[{"embeddable":true,"href":"https:\/\/ecodivebali.com\/fr\/wp-json\/wp\/v2\/users\/1"}],"replies":[{"embeddable":true,"href":"https:\/\/ecodivebali.com\/fr\/wp-json\/wp\/v2\/comments?post=917"}],"version-history":[{"count":8,"href":"https:\/\/ecodivebali.com\/fr\/wp-json\/wp\/v2\/pages\/917\/revisions"}],"predecessor-version":[{"id":2302,"href":"https:\/\/ecodivebali.com\/fr\/wp-json\/wp\/v2\/pages\/917\/revisions\/2302"}],"wp:attachment":[{"href":"https:\/\/ecodivebali.com\/fr\/wp-json\/wp\/v2\/media?parent=917"}],"curies":[{"name":"wp","href":"https:\/\/api.w.org\/{rel}","templated":true}]}}