{"id":913,"date":"2016-09-26T22:27:42","date_gmt":"2016-09-26T22:27:42","guid":{"rendered":"http:\/\/ecodivebali.com\/fr\/les-sites-de-plongee\/tulamben\/"},"modified":"2024-09-12T10:01:53","modified_gmt":"2024-09-12T10:01:53","slug":"tulamben","status":"publish","type":"page","link":"https:\/\/ecodivebali.com\/fr\/les-sites-de-plongee\/tulamben\/","title":{"rendered":"Tulamben"},"content":{"rendered":"\n<style type=\"text\/css\" data-created_by=\"avia_inline_auto\" id=\"style-css-av-av_section-dcbb0d6b268004efac49a4bd6cec092f\">\n.avia-section.av-av_section-dcbb0d6b268004efac49a4bd6cec092f .av-parallax .av-parallax-inner{\nbackground-repeat:no-repeat;\nbackground-image:url(https:\/\/ecodivebali.com\/wp-content\/uploads\/2016\/02\/ecodive-advance.jpg);\nbackground-position:50% 100%;\nbackground-attachment:scroll;\n}\n<\/style>\n<div id='av_section_1'  class='avia-section av-av_section-dcbb0d6b268004efac49a4bd6cec092f main_color avia-section-huge avia-no-border-styling  avia-builder-el-0  el_before_av_submenu  avia-builder-el-first  avia-full-stretch av-parallax-section avia-bg-style-parallax container_wrap sidebar_right'  data-section-bg-repeat='stretch'><div class='av-parallax' data-avia-parallax-ratio='0.3' ><div class='av-parallax-inner main_color avia-full-stretch'><\/div><\/div><div class='container av-section-cont-open' ><main  role=\"main\" itemprop=\"mainContentOfPage\"  class='template-page content  av-content-small alpha units'><div class='post-entry post-entry-type-page post-entry-913'><div class='entry-content-wrapper clearfix'>\n\n<style type=\"text\/css\" data-created_by=\"avia_inline_auto\" id=\"style-css-av-av_heading-97e0307cc73a964bf734ef4f51176fcc\">\n#top .av-special-heading.av-av_heading-97e0307cc73a964bf734ef4f51176fcc{\npadding-bottom:0;\ncolor:#ffffff;\nfont-size:70px;\n}\nbody .av-special-heading.av-av_heading-97e0307cc73a964bf734ef4f51176fcc .av-special-heading-tag .heading-char{\nfont-size:25px;\n}\n#top #wrap_all .av-special-heading.av-av_heading-97e0307cc73a964bf734ef4f51176fcc .av-special-heading-tag{\nfont-size:70px;\n}\n.av-special-heading.av-av_heading-97e0307cc73a964bf734ef4f51176fcc .special-heading-inner-border{\nborder-color:#ffffff;\n}\n.av-special-heading.av-av_heading-97e0307cc73a964bf734ef4f51176fcc .av-subheading{\nfont-size:15px;\n}\n\n@media only screen and (min-width: 480px) and (max-width: 767px){ \n#top #wrap_all .av-special-heading.av-av_heading-97e0307cc73a964bf734ef4f51176fcc .av-special-heading-tag{\nfont-size:0.8em;\n}\n}\n\n@media only screen and (max-width: 479px){ \n#top #wrap_all .av-special-heading.av-av_heading-97e0307cc73a964bf734ef4f51176fcc .av-special-heading-tag{\nfont-size:0.8em;\n}\n}\n<\/style>\n<div  class='av-special-heading av-av_heading-97e0307cc73a964bf734ef4f51176fcc av-special-heading-h6 custom-color-heading blockquote modern-quote modern-centered  avia-builder-el-1  avia-builder-el-no-sibling  av-inherit-size'><h6 class='av-special-heading-tag '  itemprop=\"headline\"  >Tulamben<\/h6><div class='av_custom_color av-subheading av-subheading_below'><p>Des plong\u00e9es de renomm\u00e9e mondiale au d\u00e9part des c\u00f4tes Nord-est de Bali<\/p>\n<\/div><div class=\"special-heading-border\"><div class=\"special-heading-inner-border\"><\/div><\/div><\/div>\n\n<\/div><\/div><\/main><!-- close content main element --><\/div><\/div><div class='clear'><\/div><div id='sub_menu1'  class='av-submenu-container av-av_submenu-0ea2f14867d3f22eeb94dd100dd18ed5 main_color  avia-builder-el-2  el_after_av_section  el_before_av_section  av-sticky-submenu submenu-not-first container_wrap sidebar_right' style='z-index:301' ><div class='container av-menu-mobile-disabled av-submenu-pos-center'><\/div><\/div><div class='sticky_placeholder'><\/div>\n\n<style type=\"text\/css\" data-created_by=\"avia_inline_auto\" id=\"style-css-av-av_section-fb37fa88fbca848c7e29aff3fecdfcf1\">\n.avia-section.av-av_section-fb37fa88fbca848c7e29aff3fecdfcf1{\nbackground-color:#ffffff;\nbackground-image:unset;\n}\n<\/style>\n<div id='av_section_2'  class='avia-section av-av_section-fb37fa88fbca848c7e29aff3fecdfcf1 main_color avia-section-default avia-no-shadow  avia-builder-el-3  el_after_av_submenu  el_before_av_section  avia-bg-style-scroll container_wrap sidebar_right'  ><div class='container av-section-cont-open' ><div class='template-page content  av-content-small alpha units'><div class='post-entry post-entry-type-page post-entry-913'><div class='entry-content-wrapper clearfix'>\n<div class='flex_column_table av-av_two_third-201587a3cb27360f0e7f6c88d43151c7 sc-av_two_third av-equal-height-column-flextable'>\n<style type=\"text\/css\" data-created_by=\"avia_inline_auto\" id=\"style-css-av-av_two_third-201587a3cb27360f0e7f6c88d43151c7\">\n.flex_column.av-av_two_third-201587a3cb27360f0e7f6c88d43151c7{\nborder-radius:0px 0px 0px 0px;\npadding:0px 0px 0px 0px;\n}\n<\/style>\n<div  class='flex_column av-av_two_third-201587a3cb27360f0e7f6c88d43151c7 av_two_third  avia-builder-el-4  el_before_av_one_third  avia-builder-el-first  first flex_column_table_cell av-equal-height-column av-align-top av-zero-column-padding  '     ><p><section  class='av_textblock_section av-av_textblock-0366cc7376be6c9e82a3e9cc8987b64f '   itemscope=\"itemscope\" itemtype=\"https:\/\/schema.org\/CreativeWork\" ><div class='avia_textblock'  itemprop=\"text\" ><p>La destination plong\u00e9e la plus populaire de Bali, et pour de bonnes raisons. C\u2019est la demeure de l\u2019U.S.A.T liberty, un navire de marchandise torpill\u00e9 durant la Seconde Guerre Mondiale et abandonn\u00e9 sur la plage. En 1963, le Liberty f\u00fbt balay\u00e9 dans l\u2019oc\u00e9an par l\u2019\u00e9ruption du Mont Agung et repose maintenant dans les flots entre 5 et 30 m\u00e8tres de profondeur.<\/p>\n<p>D\u2019autres sites r\u00e9put\u00e9s se trouvent \u00e0 proximit\u00e9 de l\u2019\u00e9pave, abritant une centaine d\u2019esp\u00e8ces diff\u00e9rentes, du corail mou et du corail dur, des nudibranches, des hippocampes pygm\u00e9es et d\u2019autres raret\u00e9s. Le paradis du photographe.<\/p>\n<h2><strong>Les Sites de Plong\u00e9e de Tulamben<\/strong><\/h2>\n<p><strong>U.S.A.T Liberty<\/strong><\/p>\n<p>Plong\u00e9e de la plage, sur une \u00e9pave reposant \u00e0 40 m\u00e8tres du rivage entre 5 et 30 m\u00e8tres de fond, mesurant 120 m\u00e8tres de long. La plong\u00e9e la plus populaire de Bali, accessible aux plongeurs d\u00e9butants. Superbe plong\u00e9e de nuit, p\u00e9n\u00e9tration de l\u2019\u00e9pave possible.<\/p>\n<p><strong>Le Tombant<\/strong><\/p>\n<p>Plong\u00e9e de la plage sur un tombant majestueux allant jusqu\u2019\u00e0 60 m\u00e8tres de fond. Opportunit\u00e9 de voir passer des p\u00e9lagiques tels que des requins, des thons, des mantas, des mola-mola et parfois des requins baleines.<\/p>\n<p><strong>Kubu<\/strong><\/p>\n<p>Plong\u00e9e de la plage sur une pente de sable noir pour rejoindre une \u00e9pave de 40 m\u00e8tres reposant entre 20 et 40 m\u00e8tres de fond. Trois ponts \u00e9pur\u00e9s, p\u00e9n\u00e9tration possible ! Tr\u00e8s belles opportunit\u00e9s pour les photographes.<\/p>\n<p><strong>Seraya<\/strong><\/p>\n<p>Plong\u00e9e de la plage sur un fond sablonneux et un r\u00e9cif artificiel. <strong>Le paradis de la macro<\/strong> ! Un endroit parfait \u00e0 Bali pour observer des cr\u00e9atures telles que les nudibranches, les hippocampes pygm\u00e9es, les crevettes arlequins et autres raret\u00e9s.<\/p>\n<p><strong>Batu Kelebit<\/strong><\/p>\n<p>Plong\u00e9e d\u2019un bateau sur un pic rocheux allant jusqu\u2019\u00e0 40m\u00e8tres suivi d\u2019une pente douce recouverte d\u2019un r\u00e9cif corallien. Visibilit\u00e9 excellente, courant mod\u00e9r\u00e9, possibilit\u00e9 de voir des p\u00e9lagiques.<\/p>\n<\/div><\/section><br \/>\n<div  class='avia-button-wrap avia-button-center  avia-builder-el-6  el_after_av_textblock  avia-builder-el-last '>\n<style type=\"text\/css\" data-created_by=\"avia_inline_auto\" id=\"style-css-av-m0z49yig-cf2b3c9c9980ea75c56f5dcd539409a2\">\n#top #wrap_all .avia-button.av-m0z49yig-cf2b3c9c9980ea75c56f5dcd539409a2:hover{\nbackground-color:silver;\ncolor:white;\ntransition:all 0.4s ease-in-out;\n}\n#top #wrap_all .avia-button.av-m0z49yig-cf2b3c9c9980ea75c56f5dcd539409a2:hover .avia-svg-icon svg:first-child{\nfill:white;\nstroke:white;\n}\n<\/style>\n<a href='https:\/\/ecodive.mybookr.io\/listings\/7-tulamben-dive' class='avia-color-theme-color avia-font-color-theme-color avia-button avia-button-fullwidth av-m0z49yig-cf2b3c9c9980ea75c56f5dcd539409a2 avia-icon_select-no avia-color-theme-color'  target=\"_blank\"  rel=\"noopener noreferrer\"  aria-label=\"R\u00e9servez vos plong\u00e9es d\u00e8s aujourd\u2019hui !\"><span class='avia_iconbox_title' >R\u00e9servez vos plong\u00e9es d\u00e8s aujourd\u2019hui !<\/span><\/a><\/div><\/p><\/div><div class='av-flex-placeholder'><\/div>\n<style type=\"text\/css\" data-created_by=\"avia_inline_auto\" id=\"style-css-av-av_one_third-0aa7055fe62c3622faec82866afbaeb2\">\n.flex_column.av-av_one_third-0aa7055fe62c3622faec82866afbaeb2{\nborder-radius:0px 0px 0px 0px;\npadding:0px 0px 0px 0px;\n}\n<\/style>\n<div  class='flex_column av-av_one_third-0aa7055fe62c3622faec82866afbaeb2 av_one_third  avia-builder-el-7  el_after_av_two_third  avia-builder-el-last  flex_column_table_cell av-equal-height-column av-align-top av-zero-column-padding  '     ><section  class='av_textblock_section av-av_textblock-0366cc7376be6c9e82a3e9cc8987b64f '   itemscope=\"itemscope\" itemtype=\"https:\/\/schema.org\/CreativeWork\" ><div class='avia_textblock'  itemprop=\"text\" ><p><strong>Pour plus d\u2019information sur l\u2019h\u00e9bergement, les installations, les s\u00e9jours plong\u00e9e, les formations et les safaris, contactez nous :<br \/>\n<\/strong><\/p>\n<div>Ecodive Bali<\/div>\n<div>Jemeluk Beach<\/div>\n<div>Amed, Abang Karangasem<\/div>\n<div>Bali, INDONESIA, 80852<\/div>\n<div><\/div>\n<div>email: <a href=\"mailto:info@ecodivebali.com\" target=\"_blank\">info@ecodivebali.com<\/a><\/div>\n<div>Tel\/Fax. (62) 363 \u2013 23482<\/div>\n<\/div><\/section><\/div><\/div><!--close column table wrapper. Autoclose: 1 --><\/div><\/div><\/div><!-- close content main div --><\/div><\/div>\n<style type=\"text\/css\" data-created_by=\"avia_inline_auto\" id=\"style-css-av-av_section-5e57edcf5c92c38e94ff1d0c9a5acf3d\">\n.avia-section.av-av_section-5e57edcf5c92c38e94ff1d0c9a5acf3d .av-parallax .av-parallax-inner{\nbackground-repeat:no-repeat;\nbackground-image:url(https:\/\/ecodivebali.com\/wp-content\/uploads\/2016\/09\/ecodive-bg-03-1500x1000.jpg);\nbackground-position:50% 100%;\nbackground-attachment:scroll;\n}\n<\/style>\n<div id='av_section_3'  class='avia-section av-av_section-5e57edcf5c92c38e94ff1d0c9a5acf3d main_color avia-section-no-padding avia-no-border-styling  avia-builder-el-9  el_after_av_section  avia-builder-el-last  avia-full-stretch av-parallax-section avia-bg-style-parallax av-minimum-height av-minimum-height-75 av-height-75  container_wrap sidebar_right'  data-section-bg-repeat='stretch' data-av_minimum_height_pc='75' data-av_min_height_opt='75'><div class='av-parallax' data-avia-parallax-ratio='0.3' ><div class='av-parallax-inner main_color avia-full-stretch'><\/div><\/div><div class='container av-section-cont-open' ><div class='template-page content  av-content-small alpha units'><div class='post-entry post-entry-type-page post-entry-913'><div class='entry-content-wrapper clearfix'><\/div><\/div><\/div><!-- close content main div --><\/div><\/div><div id='after_section_3'  class='main_color av_default_container_wrap container_wrap sidebar_right'  ><div class='container av-section-cont-open' ><div class='template-page content  av-content-small alpha units'><div class='post-entry post-entry-type-page post-entry-913'><div class='entry-content-wrapper clearfix'><\/p>\n","protected":false},"excerpt":{"rendered":"","protected":false},"author":1,"featured_media":0,"parent":897,"menu_order":0,"comment_status":"closed","ping_status":"closed","template":"","meta":{"footnotes":""},"class_list":["post-913","page","type-page","status-publish","hentry"],"yoast_head":"<!-- This site is optimized with the Yoast SEO plugin v26.6 - https:\/\/yoast.com\/wordpress\/plugins\/seo\/ -->\n<title>Les sites de plong\u00e9e \u00e0 Tulamben \u00e0 Bali, Sites de plong\u00e9e de Bali<\/title>\n<meta name=\"description\" content=\"Des plong\u00e9es de renomm\u00e9e mondiale au d\u00e9part des rivages Nord-est de Bali.\" \/>\n<meta name=\"robots\" content=\"index, follow, max-snippet:-1, max-image-preview:large, max-video-preview:-1\" \/>\n<link rel=\"canonical\" href=\"https:\/\/ecodivebali.com\/fr\/les-sites-de-plongee\/tulamben\/\" \/>\n<meta property=\"og:locale\" content=\"fr_FR\" \/>\n<meta property=\"og:type\" content=\"article\" \/>\n<meta property=\"og:title\" content=\"Les sites de plong\u00e9e \u00e0 Tulamben \u00e0 Bali, Sites de plong\u00e9e de Bali\" \/>\n<meta property=\"og:description\" content=\"Des plong\u00e9es de renomm\u00e9e mondiale au d\u00e9part des rivages Nord-est de Bali.\" \/>\n<meta property=\"og:url\" content=\"https:\/\/ecodivebali.com\/fr\/les-sites-de-plongee\/tulamben\/\" \/>\n<meta property=\"og:site_name\" content=\"Ecodive Bali Diving\" \/>\n<meta property=\"article:publisher\" content=\"https:\/\/www.facebook.com\/pages\/Ecodive-Bali\/129036727173201\" \/>\n<meta property=\"article:modified_time\" content=\"2024-09-12T10:01:53+00:00\" \/>\n<meta name=\"twitter:card\" content=\"summary_large_image\" \/>\n<meta name=\"twitter:site\" content=\"@Ecodive_Bali1\" \/>\n<meta name=\"twitter:label1\" content=\"Dur\u00e9e de lecture estim\u00e9e\" \/>\n\t<meta name=\"twitter:data1\" content=\"2 minutes\" \/>\n<script type=\"application\/ld+json\" class=\"yoast-schema-graph\">{\"@context\":\"https:\/\/schema.org\",\"@graph\":[{\"@type\":\"WebPage\",\"@id\":\"https:\/\/ecodivebali.com\/fr\/les-sites-de-plongee\/tulamben\/\",\"url\":\"https:\/\/ecodivebali.com\/fr\/les-sites-de-plongee\/tulamben\/\",\"name\":\"Les sites de plong\u00e9e \u00e0 Tulamben \u00e0 Bali, Sites de plong\u00e9e de Bali\",\"isPartOf\":{\"@id\":\"https:\/\/ecodivebali.com\/fr\/#website\"},\"datePublished\":\"2016-09-26T22:27:42+00:00\",\"dateModified\":\"2024-09-12T10:01:53+00:00\",\"description\":\"Des plong\u00e9es de renomm\u00e9e mondiale au d\u00e9part des rivages Nord-est de Bali.\",\"breadcrumb\":{\"@id\":\"https:\/\/ecodivebali.com\/fr\/les-sites-de-plongee\/tulamben\/#breadcrumb\"},\"inLanguage\":\"fr-FR\",\"potentialAction\":[{\"@type\":\"ReadAction\",\"target\":[\"https:\/\/ecodivebali.com\/fr\/les-sites-de-plongee\/tulamben\/\"]}]},{\"@type\":\"BreadcrumbList\",\"@id\":\"https:\/\/ecodivebali.com\/fr\/les-sites-de-plongee\/tulamben\/#breadcrumb\",\"itemListElement\":[{\"@type\":\"ListItem\",\"position\":1,\"name\":\"Home\",\"item\":\"https:\/\/ecodivebali.com\/fr\/\"},{\"@type\":\"ListItem\",\"position\":2,\"name\":\"Les sites de plong\u00e9e\",\"item\":\"https:\/\/ecodivebali.com\/fr\/les-sites-de-plongee\/\"},{\"@type\":\"ListItem\",\"position\":3,\"name\":\"Tulamben\"}]},{\"@type\":\"WebSite\",\"@id\":\"https:\/\/ecodivebali.com\/fr\/#website\",\"url\":\"https:\/\/ecodivebali.com\/fr\/\",\"name\":\"Ecodive Bali Diving\",\"description\":\"PADI Bali Diving in Amed Tulamben with Ecodive Bali\",\"potentialAction\":[{\"@type\":\"SearchAction\",\"target\":{\"@type\":\"EntryPoint\",\"urlTemplate\":\"https:\/\/ecodivebali.com\/fr\/?s={search_term_string}\"},\"query-input\":{\"@type\":\"PropertyValueSpecification\",\"valueRequired\":true,\"valueName\":\"search_term_string\"}}],\"inLanguage\":\"fr-FR\"}]}<\/script>\n<!-- \/ Yoast SEO plugin. -->","yoast_head_json":{"title":"Les sites de plong\u00e9e \u00e0 Tulamben \u00e0 Bali, Sites de plong\u00e9e de Bali","description":"Des plong\u00e9es de renomm\u00e9e mondiale au d\u00e9part des rivages Nord-est de Bali.","robots":{"index":"index","follow":"follow","max-snippet":"max-snippet:-1","max-image-preview":"max-image-preview:large","max-video-preview":"max-video-preview:-1"},"canonical":"https:\/\/ecodivebali.com\/fr\/les-sites-de-plongee\/tulamben\/","og_locale":"fr_FR","og_type":"article","og_title":"Les sites de plong\u00e9e \u00e0 Tulamben \u00e0 Bali, Sites de plong\u00e9e de Bali","og_description":"Des plong\u00e9es de renomm\u00e9e mondiale au d\u00e9part des rivages Nord-est de Bali.","og_url":"https:\/\/ecodivebali.com\/fr\/les-sites-de-plongee\/tulamben\/","og_site_name":"Ecodive Bali Diving","article_publisher":"https:\/\/www.facebook.com\/pages\/Ecodive-Bali\/129036727173201","article_modified_time":"2024-09-12T10:01:53+00:00","twitter_card":"summary_large_image","twitter_site":"@Ecodive_Bali1","twitter_misc":{"Dur\u00e9e de lecture estim\u00e9e":"2 minutes"},"schema":{"@context":"https:\/\/schema.org","@graph":[{"@type":"WebPage","@id":"https:\/\/ecodivebali.com\/fr\/les-sites-de-plongee\/tulamben\/","url":"https:\/\/ecodivebali.com\/fr\/les-sites-de-plongee\/tulamben\/","name":"Les sites de plong\u00e9e \u00e0 Tulamben \u00e0 Bali, Sites de plong\u00e9e de Bali","isPartOf":{"@id":"https:\/\/ecodivebali.com\/fr\/#website"},"datePublished":"2016-09-26T22:27:42+00:00","dateModified":"2024-09-12T10:01:53+00:00","description":"Des plong\u00e9es de renomm\u00e9e mondiale au d\u00e9part des rivages Nord-est de Bali.","breadcrumb":{"@id":"https:\/\/ecodivebali.com\/fr\/les-sites-de-plongee\/tulamben\/#breadcrumb"},"inLanguage":"fr-FR","potentialAction":[{"@type":"ReadAction","target":["https:\/\/ecodivebali.com\/fr\/les-sites-de-plongee\/tulamben\/"]}]},{"@type":"BreadcrumbList","@id":"https:\/\/ecodivebali.com\/fr\/les-sites-de-plongee\/tulamben\/#breadcrumb","itemListElement":[{"@type":"ListItem","position":1,"name":"Home","item":"https:\/\/ecodivebali.com\/fr\/"},{"@type":"ListItem","position":2,"name":"Les sites de plong\u00e9e","item":"https:\/\/ecodivebali.com\/fr\/les-sites-de-plongee\/"},{"@type":"ListItem","position":3,"name":"Tulamben"}]},{"@type":"WebSite","@id":"https:\/\/ecodivebali.com\/fr\/#website","url":"https:\/\/ecodivebali.com\/fr\/","name":"Ecodive Bali Diving","description":"PADI Bali Diving in Amed Tulamben with Ecodive Bali","potentialAction":[{"@type":"SearchAction","target":{"@type":"EntryPoint","urlTemplate":"https:\/\/ecodivebali.com\/fr\/?s={search_term_string}"},"query-input":{"@type":"PropertyValueSpecification","valueRequired":true,"valueName":"search_term_string"}}],"inLanguage":"fr-FR"}]}},"_links":{"self":[{"href":"https:\/\/ecodivebali.com\/fr\/wp-json\/wp\/v2\/pages\/913","targetHints":{"allow":["GET"]}}],"collection":[{"href":"https:\/\/ecodivebali.com\/fr\/wp-json\/wp\/v2\/pages"}],"about":[{"href":"https:\/\/ecodivebali.com\/fr\/wp-json\/wp\/v2\/types\/page"}],"author":[{"embeddable":true,"href":"https:\/\/ecodivebali.com\/fr\/wp-json\/wp\/v2\/users\/1"}],"replies":[{"embeddable":true,"href":"https:\/\/ecodivebali.com\/fr\/wp-json\/wp\/v2\/comments?post=913"}],"version-history":[{"count":4,"href":"https:\/\/ecodivebali.com\/fr\/wp-json\/wp\/v2\/pages\/913\/revisions"}],"predecessor-version":[{"id":2234,"href":"https:\/\/ecodivebali.com\/fr\/wp-json\/wp\/v2\/pages\/913\/revisions\/2234"}],"up":[{"embeddable":true,"href":"https:\/\/ecodivebali.com\/fr\/wp-json\/wp\/v2\/pages\/897"}],"wp:attachment":[{"href":"https:\/\/ecodivebali.com\/fr\/wp-json\/wp\/v2\/media?parent=913"}],"curies":[{"name":"wp","href":"https:\/\/api.w.org\/{rel}","templated":true}]}}