{"id":910,"date":"2016-09-26T22:29:00","date_gmt":"2016-09-26T22:29:00","guid":{"rendered":"http:\/\/ecodivebali.com\/fr\/les-sites-de-plongee\/nusa-penida\/"},"modified":"2024-09-12T09:46:17","modified_gmt":"2024-09-12T09:46:17","slug":"nusa-penida","status":"publish","type":"page","link":"https:\/\/ecodivebali.com\/fr\/les-sites-de-plongee\/nusa-penida\/","title":{"rendered":"Nusa Penida"},"content":{"rendered":"\n<style type=\"text\/css\" data-created_by=\"avia_inline_auto\" id=\"style-css-av-2figac-a92a1040fa316282419b0ce600d54617\">\n.avia-section.av-2figac-a92a1040fa316282419b0ce600d54617 .av-parallax .av-parallax-inner{\nbackground-repeat:no-repeat;\nbackground-image:url(https:\/\/ecodivebali.com\/wp-content\/uploads\/2016\/09\/ecodive-bg-02-1500x1000.jpg);\nbackground-position:50% 50%;\nbackground-attachment:scroll;\n}\n<\/style>\n<div id='av_section_1'  class='avia-section av-2figac-a92a1040fa316282419b0ce600d54617 main_color avia-section-huge avia-no-border-styling  avia-builder-el-0  el_before_av_submenu  avia-builder-el-first  avia-full-stretch av-parallax-section avia-bg-style-parallax container_wrap sidebar_right'  data-section-bg-repeat='stretch'><div class='av-parallax' data-avia-parallax-ratio='0.3' ><div class='av-parallax-inner main_color avia-full-stretch'><\/div><\/div><div class='container av-section-cont-open' ><main  role=\"main\" itemprop=\"mainContentOfPage\"  class='template-page content  av-content-small alpha units'><div class='post-entry post-entry-type-page post-entry-910'><div class='entry-content-wrapper clearfix'>\n\n<style type=\"text\/css\" data-created_by=\"avia_inline_auto\" id=\"style-css-av-27yag4-ef89737eb95a376d8fada7dfc38d9156\">\n#top .av-special-heading.av-27yag4-ef89737eb95a376d8fada7dfc38d9156{\npadding-bottom:0;\ncolor:#ffffff;\nfont-size:70px;\n}\nbody .av-special-heading.av-27yag4-ef89737eb95a376d8fada7dfc38d9156 .av-special-heading-tag .heading-char{\nfont-size:25px;\n}\n#top #wrap_all .av-special-heading.av-27yag4-ef89737eb95a376d8fada7dfc38d9156 .av-special-heading-tag{\nfont-size:70px;\n}\n.av-special-heading.av-27yag4-ef89737eb95a376d8fada7dfc38d9156 .special-heading-inner-border{\nborder-color:#ffffff;\n}\n.av-special-heading.av-27yag4-ef89737eb95a376d8fada7dfc38d9156 .av-subheading{\nfont-size:15px;\n}\n\n@media only screen and (min-width: 480px) and (max-width: 767px){ \n#top #wrap_all .av-special-heading.av-27yag4-ef89737eb95a376d8fada7dfc38d9156 .av-special-heading-tag{\nfont-size:0.8em;\n}\n}\n\n@media only screen and (max-width: 479px){ \n#top #wrap_all .av-special-heading.av-27yag4-ef89737eb95a376d8fada7dfc38d9156 .av-special-heading-tag{\nfont-size:0.8em;\n}\n}\n<\/style>\n<div  class='av-special-heading av-27yag4-ef89737eb95a376d8fada7dfc38d9156 av-special-heading-h6 custom-color-heading blockquote modern-quote modern-centered  avia-builder-el-1  avia-builder-el-no-sibling  av-inherit-size'><h6 class='av-special-heading-tag '  itemprop=\"headline\"  >Nusa Penida<\/h6><div class='av_custom_color av-subheading av-subheading_below'><p>World Class Diving on the South East Coast of Bali.<\/p>\n<\/div><div class=\"special-heading-border\"><div class=\"special-heading-inner-border\"><\/div><\/div><\/div>\n\n<\/div><\/div><\/main><!-- close content main element --><\/div><\/div><div class='clear'><\/div><div id='sub_menu1'  class='av-submenu-container av-20rxis-1123f3b9004d11092b2985e9b06c9464 main_color  avia-builder-el-2  el_after_av_section  el_before_av_section  av-sticky-submenu submenu-not-first container_wrap sidebar_right' style='z-index:301' ><div class='container av-menu-mobile-disabled av-submenu-pos-center'><\/div><\/div><div class='sticky_placeholder'><\/div>\n\n<style type=\"text\/css\" data-created_by=\"avia_inline_auto\" id=\"style-css-av-10s6x0-8097766f0edcf9aee40635b8c9a3b0db\">\n.avia-section.av-10s6x0-8097766f0edcf9aee40635b8c9a3b0db{\nbackground-color:#ffffff;\nbackground-image:unset;\n}\n<\/style>\n<div id='av_section_2'  class='avia-section av-10s6x0-8097766f0edcf9aee40635b8c9a3b0db main_color avia-section-default avia-no-shadow  avia-builder-el-3  el_after_av_submenu  el_before_av_section  avia-bg-style-scroll container_wrap sidebar_right'  ><div class='container av-section-cont-open' ><div class='template-page content  av-content-small alpha units'><div class='post-entry post-entry-type-page post-entry-910'><div class='entry-content-wrapper clearfix'>\n<div class='flex_column_table av-yiyj8-acf63c0f3b63c9e9cb27d037c7f9fb20 sc-av_two_third av-equal-height-column-flextable'>\n<style type=\"text\/css\" data-created_by=\"avia_inline_auto\" id=\"style-css-av-yiyj8-acf63c0f3b63c9e9cb27d037c7f9fb20\">\n.flex_column.av-yiyj8-acf63c0f3b63c9e9cb27d037c7f9fb20{\nborder-radius:0px 0px 0px 0px;\npadding:0px 0px 0px 0px;\n}\n<\/style>\n<div  class='flex_column av-yiyj8-acf63c0f3b63c9e9cb27d037c7f9fb20 av_two_third  avia-builder-el-4  el_before_av_one_third  avia-builder-el-first  first flex_column_table_cell av-equal-height-column av-align-top av-zero-column-padding  '     ><section  class='av_textblock_section av-tcnqs-a799495edd3baad45358420eb53a076e '   itemscope=\"itemscope\" itemtype=\"https:\/\/schema.org\/CreativeWork\" ><div class='avia_textblock'  itemprop=\"text\" ><p>Famous for its manta rays and Mola-Mola, Nusa Penida has some of the best drift driving in Indonesia! Comprised of three islands: Nusa Lembongan, Nusa Ceningan and Nusa Penida proper, reefs here vary from gentle slopes to dramatic drop offs and pinnacles. The currents are often very strong, the water crystal clear and usually 2-5 degrees cooler than other sites in Bali\u00a0resulting in a profusion of marine life and the best chance of seeing pelagics.<\/p>\n<h2 class=\"p1\"><span class=\"s1\">Nusa Penida Dive Sites<\/span><\/h2>\n<p class=\"p1\"><strong>Manta Point<\/strong><\/p>\n<p class=\"p1\">Several similarly named points off the south coast of Nusa Penida with shallow submerged rocks and fish cleaning stations. Occasionally strong surge, but also suitable for snorkelers. Manta sightings guaranteed!<\/p>\n<p class=\"p1\"><strong>Crystal Bay<\/strong><\/p>\n<p class=\"p1\">Best location in Bali for seeing molas! A shallow bay with deep sloping drop off and occasionally strong undertow, wall sections, cave and cleaning stations. Some experience recommended.<\/p>\n<p class=\"p1\"><strong>Toyapakeh<\/strong><\/p>\n<p class=\"p1\">Drift dive on gentle sloping reef 10 \u2013 30 meters deep. Pillars of coral, bommies and a profusion of marine life. Occasionally strong currents. Good chance of seeing pelagics.<\/p>\n<p class=\"p1\"><strong>Blue Corner<\/strong><\/p>\n<p class=\"p1\">Coral slope on north west corner of Nusa Lembongan with 2 \u2013 6 knot currents. Bali\u2019s most famous drift! Second best place to see molas and rays. Experience recommended.<\/p>\n<p class=\"p1\"><strong>SD\/Mangrove<\/strong><\/p>\n<p class=\"p1\">Easy drift dives on the north coasts of Nusa Lembongan and Penida for all levels of experience. Between 5 \u2013 25 meters deep. Also suitable for non-divers.<\/p>\n<\/div><\/section><\/div><div class='av-flex-placeholder'><\/div>\n<style type=\"text\/css\" data-created_by=\"avia_inline_auto\" id=\"style-css-av-l2ev0-fe2d50e5d5249b5ad22dae83bd0d327e\">\n.flex_column.av-l2ev0-fe2d50e5d5249b5ad22dae83bd0d327e{\nborder-radius:0px 0px 0px 0px;\npadding:0px 0px 0px 0px;\n}\n<\/style>\n<div  class='flex_column av-l2ev0-fe2d50e5d5249b5ad22dae83bd0d327e av_one_third flex_column_table_cell av-equal-height-column av-align-top av-zero-column-padding  '     ><p><div  class='avia-button-wrap avia-button-center  avia-builder-el-6  el_after_av_textblock  avia-builder-el-last '>\n<style type=\"text\/css\" data-created_by=\"avia_inline_auto\" id=\"style-css-av-av_button_big-47551014cde1704559ddc671b0e727da\">\n#top #wrap_all .avia-button.av-av_button_big-47551014cde1704559ddc671b0e727da:hover{\nbackground-color:silver;\ncolor:white;\ntransition:all 0.4s ease-in-out;\n}\n#top #wrap_all .avia-button.av-av_button_big-47551014cde1704559ddc671b0e727da:hover .avia-svg-icon svg:first-child{\nfill:white;\nstroke:white;\n}\n<\/style>\n<a href='https:\/\/ecodive.mybookr.io\/listings' class='avia-color-theme-color avia-font-color-theme-color avia-button avia-button-fullwidth av-av_button_big-47551014cde1704559ddc671b0e727da avia-icon_select-no avia-color-theme-color'  target=\"_blank\"  rel=\"noopener noreferrer\"  aria-label=\"Dive with Ecodive Bali Today!\"><span class='avia_iconbox_title' >Dive with Ecodive Bali Today!<\/span><\/a><\/div><br \/>\n<div  class='hr av-av_hr-91d7ccd583a503147498e120fee2ff9b hr-default'><span class='hr-inner '><span class=\"hr-inner-style\"><\/span><\/span><\/div><br \/>\n<section  class='av_textblock_section av-h256s-90a26387ba01423ca6060fd73270d72c '   itemscope=\"itemscope\" itemtype=\"https:\/\/schema.org\/CreativeWork\" ><div class='avia_textblock'  itemprop=\"text\" ><p><strong>For more information on our accommodation, facilities, dive trips, dive courses and safaris, contact us:<\/strong><\/p>\n<div>Ecodive Bali<\/div>\n<div>Jemeluk Beach<\/div>\n<div>Amed, Abang Karangasem<\/div>\n<div>Bali, INDONESIA, 80852<\/div>\n<div><\/div>\n<div>email: <a href=\"mailto:info@ecodivebali.com\" target=\"_blank\">info@ecodivebali.com<\/a><\/div>\n<div>Tel\/Fax. (62) 363 \u2013 23482<\/div>\n<\/div><\/section><\/p><\/div><\/div><!--close column table wrapper. Autoclose: 1 --><\/div><\/div><\/div><!-- close content main div --><\/div><\/div>\n<style type=\"text\/css\" data-created_by=\"avia_inline_auto\" id=\"style-css-av-7rft0-44d3b27a9dd1f2172b40e11a84454a04\">\n.avia-section.av-7rft0-44d3b27a9dd1f2172b40e11a84454a04 .av-parallax .av-parallax-inner{\nbackground-repeat:no-repeat;\nbackground-image:url(https:\/\/ecodivebali.com\/wp-content\/uploads\/2016\/11\/ecodivebali-lionfish2.jpg);\nbackground-position:50% 50%;\nbackground-attachment:scroll;\n}\n<\/style>\n<div id='av_section_3'  class='avia-section av-7rft0-44d3b27a9dd1f2172b40e11a84454a04 main_color avia-section-no-padding avia-no-border-styling avia-full-stretch av-parallax-section avia-bg-style-parallax av-minimum-height av-minimum-height-75 av-height-75  container_wrap sidebar_right'  data-section-bg-repeat='stretch' data-av_minimum_height_pc='75' data-av_min_height_opt='75'><div class='av-parallax' data-avia-parallax-ratio='0.3' ><div class='av-parallax-inner main_color avia-full-stretch'><\/div><\/div><div class='container av-section-cont-open' ><div class='template-page content  av-content-small alpha units'><div class='post-entry post-entry-type-page post-entry-910'><div class='entry-content-wrapper clearfix'><\/div><\/div><\/div><!-- close content main div --><\/div><\/div><div id='after_section_3'  class='main_color av_default_container_wrap container_wrap sidebar_right'  ><div class='container av-section-cont-open' ><div class='template-page content  av-content-small alpha units'><div class='post-entry post-entry-type-page post-entry-910'><div class='entry-content-wrapper clearfix'><\/p>\n","protected":false},"excerpt":{"rendered":"","protected":false},"author":1,"featured_media":0,"parent":897,"menu_order":0,"comment_status":"closed","ping_status":"closed","template":"","meta":{"footnotes":""},"class_list":["post-910","page","type-page","status-publish","hentry"],"yoast_head":"<!-- This site is optimized with the Yoast SEO plugin v26.6 - https:\/\/yoast.com\/wordpress\/plugins\/seo\/ -->\n<title>Nusa Penida, Nusa Lembongan, Nusa Ceningan plong\u00e9es Sud-est de Bali<\/title>\n<meta name=\"description\" content=\"Nusa Penida, Nusa Lembongan at Nusa Ceningan. Des plong\u00e9es de renomm\u00e9e mondiale au Sud-est de Bali.\" \/>\n<meta name=\"robots\" content=\"index, follow, max-snippet:-1, max-image-preview:large, max-video-preview:-1\" \/>\n<link rel=\"canonical\" href=\"https:\/\/ecodivebali.com\/fr\/les-sites-de-plongee\/nusa-penida\/\" \/>\n<meta property=\"og:locale\" content=\"fr_FR\" \/>\n<meta property=\"og:type\" content=\"article\" \/>\n<meta property=\"og:title\" content=\"Nusa Penida, Nusa Lembongan, Nusa Ceningan plong\u00e9es Sud-est de Bali\" \/>\n<meta property=\"og:description\" content=\"Nusa Penida, Nusa Lembongan at Nusa Ceningan. Des plong\u00e9es de renomm\u00e9e mondiale au Sud-est de Bali.\" \/>\n<meta property=\"og:url\" content=\"https:\/\/ecodivebali.com\/fr\/les-sites-de-plongee\/nusa-penida\/\" \/>\n<meta property=\"og:site_name\" content=\"Ecodive Bali Diving\" \/>\n<meta property=\"article:publisher\" content=\"https:\/\/www.facebook.com\/pages\/Ecodive-Bali\/129036727173201\" \/>\n<meta property=\"article:modified_time\" content=\"2024-09-12T09:46:17+00:00\" \/>\n<meta name=\"twitter:card\" content=\"summary_large_image\" \/>\n<meta name=\"twitter:site\" content=\"@Ecodive_Bali1\" \/>\n<meta name=\"twitter:label1\" content=\"Dur\u00e9e de lecture estim\u00e9e\" \/>\n\t<meta name=\"twitter:data1\" content=\"5 minutes\" \/>\n<script type=\"application\/ld+json\" class=\"yoast-schema-graph\">{\"@context\":\"https:\/\/schema.org\",\"@graph\":[{\"@type\":\"WebPage\",\"@id\":\"https:\/\/ecodivebali.com\/fr\/les-sites-de-plongee\/nusa-penida\/\",\"url\":\"https:\/\/ecodivebali.com\/fr\/les-sites-de-plongee\/nusa-penida\/\",\"name\":\"Nusa Penida, Nusa Lembongan, Nusa Ceningan plong\u00e9es Sud-est de Bali\",\"isPartOf\":{\"@id\":\"https:\/\/ecodivebali.com\/fr\/#website\"},\"datePublished\":\"2016-09-26T22:29:00+00:00\",\"dateModified\":\"2024-09-12T09:46:17+00:00\",\"description\":\"Nusa Penida, Nusa Lembongan at Nusa Ceningan. Des plong\u00e9es de renomm\u00e9e mondiale au Sud-est de Bali.\",\"breadcrumb\":{\"@id\":\"https:\/\/ecodivebali.com\/fr\/les-sites-de-plongee\/nusa-penida\/#breadcrumb\"},\"inLanguage\":\"fr-FR\",\"potentialAction\":[{\"@type\":\"ReadAction\",\"target\":[\"https:\/\/ecodivebali.com\/fr\/les-sites-de-plongee\/nusa-penida\/\"]}]},{\"@type\":\"BreadcrumbList\",\"@id\":\"https:\/\/ecodivebali.com\/fr\/les-sites-de-plongee\/nusa-penida\/#breadcrumb\",\"itemListElement\":[{\"@type\":\"ListItem\",\"position\":1,\"name\":\"Home\",\"item\":\"https:\/\/ecodivebali.com\/fr\/\"},{\"@type\":\"ListItem\",\"position\":2,\"name\":\"Les sites de plong\u00e9e\",\"item\":\"https:\/\/ecodivebali.com\/fr\/les-sites-de-plongee\/\"},{\"@type\":\"ListItem\",\"position\":3,\"name\":\"Nusa Penida\"}]},{\"@type\":\"WebSite\",\"@id\":\"https:\/\/ecodivebali.com\/fr\/#website\",\"url\":\"https:\/\/ecodivebali.com\/fr\/\",\"name\":\"Ecodive Bali Diving\",\"description\":\"PADI Bali Diving in Amed Tulamben with Ecodive Bali\",\"potentialAction\":[{\"@type\":\"SearchAction\",\"target\":{\"@type\":\"EntryPoint\",\"urlTemplate\":\"https:\/\/ecodivebali.com\/fr\/?s={search_term_string}\"},\"query-input\":{\"@type\":\"PropertyValueSpecification\",\"valueRequired\":true,\"valueName\":\"search_term_string\"}}],\"inLanguage\":\"fr-FR\"}]}<\/script>\n<!-- \/ Yoast SEO plugin. -->","yoast_head_json":{"title":"Nusa Penida, Nusa Lembongan, Nusa Ceningan plong\u00e9es Sud-est de Bali","description":"Nusa Penida, Nusa Lembongan at Nusa Ceningan. Des plong\u00e9es de renomm\u00e9e mondiale au Sud-est de Bali.","robots":{"index":"index","follow":"follow","max-snippet":"max-snippet:-1","max-image-preview":"max-image-preview:large","max-video-preview":"max-video-preview:-1"},"canonical":"https:\/\/ecodivebali.com\/fr\/les-sites-de-plongee\/nusa-penida\/","og_locale":"fr_FR","og_type":"article","og_title":"Nusa Penida, Nusa Lembongan, Nusa Ceningan plong\u00e9es Sud-est de Bali","og_description":"Nusa Penida, Nusa Lembongan at Nusa Ceningan. Des plong\u00e9es de renomm\u00e9e mondiale au Sud-est de Bali.","og_url":"https:\/\/ecodivebali.com\/fr\/les-sites-de-plongee\/nusa-penida\/","og_site_name":"Ecodive Bali Diving","article_publisher":"https:\/\/www.facebook.com\/pages\/Ecodive-Bali\/129036727173201","article_modified_time":"2024-09-12T09:46:17+00:00","twitter_card":"summary_large_image","twitter_site":"@Ecodive_Bali1","twitter_misc":{"Dur\u00e9e de lecture estim\u00e9e":"5 minutes"},"schema":{"@context":"https:\/\/schema.org","@graph":[{"@type":"WebPage","@id":"https:\/\/ecodivebali.com\/fr\/les-sites-de-plongee\/nusa-penida\/","url":"https:\/\/ecodivebali.com\/fr\/les-sites-de-plongee\/nusa-penida\/","name":"Nusa Penida, Nusa Lembongan, Nusa Ceningan plong\u00e9es Sud-est de Bali","isPartOf":{"@id":"https:\/\/ecodivebali.com\/fr\/#website"},"datePublished":"2016-09-26T22:29:00+00:00","dateModified":"2024-09-12T09:46:17+00:00","description":"Nusa Penida, Nusa Lembongan at Nusa Ceningan. Des plong\u00e9es de renomm\u00e9e mondiale au Sud-est de Bali.","breadcrumb":{"@id":"https:\/\/ecodivebali.com\/fr\/les-sites-de-plongee\/nusa-penida\/#breadcrumb"},"inLanguage":"fr-FR","potentialAction":[{"@type":"ReadAction","target":["https:\/\/ecodivebali.com\/fr\/les-sites-de-plongee\/nusa-penida\/"]}]},{"@type":"BreadcrumbList","@id":"https:\/\/ecodivebali.com\/fr\/les-sites-de-plongee\/nusa-penida\/#breadcrumb","itemListElement":[{"@type":"ListItem","position":1,"name":"Home","item":"https:\/\/ecodivebali.com\/fr\/"},{"@type":"ListItem","position":2,"name":"Les sites de plong\u00e9e","item":"https:\/\/ecodivebali.com\/fr\/les-sites-de-plongee\/"},{"@type":"ListItem","position":3,"name":"Nusa Penida"}]},{"@type":"WebSite","@id":"https:\/\/ecodivebali.com\/fr\/#website","url":"https:\/\/ecodivebali.com\/fr\/","name":"Ecodive Bali Diving","description":"PADI Bali Diving in Amed Tulamben with Ecodive Bali","potentialAction":[{"@type":"SearchAction","target":{"@type":"EntryPoint","urlTemplate":"https:\/\/ecodivebali.com\/fr\/?s={search_term_string}"},"query-input":{"@type":"PropertyValueSpecification","valueRequired":true,"valueName":"search_term_string"}}],"inLanguage":"fr-FR"}]}},"_links":{"self":[{"href":"https:\/\/ecodivebali.com\/fr\/wp-json\/wp\/v2\/pages\/910","targetHints":{"allow":["GET"]}}],"collection":[{"href":"https:\/\/ecodivebali.com\/fr\/wp-json\/wp\/v2\/pages"}],"about":[{"href":"https:\/\/ecodivebali.com\/fr\/wp-json\/wp\/v2\/types\/page"}],"author":[{"embeddable":true,"href":"https:\/\/ecodivebali.com\/fr\/wp-json\/wp\/v2\/users\/1"}],"replies":[{"embeddable":true,"href":"https:\/\/ecodivebali.com\/fr\/wp-json\/wp\/v2\/comments?post=910"}],"version-history":[{"count":1,"href":"https:\/\/ecodivebali.com\/fr\/wp-json\/wp\/v2\/pages\/910\/revisions"}],"predecessor-version":[{"id":2219,"href":"https:\/\/ecodivebali.com\/fr\/wp-json\/wp\/v2\/pages\/910\/revisions\/2219"}],"up":[{"embeddable":true,"href":"https:\/\/ecodivebali.com\/fr\/wp-json\/wp\/v2\/pages\/897"}],"wp:attachment":[{"href":"https:\/\/ecodivebali.com\/fr\/wp-json\/wp\/v2\/media?parent=910"}],"curies":[{"name":"wp","href":"https:\/\/api.w.org\/{rel}","templated":true}]}}