{"id":907,"date":"2016-09-26T22:29:45","date_gmt":"2016-09-26T22:29:45","guid":{"rendered":"http:\/\/ecodivebali.com\/fr\/les-sites-de-plongee\/menjangan-island\/"},"modified":"2024-09-12T09:47:04","modified_gmt":"2024-09-12T09:47:04","slug":"lile-de-menjangan","status":"publish","type":"page","link":"https:\/\/ecodivebali.com\/fr\/les-sites-de-plongee\/lile-de-menjangan\/","title":{"rendered":"L\u2019\u00eele de Menjangan"},"content":{"rendered":"\n<style type=\"text\/css\" data-created_by=\"avia_inline_auto\" id=\"style-css-av-2ews72-69098a6466213a22c94cf7d8f302ad94\">\n.avia-section.av-2ews72-69098a6466213a22c94cf7d8f302ad94 .av-parallax .av-parallax-inner{\nbackground-repeat:no-repeat;\nbackground-image:url(https:\/\/ecodivebali.com\/wp-content\/uploads\/2016\/03\/Whale-shark-1024x768.jpg);\nbackground-position:50% 50%;\nbackground-attachment:scroll;\n}\n.avia-section.av-2ews72-69098a6466213a22c94cf7d8f302ad94 .av-section-color-overlay{\nopacity:0.1;\nbackground-color:#000000;\n}\n<\/style>\n<div id='av_section_1'  class='avia-section av-2ews72-69098a6466213a22c94cf7d8f302ad94 main_color avia-section-huge avia-no-border-styling  avia-builder-el-0  el_before_av_submenu  avia-builder-el-first  avia-full-stretch av-parallax-section avia-bg-style-parallax av-section-color-overlay-active container_wrap sidebar_right'  data-section-bg-repeat='stretch'><div class='av-parallax' data-avia-parallax-ratio='0.3' ><div class='av-parallax-inner main_color avia-full-stretch'><\/div><\/div><div class=\"av-section-color-overlay-wrap\"><div class=\"av-section-color-overlay\"><\/div><div class='container av-section-cont-open' ><main  role=\"main\" itemprop=\"mainContentOfPage\"  class='template-page content  av-content-small alpha units'><div class='post-entry post-entry-type-page post-entry-907'><div class='entry-content-wrapper clearfix'>\n\n<style type=\"text\/css\" data-created_by=\"avia_inline_auto\" id=\"style-css-av-2abxs6-3daa2db2ff0bfcb6c6fdd06f8e9068d8\">\n#top .av-special-heading.av-2abxs6-3daa2db2ff0bfcb6c6fdd06f8e9068d8{\npadding-bottom:0;\ncolor:#ffffff;\nfont-size:70px;\n}\nbody .av-special-heading.av-2abxs6-3daa2db2ff0bfcb6c6fdd06f8e9068d8 .av-special-heading-tag .heading-char{\nfont-size:25px;\n}\n#top #wrap_all .av-special-heading.av-2abxs6-3daa2db2ff0bfcb6c6fdd06f8e9068d8 .av-special-heading-tag{\nfont-size:70px;\n}\n.av-special-heading.av-2abxs6-3daa2db2ff0bfcb6c6fdd06f8e9068d8 .special-heading-inner-border{\nborder-color:#ffffff;\n}\n.av-special-heading.av-2abxs6-3daa2db2ff0bfcb6c6fdd06f8e9068d8 .av-subheading{\nfont-size:15px;\n}\n\n@media only screen and (min-width: 480px) and (max-width: 767px){ \n#top #wrap_all .av-special-heading.av-2abxs6-3daa2db2ff0bfcb6c6fdd06f8e9068d8 .av-special-heading-tag{\nfont-size:0.8em;\n}\n}\n\n@media only screen and (max-width: 479px){ \n#top #wrap_all .av-special-heading.av-2abxs6-3daa2db2ff0bfcb6c6fdd06f8e9068d8 .av-special-heading-tag{\nfont-size:0.8em;\n}\n}\n<\/style>\n<div  class='av-special-heading av-2abxs6-3daa2db2ff0bfcb6c6fdd06f8e9068d8 av-special-heading-h6 custom-color-heading blockquote modern-quote modern-centered  avia-builder-el-1  avia-builder-el-no-sibling  av-inherit-size'><h6 class='av-special-heading-tag '  itemprop=\"headline\"  >Menjangan Island<\/h6><div class='av_custom_color av-subheading av-subheading_below'><p>World Class Diving from Bali&rsquo;s North-West Shore.<\/p>\n<\/div><div class=\"special-heading-border\"><div class=\"special-heading-inner-border\"><\/div><\/div><\/div>\n\n<\/div><\/div><\/main><!-- close content main element --><\/div><\/div><\/div><div class='clear'><\/div><div id='sub_menu1'  class='av-submenu-container av-213vb2-eaf38f47a16f955e4ca98e5b1be35224 main_color  avia-builder-el-2  el_after_av_section  el_before_av_section  av-sticky-submenu submenu-not-first container_wrap sidebar_right' style='z-index:301' ><div class='container av-menu-mobile-disabled av-submenu-pos-center'><\/div><\/div><div class='sticky_placeholder'><\/div>\n\n<style type=\"text\/css\" data-created_by=\"avia_inline_auto\" id=\"style-css-av-13l5y6-3e1f8ab3071f755329b38cc282928b77\">\n.avia-section.av-13l5y6-3e1f8ab3071f755329b38cc282928b77{\nbackground-color:#ffffff;\nbackground-image:unset;\n}\n<\/style>\n<div id='av_section_2'  class='avia-section av-13l5y6-3e1f8ab3071f755329b38cc282928b77 main_color avia-section-default avia-no-shadow  avia-builder-el-3  el_after_av_submenu  el_before_av_section  avia-bg-style-scroll container_wrap sidebar_right'  ><div class='container av-section-cont-open' ><div class='template-page content  av-content-small alpha units'><div class='post-entry post-entry-type-page post-entry-907'><div class='entry-content-wrapper clearfix'>\n<div class='flex_column_table av-v8hvi-aede8aeed719423870bff76d692c0525 sc-av_two_third av-equal-height-column-flextable'>\n<style type=\"text\/css\" data-created_by=\"avia_inline_auto\" id=\"style-css-av-v8hvi-aede8aeed719423870bff76d692c0525\">\n.flex_column.av-v8hvi-aede8aeed719423870bff76d692c0525{\nborder-radius:0px 0px 0px 0px;\npadding:0px 0px 0px 0px;\n}\n<\/style>\n<div  class='flex_column av-v8hvi-aede8aeed719423870bff76d692c0525 av_two_third  avia-builder-el-4  el_before_av_one_third  avia-builder-el-first  first flex_column_table_cell av-equal-height-column av-align-top av-zero-column-padding  '     ><section  class='av_textblock_section av-t3pzi-0eb075c3d01b019bd79fba051e060cee '   itemscope=\"itemscope\" itemtype=\"https:\/\/schema.org\/CreativeWork\" ><div class='avia_textblock'  itemprop=\"text\" ><p>Known for its calm, mostly predictable conditions and relatively sheltered location, Menjangan Island and the village of Pemuteran are part of the West Bali National Park. With sites varying from precipitous walls to shallow \u201cmuck\u201d dives, conditions here are near perfect year-round and sure to please even the most demanding divers.<\/p>\n<h2 class=\"p1\"><span class=\"s1\">Menjangan Island \/ Pemuteran Dive Sites<\/span><\/h2>\n<p class=\"p1\"><strong>POS 1 &#038; 2<\/strong><\/p>\n<p class=\"p1\">Wall dives off the south coast of Menjangan island featuring an array of soft and hard corals, overhangs and swim throughs. These dive sites have little to no current and are suitable for all levels of experience.<\/p>\n<p class=\"p1\"><strong>Pemuteran Bay<\/strong><\/p>\n<p class=\"p1\">Beach dive on a natural reef and Bali\u2019s most successful Biorock project. Great photo opportunities! Awesome night dive. Suitable for all levels of experience.<\/p>\n<p class=\"p1\"><strong>Gilimanuk (Secret Bay)<\/strong><\/p>\n<p class=\"p1\">Bali\u2019s best kept secret! A very shallow bay with some of the most surprising marine life found anywhere in Indonesia. Excellent macro opportunities.<\/p>\n<p class=\"p1\"><strong>Puri Jati (PJ)<\/strong><\/p>\n<p class=\"p1\">Beach dive on black sand slope featuring many rare and unusual critters: harlequin shrimp, mimic octopus, blue ring etc. Excellent for macro photography.<\/p>\n<\/div><\/section><\/div><div class='av-flex-placeholder'><\/div>\n<style type=\"text\/css\" data-created_by=\"avia_inline_auto\" id=\"style-css-av-mdium-f0afd334662ba35a9942b3165511d9c2\">\n.flex_column.av-mdium-f0afd334662ba35a9942b3165511d9c2{\nborder-radius:0px 0px 0px 0px;\npadding:0px 0px 0px 0px;\n}\n<\/style>\n<div  class='flex_column av-mdium-f0afd334662ba35a9942b3165511d9c2 av_one_third flex_column_table_cell av-equal-height-column av-align-top av-zero-column-padding  '     ><p><div  class='avia-button-wrap avia-button-center  avia-builder-el-6  el_after_av_textblock  avia-builder-el-last '>\n<style type=\"text\/css\" data-created_by=\"avia_inline_auto\" id=\"style-css-av-av_button_big-47551014cde1704559ddc671b0e727da\">\n#top #wrap_all .avia-button.av-av_button_big-47551014cde1704559ddc671b0e727da:hover{\nbackground-color:silver;\ncolor:white;\ntransition:all 0.4s ease-in-out;\n}\n#top #wrap_all .avia-button.av-av_button_big-47551014cde1704559ddc671b0e727da:hover .avia-svg-icon svg:first-child{\nfill:white;\nstroke:white;\n}\n<\/style>\n<a href='https:\/\/ecodive.mybookr.io\/listings' class='avia-color-theme-color avia-font-color-theme-color avia-button avia-button-fullwidth av-av_button_big-47551014cde1704559ddc671b0e727da avia-icon_select-no avia-color-theme-color'  target=\"_blank\"  rel=\"noopener noreferrer\"  aria-label=\"Dive with Ecodive Bali Today!\"><span class='avia_iconbox_title' >Dive with Ecodive Bali Today!<\/span><\/a><\/div><br \/>\n<div  class='hr av-av_hr-91d7ccd583a503147498e120fee2ff9b hr-default'><span class='hr-inner '><span class=\"hr-inner-style\"><\/span><\/span><\/div><br \/>\n<section  class='av_textblock_section av-fcozy-28e91dc82d8e4135cf5a7201bc7310d5 '   itemscope=\"itemscope\" itemtype=\"https:\/\/schema.org\/CreativeWork\" ><div class='avia_textblock'  itemprop=\"text\" ><p><strong>For more information on our accommodation, facilities, dive trips, dive courses and safaris, contact us:<\/strong><\/p>\n<div>Ecodive Bali<\/div>\n<div>Jemeluk Beach<\/div>\n<div>Amed, Abang Karangasem<\/div>\n<div>Bali, INDONESIA, 80852<\/div>\n<div><\/div>\n<div>email: <a href=\"mailto:info@ecodivebali.com\" target=\"_blank\">info@ecodivebali.com<\/a><\/div>\n<div>Tel\/Fax. (62) 363 \u2013 23482<\/div>\n<\/div><\/section><\/p><\/div><\/div><!--close column table wrapper. Autoclose: 1 --><\/div><\/div><\/div><!-- close content main div --><\/div><\/div>\n<style type=\"text\/css\" data-created_by=\"avia_inline_auto\" id=\"style-css-av-8e45y-95fef365ab93e301b1155256a9e4a3e1\">\n.avia-section.av-8e45y-95fef365ab93e301b1155256a9e4a3e1 .av-parallax .av-parallax-inner{\nbackground-repeat:no-repeat;\nbackground-image:url(https:\/\/ecodivebali.com\/wp-content\/uploads\/2016\/09\/ecodive-bg-05.jpg);\nbackground-position:50% 100%;\nbackground-attachment:scroll;\n}\n<\/style>\n<div id='av_section_3'  class='avia-section av-8e45y-95fef365ab93e301b1155256a9e4a3e1 main_color avia-section-no-padding avia-no-border-styling avia-full-stretch av-parallax-section avia-bg-style-parallax av-minimum-height av-minimum-height-75 av-height-75  container_wrap sidebar_right'  data-section-bg-repeat='stretch' data-av_minimum_height_pc='75' data-av_min_height_opt='75'><div class='av-parallax' data-avia-parallax-ratio='0.3' ><div class='av-parallax-inner main_color avia-full-stretch'><\/div><\/div><div class='container av-section-cont-open' ><div class='template-page content  av-content-small alpha units'><div class='post-entry post-entry-type-page post-entry-907'><div class='entry-content-wrapper clearfix'><\/div><\/div><\/div><!-- close content main div --><\/div><\/div><div id='after_section_3'  class='main_color av_default_container_wrap container_wrap sidebar_right'  ><div class='container av-section-cont-open' ><div class='template-page content  av-content-small alpha units'><div class='post-entry post-entry-type-page post-entry-907'><div class='entry-content-wrapper clearfix'><\/p>\n","protected":false},"excerpt":{"rendered":"","protected":false},"author":1,"featured_media":0,"parent":897,"menu_order":0,"comment_status":"closed","ping_status":"closed","template":"","meta":{"footnotes":""},"class_list":["post-907","page","type-page","status-publish","hentry"],"yoast_head":"<!-- This site is optimized with the Yoast SEO plugin v26.6 - https:\/\/yoast.com\/wordpress\/plugins\/seo\/ -->\n<title>Les sites de plong\u00e9e \u00e0 L\u2019\u00eele de Menjangan \u00e0 Bali Plong\u00e9e, Plong\u00e9e Bali<\/title>\n<meta name=\"description\" content=\"Les sites de plong\u00e9e \u00e0 L\u2019\u00eele de Menjangan \/ Pemuteran \u00e0 Bali Plong\u00e9e. Des plong\u00e9es de renomm\u00e9e mondiale sur la cote Nord-est de Bali.\" \/>\n<meta name=\"robots\" content=\"index, follow, max-snippet:-1, max-image-preview:large, max-video-preview:-1\" \/>\n<link rel=\"canonical\" href=\"https:\/\/ecodivebali.com\/fr\/les-sites-de-plongee\/lile-de-menjangan\/\" \/>\n<meta property=\"og:locale\" content=\"fr_FR\" \/>\n<meta property=\"og:type\" content=\"article\" \/>\n<meta property=\"og:title\" content=\"Les sites de plong\u00e9e \u00e0 L\u2019\u00eele de Menjangan \u00e0 Bali Plong\u00e9e, Plong\u00e9e Bali\" \/>\n<meta property=\"og:description\" content=\"Les sites de plong\u00e9e \u00e0 L\u2019\u00eele de Menjangan \/ Pemuteran \u00e0 Bali Plong\u00e9e. Des plong\u00e9es de renomm\u00e9e mondiale sur la cote Nord-est de Bali.\" \/>\n<meta property=\"og:url\" content=\"https:\/\/ecodivebali.com\/fr\/les-sites-de-plongee\/lile-de-menjangan\/\" \/>\n<meta property=\"og:site_name\" content=\"Ecodive Bali Diving\" \/>\n<meta property=\"article:publisher\" content=\"https:\/\/www.facebook.com\/pages\/Ecodive-Bali\/129036727173201\" \/>\n<meta property=\"article:modified_time\" content=\"2024-09-12T09:47:04+00:00\" \/>\n<meta name=\"twitter:card\" content=\"summary_large_image\" \/>\n<meta name=\"twitter:site\" content=\"@Ecodive_Bali1\" \/>\n<meta name=\"twitter:label1\" content=\"Dur\u00e9e de lecture estim\u00e9e\" \/>\n\t<meta name=\"twitter:data1\" content=\"5 minutes\" \/>\n<script type=\"application\/ld+json\" class=\"yoast-schema-graph\">{\"@context\":\"https:\/\/schema.org\",\"@graph\":[{\"@type\":\"WebPage\",\"@id\":\"https:\/\/ecodivebali.com\/fr\/les-sites-de-plongee\/lile-de-menjangan\/\",\"url\":\"https:\/\/ecodivebali.com\/fr\/les-sites-de-plongee\/lile-de-menjangan\/\",\"name\":\"Les sites de plong\u00e9e \u00e0 L\u2019\u00eele de Menjangan \u00e0 Bali Plong\u00e9e, Plong\u00e9e Bali\",\"isPartOf\":{\"@id\":\"https:\/\/ecodivebali.com\/fr\/#website\"},\"datePublished\":\"2016-09-26T22:29:45+00:00\",\"dateModified\":\"2024-09-12T09:47:04+00:00\",\"description\":\"Les sites de plong\u00e9e \u00e0 L\u2019\u00eele de Menjangan \/ Pemuteran \u00e0 Bali Plong\u00e9e. Des plong\u00e9es de renomm\u00e9e mondiale sur la cote Nord-est de Bali.\",\"breadcrumb\":{\"@id\":\"https:\/\/ecodivebali.com\/fr\/les-sites-de-plongee\/lile-de-menjangan\/#breadcrumb\"},\"inLanguage\":\"fr-FR\",\"potentialAction\":[{\"@type\":\"ReadAction\",\"target\":[\"https:\/\/ecodivebali.com\/fr\/les-sites-de-plongee\/lile-de-menjangan\/\"]}]},{\"@type\":\"BreadcrumbList\",\"@id\":\"https:\/\/ecodivebali.com\/fr\/les-sites-de-plongee\/lile-de-menjangan\/#breadcrumb\",\"itemListElement\":[{\"@type\":\"ListItem\",\"position\":1,\"name\":\"Home\",\"item\":\"https:\/\/ecodivebali.com\/fr\/\"},{\"@type\":\"ListItem\",\"position\":2,\"name\":\"Les sites de plong\u00e9e\",\"item\":\"https:\/\/ecodivebali.com\/fr\/les-sites-de-plongee\/\"},{\"@type\":\"ListItem\",\"position\":3,\"name\":\"L\u2019\u00eele de Menjangan\"}]},{\"@type\":\"WebSite\",\"@id\":\"https:\/\/ecodivebali.com\/fr\/#website\",\"url\":\"https:\/\/ecodivebali.com\/fr\/\",\"name\":\"Ecodive Bali Diving\",\"description\":\"PADI Bali Diving in Amed Tulamben with Ecodive Bali\",\"potentialAction\":[{\"@type\":\"SearchAction\",\"target\":{\"@type\":\"EntryPoint\",\"urlTemplate\":\"https:\/\/ecodivebali.com\/fr\/?s={search_term_string}\"},\"query-input\":{\"@type\":\"PropertyValueSpecification\",\"valueRequired\":true,\"valueName\":\"search_term_string\"}}],\"inLanguage\":\"fr-FR\"}]}<\/script>\n<!-- \/ Yoast SEO plugin. -->","yoast_head_json":{"title":"Les sites de plong\u00e9e \u00e0 L\u2019\u00eele de Menjangan \u00e0 Bali Plong\u00e9e, Plong\u00e9e Bali","description":"Les sites de plong\u00e9e \u00e0 L\u2019\u00eele de Menjangan \/ Pemuteran \u00e0 Bali Plong\u00e9e. Des plong\u00e9es de renomm\u00e9e mondiale sur la cote Nord-est de Bali.","robots":{"index":"index","follow":"follow","max-snippet":"max-snippet:-1","max-image-preview":"max-image-preview:large","max-video-preview":"max-video-preview:-1"},"canonical":"https:\/\/ecodivebali.com\/fr\/les-sites-de-plongee\/lile-de-menjangan\/","og_locale":"fr_FR","og_type":"article","og_title":"Les sites de plong\u00e9e \u00e0 L\u2019\u00eele de Menjangan \u00e0 Bali Plong\u00e9e, Plong\u00e9e Bali","og_description":"Les sites de plong\u00e9e \u00e0 L\u2019\u00eele de Menjangan \/ Pemuteran \u00e0 Bali Plong\u00e9e. Des plong\u00e9es de renomm\u00e9e mondiale sur la cote Nord-est de Bali.","og_url":"https:\/\/ecodivebali.com\/fr\/les-sites-de-plongee\/lile-de-menjangan\/","og_site_name":"Ecodive Bali Diving","article_publisher":"https:\/\/www.facebook.com\/pages\/Ecodive-Bali\/129036727173201","article_modified_time":"2024-09-12T09:47:04+00:00","twitter_card":"summary_large_image","twitter_site":"@Ecodive_Bali1","twitter_misc":{"Dur\u00e9e de lecture estim\u00e9e":"5 minutes"},"schema":{"@context":"https:\/\/schema.org","@graph":[{"@type":"WebPage","@id":"https:\/\/ecodivebali.com\/fr\/les-sites-de-plongee\/lile-de-menjangan\/","url":"https:\/\/ecodivebali.com\/fr\/les-sites-de-plongee\/lile-de-menjangan\/","name":"Les sites de plong\u00e9e \u00e0 L\u2019\u00eele de Menjangan \u00e0 Bali Plong\u00e9e, Plong\u00e9e Bali","isPartOf":{"@id":"https:\/\/ecodivebali.com\/fr\/#website"},"datePublished":"2016-09-26T22:29:45+00:00","dateModified":"2024-09-12T09:47:04+00:00","description":"Les sites de plong\u00e9e \u00e0 L\u2019\u00eele de Menjangan \/ Pemuteran \u00e0 Bali Plong\u00e9e. Des plong\u00e9es de renomm\u00e9e mondiale sur la cote Nord-est de Bali.","breadcrumb":{"@id":"https:\/\/ecodivebali.com\/fr\/les-sites-de-plongee\/lile-de-menjangan\/#breadcrumb"},"inLanguage":"fr-FR","potentialAction":[{"@type":"ReadAction","target":["https:\/\/ecodivebali.com\/fr\/les-sites-de-plongee\/lile-de-menjangan\/"]}]},{"@type":"BreadcrumbList","@id":"https:\/\/ecodivebali.com\/fr\/les-sites-de-plongee\/lile-de-menjangan\/#breadcrumb","itemListElement":[{"@type":"ListItem","position":1,"name":"Home","item":"https:\/\/ecodivebali.com\/fr\/"},{"@type":"ListItem","position":2,"name":"Les sites de plong\u00e9e","item":"https:\/\/ecodivebali.com\/fr\/les-sites-de-plongee\/"},{"@type":"ListItem","position":3,"name":"L\u2019\u00eele de Menjangan"}]},{"@type":"WebSite","@id":"https:\/\/ecodivebali.com\/fr\/#website","url":"https:\/\/ecodivebali.com\/fr\/","name":"Ecodive Bali Diving","description":"PADI Bali Diving in Amed Tulamben with Ecodive Bali","potentialAction":[{"@type":"SearchAction","target":{"@type":"EntryPoint","urlTemplate":"https:\/\/ecodivebali.com\/fr\/?s={search_term_string}"},"query-input":{"@type":"PropertyValueSpecification","valueRequired":true,"valueName":"search_term_string"}}],"inLanguage":"fr-FR"}]}},"_links":{"self":[{"href":"https:\/\/ecodivebali.com\/fr\/wp-json\/wp\/v2\/pages\/907","targetHints":{"allow":["GET"]}}],"collection":[{"href":"https:\/\/ecodivebali.com\/fr\/wp-json\/wp\/v2\/pages"}],"about":[{"href":"https:\/\/ecodivebali.com\/fr\/wp-json\/wp\/v2\/types\/page"}],"author":[{"embeddable":true,"href":"https:\/\/ecodivebali.com\/fr\/wp-json\/wp\/v2\/users\/1"}],"replies":[{"embeddable":true,"href":"https:\/\/ecodivebali.com\/fr\/wp-json\/wp\/v2\/comments?post=907"}],"version-history":[{"count":1,"href":"https:\/\/ecodivebali.com\/fr\/wp-json\/wp\/v2\/pages\/907\/revisions"}],"predecessor-version":[{"id":2221,"href":"https:\/\/ecodivebali.com\/fr\/wp-json\/wp\/v2\/pages\/907\/revisions\/2221"}],"up":[{"embeddable":true,"href":"https:\/\/ecodivebali.com\/fr\/wp-json\/wp\/v2\/pages\/897"}],"wp:attachment":[{"href":"https:\/\/ecodivebali.com\/fr\/wp-json\/wp\/v2\/media?parent=907"}],"curies":[{"name":"wp","href":"https:\/\/api.w.org\/{rel}","templated":true}]}}