{"id":904,"date":"2016-09-26T22:28:24","date_gmt":"2016-09-26T22:28:24","guid":{"rendered":"http:\/\/ecodivebali.com\/fr\/les-sites-de-plongee\/candi-dasa\/"},"modified":"2024-09-12T09:45:27","modified_gmt":"2024-09-12T09:45:27","slug":"candi-dasa","status":"publish","type":"page","link":"https:\/\/ecodivebali.com\/fr\/les-sites-de-plongee\/candi-dasa\/","title":{"rendered":"Candi Dasa"},"content":{"rendered":"\n<style type=\"text\/css\" data-created_by=\"avia_inline_auto\" id=\"style-css-av-2d0gbe-d95548629d2d5651468944b516c7e470\">\n.avia-section.av-2d0gbe-d95548629d2d5651468944b516c7e470 .av-parallax .av-parallax-inner{\nbackground-repeat:no-repeat;\nbackground-image:url(https:\/\/ecodivebali.com\/wp-content\/uploads\/2016\/02\/ecodive-discover.jpg);\nbackground-position:50% 50%;\nbackground-attachment:scroll;\n}\n.avia-section.av-2d0gbe-d95548629d2d5651468944b516c7e470 .av-section-color-overlay{\nopacity:0.1;\nbackground-color:#000000;\n}\n<\/style>\n<div id='av_section_1'  class='avia-section av-2d0gbe-d95548629d2d5651468944b516c7e470 main_color avia-section-huge avia-no-border-styling  avia-builder-el-0  el_before_av_submenu  avia-builder-el-first  avia-full-stretch av-parallax-section avia-bg-style-parallax av-section-color-overlay-active container_wrap sidebar_right'  data-section-bg-repeat='stretch'><div class='av-parallax' data-avia-parallax-ratio='0.3' ><div class='av-parallax-inner main_color avia-full-stretch'><\/div><\/div><div class=\"av-section-color-overlay-wrap\"><div class=\"av-section-color-overlay\"><\/div><div class='container av-section-cont-open' ><main  role=\"main\" itemprop=\"mainContentOfPage\"  class='template-page content  av-content-small alpha units'><div class='post-entry post-entry-type-page post-entry-904'><div class='entry-content-wrapper clearfix'>\n\n<style type=\"text\/css\" data-created_by=\"avia_inline_auto\" id=\"style-css-av-272obu-a8f2b2fe50f39d4b7151e635d869f8b7\">\n#top .av-special-heading.av-272obu-a8f2b2fe50f39d4b7151e635d869f8b7{\npadding-bottom:0;\ncolor:#ffffff;\nfont-size:70px;\n}\nbody .av-special-heading.av-272obu-a8f2b2fe50f39d4b7151e635d869f8b7 .av-special-heading-tag .heading-char{\nfont-size:25px;\n}\n#top #wrap_all .av-special-heading.av-272obu-a8f2b2fe50f39d4b7151e635d869f8b7 .av-special-heading-tag{\nfont-size:70px;\n}\n.av-special-heading.av-272obu-a8f2b2fe50f39d4b7151e635d869f8b7 .special-heading-inner-border{\nborder-color:#ffffff;\n}\n.av-special-heading.av-272obu-a8f2b2fe50f39d4b7151e635d869f8b7 .av-subheading{\nfont-size:15px;\n}\n\n@media only screen and (min-width: 480px) and (max-width: 767px){ \n#top #wrap_all .av-special-heading.av-272obu-a8f2b2fe50f39d4b7151e635d869f8b7 .av-special-heading-tag{\nfont-size:0.8em;\n}\n}\n\n@media only screen and (max-width: 479px){ \n#top #wrap_all .av-special-heading.av-272obu-a8f2b2fe50f39d4b7151e635d869f8b7 .av-special-heading-tag{\nfont-size:0.8em;\n}\n}\n<\/style>\n<div  class='av-special-heading av-272obu-a8f2b2fe50f39d4b7151e635d869f8b7 av-special-heading-h6 custom-color-heading blockquote modern-quote modern-centered  avia-builder-el-1  avia-builder-el-no-sibling  av-inherit-size'><h6 class='av-special-heading-tag '  itemprop=\"headline\"  >Candi Dasa<\/h6><div class='av_custom_color av-subheading av-subheading_below'><p>World Class Diving from Bali&rsquo;s East Coast.<\/p>\n<\/div><div class=\"special-heading-border\"><div class=\"special-heading-inner-border\"><\/div><\/div><\/div>\n\n<\/div><\/div><\/main><!-- close content main element --><\/div><\/div><\/div><div class='clear'><\/div><div id='sub_menu1'  class='av-submenu-container av-23mn1u-aa02caccdc5607b1ffc61ed1b12c88a7 main_color  avia-builder-el-2  el_after_av_section  el_before_av_section  av-sticky-submenu submenu-not-first container_wrap sidebar_right' style='z-index:301' ><div class='container av-menu-mobile-disabled av-submenu-pos-center'><\/div><\/div><div class='sticky_placeholder'><\/div>\n\n<style type=\"text\/css\" data-created_by=\"avia_inline_auto\" id=\"style-css-av-13cnma-839ee4391e86502564f7d1b1d8931f72\">\n.avia-section.av-13cnma-839ee4391e86502564f7d1b1d8931f72{\nbackground-color:#ffffff;\nbackground-image:unset;\n}\n<\/style>\n<div id='av_section_2'  class='avia-section av-13cnma-839ee4391e86502564f7d1b1d8931f72 main_color avia-section-default avia-no-shadow  avia-builder-el-3  el_after_av_submenu  el_before_av_section  avia-bg-style-scroll container_wrap sidebar_right'  ><div class='container av-section-cont-open' ><div class='template-page content  av-content-small alpha units'><div class='post-entry post-entry-type-page post-entry-904'><div class='entry-content-wrapper clearfix'>\n<div class='flex_column_table av-ufrx6-9c206507609ae17c190fdfb895a7d487 sc-av_two_third av-equal-height-column-flextable'>\n<style type=\"text\/css\" data-created_by=\"avia_inline_auto\" id=\"style-css-av-ufrx6-9c206507609ae17c190fdfb895a7d487\">\n.flex_column.av-ufrx6-9c206507609ae17c190fdfb895a7d487{\nborder-radius:0px 0px 0px 0px;\npadding:0px 0px 0px 0px;\n}\n<\/style>\n<div  class='flex_column av-ufrx6-9c206507609ae17c190fdfb895a7d487 av_two_third  avia-builder-el-4  el_before_av_one_third  avia-builder-el-first  first flex_column_table_cell av-equal-height-column av-align-top av-zero-column-padding  '     ><section  class='av_textblock_section av-tkix6-f858a058e3ba8bc05056554a8040b0e1 '   itemscope=\"itemscope\" itemtype=\"https:\/\/schema.org\/CreativeWork\" ><div class='avia_textblock'  itemprop=\"text\" ><p>Some of the most pristine dive sites on the east coast of Bali can be found near the\u00a0coastal village of Candi Dasa. It is home to three small islands: Gili Tepekong, Gili Mimpang and Gili Biaha offering unparalleled diving adventure to experienced divers.\u00a0From walls to caves, canyons and currents, they have it all!<\/p>\n<h2>Candi Dasa Dive Sites<\/h2>\n<p><strong>Gili Tepekong<\/strong><\/p>\n<p>The largest of the three islands featuring a sloping coal reef and swim through at 18 meters opening onto an astonishing wall, a renowned canyon and occasionally strong currents. \u00a0Experience recommended.<\/p>\n<p><strong>Gili Mimpang<\/strong><\/p>\n<p>Circular reef with sections of wall covered in soft and hard corals, absolutely teeming with life. Best place in Bali to see reef sharks! \u00a0Occasionally strong currents. Experience required.<\/p>\n<p><strong>Gili Biaha<\/strong><\/p>\n<p>One of Bali\u2019s best but least dived sites featuring a spectacular cathedral-like cave 10 meters deep, with sharks, surge and a powerful blow-hole within. Swirling fish without! Experience required.<\/p>\n<\/div><\/section><\/div><div class='av-flex-placeholder'><\/div>\n<style type=\"text\/css\" data-created_by=\"avia_inline_auto\" id=\"style-css-av-kwrxe-3c6cf54b6cdc3a788f0bcc857ae7194a\">\n.flex_column.av-kwrxe-3c6cf54b6cdc3a788f0bcc857ae7194a{\nborder-radius:0px 0px 0px 0px;\npadding:0px 0px 0px 0px;\n}\n<\/style>\n<div  class='flex_column av-kwrxe-3c6cf54b6cdc3a788f0bcc857ae7194a av_one_third flex_column_table_cell av-equal-height-column av-align-top av-zero-column-padding  '     ><p><div  class='avia-button-wrap avia-button-center  avia-builder-el-6  el_after_av_textblock  avia-builder-el-last '>\n<style type=\"text\/css\" data-created_by=\"avia_inline_auto\" id=\"style-css-av-av_button_big-47551014cde1704559ddc671b0e727da\">\n#top #wrap_all .avia-button.av-av_button_big-47551014cde1704559ddc671b0e727da:hover{\nbackground-color:silver;\ncolor:white;\ntransition:all 0.4s ease-in-out;\n}\n#top #wrap_all .avia-button.av-av_button_big-47551014cde1704559ddc671b0e727da:hover .avia-svg-icon svg:first-child{\nfill:white;\nstroke:white;\n}\n<\/style>\n<a href='https:\/\/ecodive.mybookr.io\/listings' class='avia-color-theme-color avia-font-color-theme-color avia-button avia-button-fullwidth av-av_button_big-47551014cde1704559ddc671b0e727da avia-icon_select-no avia-color-theme-color'  target=\"_blank\"  rel=\"noopener noreferrer\"  aria-label=\"Dive with Ecodive Bali Today!\"><span class='avia_iconbox_title' >Dive with Ecodive Bali Today!<\/span><\/a><\/div><br \/>\n<div  class='hr av-av_hr-91d7ccd583a503147498e120fee2ff9b hr-default'><span class='hr-inner '><span class=\"hr-inner-style\"><\/span><\/span><\/div><br \/>\n<section  class='av_textblock_section av-dhwoa-124fa03212c29550e16414e8e5973e06 '   itemscope=\"itemscope\" itemtype=\"https:\/\/schema.org\/CreativeWork\" ><div class='avia_textblock'  itemprop=\"text\" ><p><strong>For more information on our accommodation, facilities, dive trips, dive courses and safaris, contact us:<\/strong><\/p>\n<div>Ecodive Bali<\/div>\n<div>Jemeluk Beach<\/div>\n<div>Amed, Abang Karangasem<\/div>\n<div>Bali, INDONESIA, 80852<\/div>\n<div><\/div>\n<div>email: <a href=\"mailto:info@ecodivebali.com\" target=\"_blank\">info@ecodivebali.com<\/a><\/div>\n<div>Tel\/Fax. (62) 363 \u2013 23482<\/div>\n<\/div><\/section><\/p><\/div><\/div><!--close column table wrapper. Autoclose: 1 --><\/div><\/div><\/div><!-- close content main div --><\/div><\/div>\n<style type=\"text\/css\" data-created_by=\"avia_inline_auto\" id=\"style-css-av-9ffiy-f4bc12d3cdab02fefee1a6be4309a3e7\">\n.avia-section.av-9ffiy-f4bc12d3cdab02fefee1a6be4309a3e7 .av-parallax .av-parallax-inner{\nbackground-repeat:no-repeat;\nbackground-image:url(https:\/\/ecodivebali.com\/wp-content\/uploads\/2016\/09\/tulamben.jpg);\nbackground-position:50% 50%;\nbackground-attachment:scroll;\n}\n<\/style>\n<div id='av_section_3'  class='avia-section av-9ffiy-f4bc12d3cdab02fefee1a6be4309a3e7 main_color avia-section-no-padding avia-no-border-styling avia-full-stretch av-parallax-section avia-bg-style-parallax av-minimum-height av-minimum-height-75 av-height-75  container_wrap sidebar_right'  data-section-bg-repeat='stretch' data-av_minimum_height_pc='75' data-av_min_height_opt='75'><div class='av-parallax' data-avia-parallax-ratio='0.3' ><div class='av-parallax-inner main_color avia-full-stretch'><\/div><\/div><div class='container av-section-cont-open' ><div class='template-page content  av-content-small alpha units'><div class='post-entry post-entry-type-page post-entry-904'><div class='entry-content-wrapper clearfix'><\/div><\/div><\/div><!-- close content main div --><\/div><\/div><div id='after_section_3'  class='main_color av_default_container_wrap container_wrap sidebar_right'  ><div class='container av-section-cont-open' ><div class='template-page content  av-content-small alpha units'><div class='post-entry post-entry-type-page post-entry-904'><div class='entry-content-wrapper clearfix'><\/p>\n","protected":false},"excerpt":{"rendered":"","protected":false},"author":1,"featured_media":0,"parent":897,"menu_order":0,"comment_status":"closed","ping_status":"closed","template":"","meta":{"footnotes":""},"class_list":["post-904","page","type-page","status-publish","hentry"],"yoast_head":"<!-- This site is optimized with the Yoast SEO plugin v26.6 - https:\/\/yoast.com\/wordpress\/plugins\/seo\/ -->\n<title>Candi Dasa - Des plong\u00e9es de renomm\u00e9e mondiale sur la c\u00f4te Est de Bali.<\/title>\n<meta name=\"description\" content=\"Candi Dasa - Des plong\u00e9es de renomm\u00e9e mondiale sur la c\u00f4te Est de Bali.\" \/>\n<meta name=\"robots\" content=\"index, follow, max-snippet:-1, max-image-preview:large, max-video-preview:-1\" \/>\n<link rel=\"canonical\" href=\"https:\/\/ecodivebali.com\/fr\/les-sites-de-plongee\/candi-dasa\/\" \/>\n<meta property=\"og:locale\" content=\"fr_FR\" \/>\n<meta property=\"og:type\" content=\"article\" \/>\n<meta property=\"og:title\" content=\"Candi Dasa - Des plong\u00e9es de renomm\u00e9e mondiale sur la c\u00f4te Est de Bali.\" \/>\n<meta property=\"og:description\" content=\"Candi Dasa - Des plong\u00e9es de renomm\u00e9e mondiale sur la c\u00f4te Est de Bali.\" \/>\n<meta property=\"og:url\" content=\"https:\/\/ecodivebali.com\/fr\/les-sites-de-plongee\/candi-dasa\/\" \/>\n<meta property=\"og:site_name\" content=\"Ecodive Bali Diving\" \/>\n<meta property=\"article:publisher\" content=\"https:\/\/www.facebook.com\/pages\/Ecodive-Bali\/129036727173201\" \/>\n<meta property=\"article:modified_time\" content=\"2024-09-12T09:45:27+00:00\" \/>\n<meta name=\"twitter:card\" content=\"summary_large_image\" \/>\n<meta name=\"twitter:site\" content=\"@Ecodive_Bali1\" \/>\n<meta name=\"twitter:label1\" content=\"Dur\u00e9e de lecture estim\u00e9e\" \/>\n\t<meta name=\"twitter:data1\" content=\"5 minutes\" \/>\n<script type=\"application\/ld+json\" class=\"yoast-schema-graph\">{\"@context\":\"https:\/\/schema.org\",\"@graph\":[{\"@type\":\"WebPage\",\"@id\":\"https:\/\/ecodivebali.com\/fr\/les-sites-de-plongee\/candi-dasa\/\",\"url\":\"https:\/\/ecodivebali.com\/fr\/les-sites-de-plongee\/candi-dasa\/\",\"name\":\"Candi Dasa - Des plong\u00e9es de renomm\u00e9e mondiale sur la c\u00f4te Est de Bali.\",\"isPartOf\":{\"@id\":\"https:\/\/ecodivebali.com\/fr\/#website\"},\"datePublished\":\"2016-09-26T22:28:24+00:00\",\"dateModified\":\"2024-09-12T09:45:27+00:00\",\"description\":\"Candi Dasa - Des plong\u00e9es de renomm\u00e9e mondiale sur la c\u00f4te Est de Bali.\",\"breadcrumb\":{\"@id\":\"https:\/\/ecodivebali.com\/fr\/les-sites-de-plongee\/candi-dasa\/#breadcrumb\"},\"inLanguage\":\"fr-FR\",\"potentialAction\":[{\"@type\":\"ReadAction\",\"target\":[\"https:\/\/ecodivebali.com\/fr\/les-sites-de-plongee\/candi-dasa\/\"]}]},{\"@type\":\"BreadcrumbList\",\"@id\":\"https:\/\/ecodivebali.com\/fr\/les-sites-de-plongee\/candi-dasa\/#breadcrumb\",\"itemListElement\":[{\"@type\":\"ListItem\",\"position\":1,\"name\":\"Home\",\"item\":\"https:\/\/ecodivebali.com\/fr\/\"},{\"@type\":\"ListItem\",\"position\":2,\"name\":\"Les sites de plong\u00e9e\",\"item\":\"https:\/\/ecodivebali.com\/fr\/les-sites-de-plongee\/\"},{\"@type\":\"ListItem\",\"position\":3,\"name\":\"Candi Dasa\"}]},{\"@type\":\"WebSite\",\"@id\":\"https:\/\/ecodivebali.com\/fr\/#website\",\"url\":\"https:\/\/ecodivebali.com\/fr\/\",\"name\":\"Ecodive Bali Diving\",\"description\":\"PADI Bali Diving in Amed Tulamben with Ecodive Bali\",\"potentialAction\":[{\"@type\":\"SearchAction\",\"target\":{\"@type\":\"EntryPoint\",\"urlTemplate\":\"https:\/\/ecodivebali.com\/fr\/?s={search_term_string}\"},\"query-input\":{\"@type\":\"PropertyValueSpecification\",\"valueRequired\":true,\"valueName\":\"search_term_string\"}}],\"inLanguage\":\"fr-FR\"}]}<\/script>\n<!-- \/ Yoast SEO plugin. -->","yoast_head_json":{"title":"Candi Dasa - Des plong\u00e9es de renomm\u00e9e mondiale sur la c\u00f4te Est de Bali.","description":"Candi Dasa - Des plong\u00e9es de renomm\u00e9e mondiale sur la c\u00f4te Est de Bali.","robots":{"index":"index","follow":"follow","max-snippet":"max-snippet:-1","max-image-preview":"max-image-preview:large","max-video-preview":"max-video-preview:-1"},"canonical":"https:\/\/ecodivebali.com\/fr\/les-sites-de-plongee\/candi-dasa\/","og_locale":"fr_FR","og_type":"article","og_title":"Candi Dasa - Des plong\u00e9es de renomm\u00e9e mondiale sur la c\u00f4te Est de Bali.","og_description":"Candi Dasa - Des plong\u00e9es de renomm\u00e9e mondiale sur la c\u00f4te Est de Bali.","og_url":"https:\/\/ecodivebali.com\/fr\/les-sites-de-plongee\/candi-dasa\/","og_site_name":"Ecodive Bali Diving","article_publisher":"https:\/\/www.facebook.com\/pages\/Ecodive-Bali\/129036727173201","article_modified_time":"2024-09-12T09:45:27+00:00","twitter_card":"summary_large_image","twitter_site":"@Ecodive_Bali1","twitter_misc":{"Dur\u00e9e de lecture estim\u00e9e":"5 minutes"},"schema":{"@context":"https:\/\/schema.org","@graph":[{"@type":"WebPage","@id":"https:\/\/ecodivebali.com\/fr\/les-sites-de-plongee\/candi-dasa\/","url":"https:\/\/ecodivebali.com\/fr\/les-sites-de-plongee\/candi-dasa\/","name":"Candi Dasa - Des plong\u00e9es de renomm\u00e9e mondiale sur la c\u00f4te Est de Bali.","isPartOf":{"@id":"https:\/\/ecodivebali.com\/fr\/#website"},"datePublished":"2016-09-26T22:28:24+00:00","dateModified":"2024-09-12T09:45:27+00:00","description":"Candi Dasa - Des plong\u00e9es de renomm\u00e9e mondiale sur la c\u00f4te Est de Bali.","breadcrumb":{"@id":"https:\/\/ecodivebali.com\/fr\/les-sites-de-plongee\/candi-dasa\/#breadcrumb"},"inLanguage":"fr-FR","potentialAction":[{"@type":"ReadAction","target":["https:\/\/ecodivebali.com\/fr\/les-sites-de-plongee\/candi-dasa\/"]}]},{"@type":"BreadcrumbList","@id":"https:\/\/ecodivebali.com\/fr\/les-sites-de-plongee\/candi-dasa\/#breadcrumb","itemListElement":[{"@type":"ListItem","position":1,"name":"Home","item":"https:\/\/ecodivebali.com\/fr\/"},{"@type":"ListItem","position":2,"name":"Les sites de plong\u00e9e","item":"https:\/\/ecodivebali.com\/fr\/les-sites-de-plongee\/"},{"@type":"ListItem","position":3,"name":"Candi Dasa"}]},{"@type":"WebSite","@id":"https:\/\/ecodivebali.com\/fr\/#website","url":"https:\/\/ecodivebali.com\/fr\/","name":"Ecodive Bali Diving","description":"PADI Bali Diving in Amed Tulamben with Ecodive Bali","potentialAction":[{"@type":"SearchAction","target":{"@type":"EntryPoint","urlTemplate":"https:\/\/ecodivebali.com\/fr\/?s={search_term_string}"},"query-input":{"@type":"PropertyValueSpecification","valueRequired":true,"valueName":"search_term_string"}}],"inLanguage":"fr-FR"}]}},"_links":{"self":[{"href":"https:\/\/ecodivebali.com\/fr\/wp-json\/wp\/v2\/pages\/904","targetHints":{"allow":["GET"]}}],"collection":[{"href":"https:\/\/ecodivebali.com\/fr\/wp-json\/wp\/v2\/pages"}],"about":[{"href":"https:\/\/ecodivebali.com\/fr\/wp-json\/wp\/v2\/types\/page"}],"author":[{"embeddable":true,"href":"https:\/\/ecodivebali.com\/fr\/wp-json\/wp\/v2\/users\/1"}],"replies":[{"embeddable":true,"href":"https:\/\/ecodivebali.com\/fr\/wp-json\/wp\/v2\/comments?post=904"}],"version-history":[{"count":1,"href":"https:\/\/ecodivebali.com\/fr\/wp-json\/wp\/v2\/pages\/904\/revisions"}],"predecessor-version":[{"id":2217,"href":"https:\/\/ecodivebali.com\/fr\/wp-json\/wp\/v2\/pages\/904\/revisions\/2217"}],"up":[{"embeddable":true,"href":"https:\/\/ecodivebali.com\/fr\/wp-json\/wp\/v2\/pages\/897"}],"wp:attachment":[{"href":"https:\/\/ecodivebali.com\/fr\/wp-json\/wp\/v2\/media?parent=904"}],"curies":[{"name":"wp","href":"https:\/\/api.w.org\/{rel}","templated":true}]}}