{"id":901,"date":"2016-09-26T22:26:52","date_gmt":"2016-09-26T22:26:52","guid":{"rendered":"http:\/\/ecodivebali.com\/fr\/les-sites-de-plongee\/amed\/"},"modified":"2024-09-12T10:01:38","modified_gmt":"2024-09-12T10:01:38","slug":"amed","status":"publish","type":"page","link":"https:\/\/ecodivebali.com\/fr\/les-sites-de-plongee\/amed\/","title":{"rendered":"Amed"},"content":{"rendered":"\n<style type=\"text\/css\" data-created_by=\"avia_inline_auto\" id=\"style-css-av-av_section-dc4edadb9480f0402474e53e9afa520a\">\n.avia-section.av-av_section-dc4edadb9480f0402474e53e9afa520a .av-parallax .av-parallax-inner{\nbackground-repeat:no-repeat;\nbackground-image:url(https:\/\/ecodivebali.com\/wp-content\/uploads\/2016\/09\/Fotolia_71595267_Subscription_Monthly_L-1500x1000.jpg);\nbackground-position:50% 100%;\nbackground-attachment:scroll;\n}\n<\/style>\n<div id='av_section_1'  class='avia-section av-av_section-dc4edadb9480f0402474e53e9afa520a main_color avia-section-huge avia-no-border-styling  avia-builder-el-0  el_before_av_submenu  avia-builder-el-first  avia-full-stretch av-parallax-section avia-bg-style-parallax container_wrap sidebar_right'  data-section-bg-repeat='stretch'><div class='av-parallax' data-avia-parallax-ratio='0.3' ><div class='av-parallax-inner main_color avia-full-stretch'><\/div><\/div><div class='container av-section-cont-open' ><main  role=\"main\" itemprop=\"mainContentOfPage\"  class='template-page content  av-content-small alpha units'><div class='post-entry post-entry-type-page post-entry-901'><div class='entry-content-wrapper clearfix'>\n\n<style type=\"text\/css\" data-created_by=\"avia_inline_auto\" id=\"style-css-av-av_heading-38d6adf4ae0ad11f0b70241790264502\">\n#top .av-special-heading.av-av_heading-38d6adf4ae0ad11f0b70241790264502{\npadding-bottom:0;\ncolor:#ffffff;\nfont-size:70px;\n}\nbody .av-special-heading.av-av_heading-38d6adf4ae0ad11f0b70241790264502 .av-special-heading-tag .heading-char{\nfont-size:25px;\n}\n#top #wrap_all .av-special-heading.av-av_heading-38d6adf4ae0ad11f0b70241790264502 .av-special-heading-tag{\nfont-size:70px;\n}\n.av-special-heading.av-av_heading-38d6adf4ae0ad11f0b70241790264502 .special-heading-inner-border{\nborder-color:#ffffff;\n}\n.av-special-heading.av-av_heading-38d6adf4ae0ad11f0b70241790264502 .av-subheading{\nfont-size:15px;\n}\n\n@media only screen and (min-width: 480px) and (max-width: 767px){ \n#top #wrap_all .av-special-heading.av-av_heading-38d6adf4ae0ad11f0b70241790264502 .av-special-heading-tag{\nfont-size:0.8em;\n}\n}\n\n@media only screen and (max-width: 479px){ \n#top #wrap_all .av-special-heading.av-av_heading-38d6adf4ae0ad11f0b70241790264502 .av-special-heading-tag{\nfont-size:0.8em;\n}\n}\n<\/style>\n<div  class='av-special-heading av-av_heading-38d6adf4ae0ad11f0b70241790264502 av-special-heading-h6 custom-color-heading blockquote modern-quote modern-centered  avia-builder-el-1  avia-builder-el-no-sibling  av-inherit-size'><h6 class='av-special-heading-tag '  itemprop=\"headline\"  >Amed<\/h6><div class='av_custom_color av-subheading av-subheading_below'><p>Plong\u00e9e de classe mondiale sur la c\u00f4te Nord-Est de Bali.<\/p>\n<\/div><div class=\"special-heading-border\"><div class=\"special-heading-inner-border\"><\/div><\/div><\/div>\n\n<\/div><\/div><\/main><!-- close content main element --><\/div><\/div><div class='clear'><\/div><div id='sub_menu1'  class='av-submenu-container av-av_submenu-0ea2f14867d3f22eeb94dd100dd18ed5 main_color  avia-builder-el-2  el_after_av_section  el_before_av_section  av-sticky-submenu submenu-not-first container_wrap sidebar_right' style='z-index:301' ><div class='container av-menu-mobile-disabled av-submenu-pos-center'><\/div><\/div><div class='sticky_placeholder'><\/div>\n\n<style type=\"text\/css\" data-created_by=\"avia_inline_auto\" id=\"style-css-av-av_section-fb37fa88fbca848c7e29aff3fecdfcf1\">\n.avia-section.av-av_section-fb37fa88fbca848c7e29aff3fecdfcf1{\nbackground-color:#ffffff;\nbackground-image:unset;\n}\n<\/style>\n<div id='av_section_2'  class='avia-section av-av_section-fb37fa88fbca848c7e29aff3fecdfcf1 main_color avia-section-default avia-no-shadow  avia-builder-el-3  el_after_av_submenu  el_before_av_section  avia-bg-style-scroll container_wrap sidebar_right'  ><div class='container av-section-cont-open' ><div class='template-page content  av-content-small alpha units'><div class='post-entry post-entry-type-page post-entry-901'><div class='entry-content-wrapper clearfix'>\n<div class='flex_column_table av-av_two_third-201587a3cb27360f0e7f6c88d43151c7 sc-av_two_third av-equal-height-column-flextable'>\n<style type=\"text\/css\" data-created_by=\"avia_inline_auto\" id=\"style-css-av-av_two_third-201587a3cb27360f0e7f6c88d43151c7\">\n.flex_column.av-av_two_third-201587a3cb27360f0e7f6c88d43151c7{\nborder-radius:0px 0px 0px 0px;\npadding:0px 0px 0px 0px;\n}\n<\/style>\n<div  class='flex_column av-av_two_third-201587a3cb27360f0e7f6c88d43151c7 av_two_third  avia-builder-el-4  el_before_av_one_third  avia-builder-el-first  first flex_column_table_cell av-equal-height-column av-align-top av-zero-column-padding  '     ><p><section  class='av_textblock_section av-av_textblock-0366cc7376be6c9e82a3e9cc8987b64f '   itemscope=\"itemscope\" itemtype=\"https:\/\/schema.org\/CreativeWork\" ><div class='avia_textblock'  itemprop=\"text\" ><p>Des plong\u00e9es de renomm\u00e9e mondiale depuis les plages du Nord-est de Bali ! Un tombant c\u00e9l\u00e8bre pour ses \u00e9ponges et son corail mou avec un d\u00e9part de la plage, situ\u00e9e en face de nos locaux. Jouissez d\u2019une plong\u00e9e d\u00e9rivante paisible en admirant des coraux majestueux au milieu de bancs de balistes bleus et de demoiselles, ou contentez vous d\u2019explorer les jardins de coraux avec une cam\u00e9ra ou un appareil photo, un masque et un tuba. Amed offre une pl\u00e9iade d\u2019opportunit\u00e9s pour des plongeurs de tout niveau.<\/p>\n<h2>Les Sites de Plong\u00e9e d\u2019Amed<\/h2>\n<p><strong>Le tombant de Jemeluk<br \/>\n<\/strong><\/p>\n<p>Plong\u00e9e de la plage offrant un fond sablonneux, un plateau corallien peu profond, un tombant allant jusqu\u2019\u00e0 45 m\u00e8tres et un r\u00e9cif artificiel. Notre demeure corallienne. Parfait pour les grands angles et la photo macro.<\/p>\n<p><strong>Les Pyramides<\/strong><\/p>\n<p>Plong\u00e9e d\u2019un bateau, sur un plateau corallien \u00e0 18-20 m\u00e8tres, offrant un r\u00e9cif artificiel compos\u00e9 d\u2019une s\u00e9rie de pyramides creuses mesurant 3 m\u00e8tres de haut. Un paradis pour les poissons et les photographes ! D\u00e9rivante facile.<\/p>\n<p><strong>Bunutan<\/strong><\/p>\n<p>Plong\u00e9e d\u2019un bateau, sur un promontoire allant de 20 \u00e0 40 m\u00e8tres de profondeur, au milieu de bancs de poissons tourbillonnants, de requins de r\u00e9cif, de barracudas, d\u2019anguilles jardini\u00e8res et de raies ! Courant pouvant \u00eatre assez fort, excellente d\u00e9rivante.<\/p>\n<p><strong>L\u2019\u00e9pave Japonaise<\/strong><\/p>\n<p>Plong\u00e9e de la plage sur une petite \u00e9pave sans nom entre 5 et 10 m\u00e8tres de profondeur, suivie d\u2019un tombant allant jusqu\u2019\u00e0 35 m\u00e8tres. Courant mod\u00e9r\u00e9. Opportunit\u00e9s pour la photo grand angle et macro.<\/p>\n<p><strong>Gili Selang<\/strong><\/p>\n<p>Plong\u00e9e d\u2019un bateau sur un petite \u00eele situ\u00e9e \u00e0 la pointe Est de Bali, offrant un r\u00e9cif magnifique couvert de coraux durs et de coraux mous, de poissons de r\u00e9cif et de p\u00e9lagiques. Courant pouvant \u00eatre assez fort. Exp\u00e9rience en plong\u00e9e recommand\u00e9e !<\/p>\n<\/div><\/section><br \/>\n<div  class='avia-button-wrap avia-button-center  avia-builder-el-6  el_after_av_textblock  avia-builder-el-last '>\n<style type=\"text\/css\" data-created_by=\"avia_inline_auto\" id=\"style-css-av-m0z482y0-e9c87fa86e4a24e0ad5ab3e5cc794f99\">\n#top #wrap_all .avia-button.av-m0z482y0-e9c87fa86e4a24e0ad5ab3e5cc794f99:hover{\nbackground-color:silver;\ncolor:white;\ntransition:all 0.4s ease-in-out;\n}\n#top #wrap_all .avia-button.av-m0z482y0-e9c87fa86e4a24e0ad5ab3e5cc794f99:hover .avia-svg-icon svg:first-child{\nfill:white;\nstroke:white;\n}\n<\/style>\n<a href='https:\/\/ecodive.mybookr.io\/listings\/6-amed-dive' class='avia-color-theme-color avia-font-color-theme-color avia-button avia-button-fullwidth av-m0z482y0-e9c87fa86e4a24e0ad5ab3e5cc794f99 avia-icon_select-no avia-color-theme-color'  target=\"_blank\"  rel=\"noopener noreferrer\"  aria-label=\"R\u00e9servez vos plong\u00e9es aujourd\u2019hui !\"><span class='avia_iconbox_title' >R\u00e9servez vos plong\u00e9es aujourd\u2019hui !<\/span><\/a><\/div><\/p><\/div><div class='av-flex-placeholder'><\/div>\n<style type=\"text\/css\" data-created_by=\"avia_inline_auto\" id=\"style-css-av-av_one_third-0aa7055fe62c3622faec82866afbaeb2\">\n.flex_column.av-av_one_third-0aa7055fe62c3622faec82866afbaeb2{\nborder-radius:0px 0px 0px 0px;\npadding:0px 0px 0px 0px;\n}\n<\/style>\n<div  class='flex_column av-av_one_third-0aa7055fe62c3622faec82866afbaeb2 av_one_third  avia-builder-el-7  el_after_av_two_third  avia-builder-el-last  flex_column_table_cell av-equal-height-column av-align-top av-zero-column-padding  '     ><section  class='av_textblock_section av-av_textblock-0366cc7376be6c9e82a3e9cc8987b64f '   itemscope=\"itemscope\" itemtype=\"https:\/\/schema.org\/CreativeWork\" ><div class='avia_textblock'  itemprop=\"text\" ><p><strong>Pour plus d\u2019information sur l\u2019h\u00e9bergement, les installations, les s\u00e9jours plong\u00e9e, les formations et les safaris, contactez nous :<br \/>\n<\/strong><\/p>\n<div>Ecodive Bali<\/div>\n<div>Jemeluk Beach<\/div>\n<div>Amed, Abang Karangasem<\/div>\n<div>Bali, INDONESIA, 80852<\/div>\n<div><\/div>\n<div>email: <a href=\"mailto:info@ecodivebali.com\" target=\"_blank\" rel=\"noopener\">info@ecodivebali.com<\/a><\/div>\n<div>Tel\/Fax. (62) 363 \u2013 23482<\/div>\n<\/div><\/section><\/div><\/div><!--close column table wrapper. Autoclose: 1 --><\/div><\/div><\/div><!-- close content main div --><\/div><\/div>\n<style type=\"text\/css\" data-created_by=\"avia_inline_auto\" id=\"style-css-av-av_section-aaa9ee3a06a56a4d5298be1f101eb271\">\n.avia-section.av-av_section-aaa9ee3a06a56a4d5298be1f101eb271 .av-parallax .av-parallax-inner{\nbackground-repeat:no-repeat;\nbackground-image:url(https:\/\/ecodivebali.com\/wp-content\/uploads\/2016\/02\/amed.jpg);\nbackground-position:50% 100%;\nbackground-attachment:scroll;\n}\n<\/style>\n<div id='av_section_3'  class='avia-section av-av_section-aaa9ee3a06a56a4d5298be1f101eb271 main_color avia-section-no-padding avia-no-border-styling  avia-builder-el-9  el_after_av_section  avia-builder-el-last  avia-full-stretch av-parallax-section avia-bg-style-parallax av-minimum-height av-minimum-height-75 av-height-75  container_wrap sidebar_right'  data-section-bg-repeat='stretch' data-av_minimum_height_pc='75' data-av_min_height_opt='75'><div class='av-parallax' data-avia-parallax-ratio='0.3' ><div class='av-parallax-inner main_color avia-full-stretch'><\/div><\/div><div class='container av-section-cont-open' ><div class='template-page content  av-content-small alpha units'><div class='post-entry post-entry-type-page post-entry-901'><div class='entry-content-wrapper clearfix'><\/div><\/div><\/div><!-- close content main div --><\/div><\/div><div id='after_section_3'  class='main_color av_default_container_wrap container_wrap sidebar_right'  ><div class='container av-section-cont-open' ><div class='template-page content  av-content-small alpha units'><div class='post-entry post-entry-type-page post-entry-901'><div class='entry-content-wrapper clearfix'><\/p>\n","protected":false},"excerpt":{"rendered":"","protected":false},"author":1,"featured_media":0,"parent":897,"menu_order":0,"comment_status":"closed","ping_status":"closed","template":"","meta":{"footnotes":""},"class_list":["post-901","page","type-page","status-publish","hentry"],"yoast_head":"<!-- This site is optimized with the Yoast SEO plugin v26.6 - https:\/\/yoast.com\/wordpress\/plugins\/seo\/ -->\n<title>Plong\u00e9e Bali Amed, Les Sites de Plong\u00e9e d\u2019Amed, Amed Centre de plong\u00e9e<\/title>\n<meta name=\"description\" content=\"Plong\u00e9e \u00e0 Amed Bali - Plong\u00e9e de classe mondiale sur la c\u00f4te Nord-Est de Bali.\" \/>\n<meta name=\"robots\" content=\"index, follow, max-snippet:-1, max-image-preview:large, max-video-preview:-1\" \/>\n<link rel=\"canonical\" href=\"https:\/\/ecodivebali.com\/fr\/les-sites-de-plongee\/amed\/\" \/>\n<meta property=\"og:locale\" content=\"fr_FR\" \/>\n<meta property=\"og:type\" content=\"article\" \/>\n<meta property=\"og:title\" content=\"Plong\u00e9e Bali Amed, Les Sites de Plong\u00e9e d\u2019Amed, Amed Centre de plong\u00e9e\" \/>\n<meta property=\"og:description\" content=\"Plong\u00e9e \u00e0 Amed Bali - Plong\u00e9e de classe mondiale sur la c\u00f4te Nord-Est de Bali.\" \/>\n<meta property=\"og:url\" content=\"https:\/\/ecodivebali.com\/fr\/les-sites-de-plongee\/amed\/\" \/>\n<meta property=\"og:site_name\" content=\"Ecodive Bali Diving\" \/>\n<meta property=\"article:publisher\" content=\"https:\/\/www.facebook.com\/pages\/Ecodive-Bali\/129036727173201\" \/>\n<meta property=\"article:modified_time\" content=\"2024-09-12T10:01:38+00:00\" \/>\n<meta name=\"twitter:card\" content=\"summary_large_image\" \/>\n<meta name=\"twitter:site\" content=\"@Ecodive_Bali1\" \/>\n<meta name=\"twitter:label1\" content=\"Dur\u00e9e de lecture estim\u00e9e\" \/>\n\t<meta name=\"twitter:data1\" content=\"2 minutes\" \/>\n<script type=\"application\/ld+json\" class=\"yoast-schema-graph\">{\"@context\":\"https:\/\/schema.org\",\"@graph\":[{\"@type\":\"WebPage\",\"@id\":\"https:\/\/ecodivebali.com\/fr\/les-sites-de-plongee\/amed\/\",\"url\":\"https:\/\/ecodivebali.com\/fr\/les-sites-de-plongee\/amed\/\",\"name\":\"Plong\u00e9e Bali Amed, Les Sites de Plong\u00e9e d\u2019Amed, Amed Centre de plong\u00e9e\",\"isPartOf\":{\"@id\":\"https:\/\/ecodivebali.com\/fr\/#website\"},\"datePublished\":\"2016-09-26T22:26:52+00:00\",\"dateModified\":\"2024-09-12T10:01:38+00:00\",\"description\":\"Plong\u00e9e \u00e0 Amed Bali - Plong\u00e9e de classe mondiale sur la c\u00f4te Nord-Est de Bali.\",\"breadcrumb\":{\"@id\":\"https:\/\/ecodivebali.com\/fr\/les-sites-de-plongee\/amed\/#breadcrumb\"},\"inLanguage\":\"fr-FR\",\"potentialAction\":[{\"@type\":\"ReadAction\",\"target\":[\"https:\/\/ecodivebali.com\/fr\/les-sites-de-plongee\/amed\/\"]}]},{\"@type\":\"BreadcrumbList\",\"@id\":\"https:\/\/ecodivebali.com\/fr\/les-sites-de-plongee\/amed\/#breadcrumb\",\"itemListElement\":[{\"@type\":\"ListItem\",\"position\":1,\"name\":\"Home\",\"item\":\"https:\/\/ecodivebali.com\/fr\/\"},{\"@type\":\"ListItem\",\"position\":2,\"name\":\"Les sites de plong\u00e9e\",\"item\":\"https:\/\/ecodivebali.com\/fr\/les-sites-de-plongee\/\"},{\"@type\":\"ListItem\",\"position\":3,\"name\":\"Amed\"}]},{\"@type\":\"WebSite\",\"@id\":\"https:\/\/ecodivebali.com\/fr\/#website\",\"url\":\"https:\/\/ecodivebali.com\/fr\/\",\"name\":\"Ecodive Bali Diving\",\"description\":\"PADI Bali Diving in Amed Tulamben with Ecodive Bali\",\"potentialAction\":[{\"@type\":\"SearchAction\",\"target\":{\"@type\":\"EntryPoint\",\"urlTemplate\":\"https:\/\/ecodivebali.com\/fr\/?s={search_term_string}\"},\"query-input\":{\"@type\":\"PropertyValueSpecification\",\"valueRequired\":true,\"valueName\":\"search_term_string\"}}],\"inLanguage\":\"fr-FR\"}]}<\/script>\n<!-- \/ Yoast SEO plugin. -->","yoast_head_json":{"title":"Plong\u00e9e Bali Amed, Les Sites de Plong\u00e9e d\u2019Amed, Amed Centre de plong\u00e9e","description":"Plong\u00e9e \u00e0 Amed Bali - Plong\u00e9e de classe mondiale sur la c\u00f4te Nord-Est de Bali.","robots":{"index":"index","follow":"follow","max-snippet":"max-snippet:-1","max-image-preview":"max-image-preview:large","max-video-preview":"max-video-preview:-1"},"canonical":"https:\/\/ecodivebali.com\/fr\/les-sites-de-plongee\/amed\/","og_locale":"fr_FR","og_type":"article","og_title":"Plong\u00e9e Bali Amed, Les Sites de Plong\u00e9e d\u2019Amed, Amed Centre de plong\u00e9e","og_description":"Plong\u00e9e \u00e0 Amed Bali - Plong\u00e9e de classe mondiale sur la c\u00f4te Nord-Est de Bali.","og_url":"https:\/\/ecodivebali.com\/fr\/les-sites-de-plongee\/amed\/","og_site_name":"Ecodive Bali Diving","article_publisher":"https:\/\/www.facebook.com\/pages\/Ecodive-Bali\/129036727173201","article_modified_time":"2024-09-12T10:01:38+00:00","twitter_card":"summary_large_image","twitter_site":"@Ecodive_Bali1","twitter_misc":{"Dur\u00e9e de lecture estim\u00e9e":"2 minutes"},"schema":{"@context":"https:\/\/schema.org","@graph":[{"@type":"WebPage","@id":"https:\/\/ecodivebali.com\/fr\/les-sites-de-plongee\/amed\/","url":"https:\/\/ecodivebali.com\/fr\/les-sites-de-plongee\/amed\/","name":"Plong\u00e9e Bali Amed, Les Sites de Plong\u00e9e d\u2019Amed, Amed Centre de plong\u00e9e","isPartOf":{"@id":"https:\/\/ecodivebali.com\/fr\/#website"},"datePublished":"2016-09-26T22:26:52+00:00","dateModified":"2024-09-12T10:01:38+00:00","description":"Plong\u00e9e \u00e0 Amed Bali - Plong\u00e9e de classe mondiale sur la c\u00f4te Nord-Est de Bali.","breadcrumb":{"@id":"https:\/\/ecodivebali.com\/fr\/les-sites-de-plongee\/amed\/#breadcrumb"},"inLanguage":"fr-FR","potentialAction":[{"@type":"ReadAction","target":["https:\/\/ecodivebali.com\/fr\/les-sites-de-plongee\/amed\/"]}]},{"@type":"BreadcrumbList","@id":"https:\/\/ecodivebali.com\/fr\/les-sites-de-plongee\/amed\/#breadcrumb","itemListElement":[{"@type":"ListItem","position":1,"name":"Home","item":"https:\/\/ecodivebali.com\/fr\/"},{"@type":"ListItem","position":2,"name":"Les sites de plong\u00e9e","item":"https:\/\/ecodivebali.com\/fr\/les-sites-de-plongee\/"},{"@type":"ListItem","position":3,"name":"Amed"}]},{"@type":"WebSite","@id":"https:\/\/ecodivebali.com\/fr\/#website","url":"https:\/\/ecodivebali.com\/fr\/","name":"Ecodive Bali Diving","description":"PADI Bali Diving in Amed Tulamben with Ecodive Bali","potentialAction":[{"@type":"SearchAction","target":{"@type":"EntryPoint","urlTemplate":"https:\/\/ecodivebali.com\/fr\/?s={search_term_string}"},"query-input":{"@type":"PropertyValueSpecification","valueRequired":true,"valueName":"search_term_string"}}],"inLanguage":"fr-FR"}]}},"_links":{"self":[{"href":"https:\/\/ecodivebali.com\/fr\/wp-json\/wp\/v2\/pages\/901","targetHints":{"allow":["GET"]}}],"collection":[{"href":"https:\/\/ecodivebali.com\/fr\/wp-json\/wp\/v2\/pages"}],"about":[{"href":"https:\/\/ecodivebali.com\/fr\/wp-json\/wp\/v2\/types\/page"}],"author":[{"embeddable":true,"href":"https:\/\/ecodivebali.com\/fr\/wp-json\/wp\/v2\/users\/1"}],"replies":[{"embeddable":true,"href":"https:\/\/ecodivebali.com\/fr\/wp-json\/wp\/v2\/comments?post=901"}],"version-history":[{"count":6,"href":"https:\/\/ecodivebali.com\/fr\/wp-json\/wp\/v2\/pages\/901\/revisions"}],"predecessor-version":[{"id":2293,"href":"https:\/\/ecodivebali.com\/fr\/wp-json\/wp\/v2\/pages\/901\/revisions\/2293"}],"up":[{"embeddable":true,"href":"https:\/\/ecodivebali.com\/fr\/wp-json\/wp\/v2\/pages\/897"}],"wp:attachment":[{"href":"https:\/\/ecodivebali.com\/fr\/wp-json\/wp\/v2\/media?parent=901"}],"curies":[{"name":"wp","href":"https:\/\/api.w.org\/{rel}","templated":true}]}}